{"id":10692,"date":"2022-12-20T16:51:22","date_gmt":"2022-12-20T16:51:22","guid":{"rendered":"https:\/\/solandecabras.es\/aviso-legal\/"},"modified":"2024-02-29T15:26:18","modified_gmt":"2024-02-29T15:26:18","slug":"aviso-legal","status":"publish","type":"page","link":"https:\/\/solandecabras.es\/en\/legal-notice\/","title":{"rendered":"Legal Notice"},"content":{"rendered":"\n<section style=\"\" id=\"hero-home-block_4ded580bb396e6746a3a3ae739ef23a8\"  class=\"mod mod--hero\nmod--hero-post  mod--no-picture         positive\">\n        \n  <div class=\"text-wrap\">\n    <div class=\"slide-wrap\" data-autosize=\"height-max-child\">\n                    <div class=\"slide current\">\n\n\n                        \n        \n      <h1 class=\"title\">\n      Legal Notice    <\/h1>\n  \n\n\n\n\n\n    <\/div>\n            <\/div>\n\n      <\/div>\n<\/section>\n\n\n<section style=\"\" id=\"wysiwyg-block_953f828b855d689e99d5663aed048feb\" class=\"mod mod--wysiwyg    \">\n\n  <div class=\"text-editor\">\n                  <div class=\"text-editor-container \">This application is supplied by\r\n<br>\r\nAGUAS DE SOL\u00c1N DE CABRAS S.A.\r\n<br>\r\n(hereinafter Sol\u00e1n de Cabras), CIF A-23205289, registered office at Paraje de Sol\u00e1n de Cabras s\/n, Beteta (Cuenca), Spain.\r\n<br><br>This application\u2019s content includes advertising messages. If you have any questions, please write to us at \r\n<a title=\"AOpen in a new window\" href=\"https:\/\/www.comunidadmsm.es\/SAC\/solan_de_cabras\" target=\"_blank\" rel=\"noopener\">https:\/\/www.comunidadmsm.es\/SAC\/solan_de_cabras<span class=\"visually-hidden\">. Open in a new window<\/span><\/a>\r\n<br><br>\r\nAccessing and using this application is free of charge and implies acceptance by the user of the Legal Terms and Conditions established by Sol\u00e1n de Cabras.<\/div>            <\/div>\n\n\n\n                  \n<\/section>\n\n\t\t\t\t\t\n<section id=\"slider-block_7df8f6759ccb22c7f671d9c9ea410d9c\" class=\"mod mod--slider  mod--boxed mod--slider-over mod--full-width  \">\n\n  \n            \n          \n          \n          \n          \n      \n  <div class=\"container container--wide\">\n    <div class=\"slider-header\">\n      <h2 class=\"title\"><em><strong>Sol\u00e1n<\/strong><\/em> <br>\r\n\r\nWorld<\/h2>      <ul class=\"pagination pagination--white \">\n        <li><span class=\"prev\"><i class=\"ri-arrow-left-s-line\"><\/i><\/span><\/li>\n        <li><span class=\"next\"><i class=\"ri-arrow-right-s-line\"><\/i><\/span><\/li>\n      <\/ul>\n    <\/div>\n\n\n\n    <div class=\"slider-body\">\n              <div class=\"splide\">\n          <div class=\"splide__track\">\n            <div class=\"splide__list\">\n                              <div class=\"splide__slide\">\n                                                                                            <img decoding=\"async\" src=\"https:\/\/solandecabras.es\/wp-content\/uploads\/2023\/07\/agua-mineral-natural.webp\" alt=\"\" \/>\n                                    <div class=\"text-wrap\">\n                    <h3 class=\"title\">Natural Mineral Water<\/h3>                        <a referrerpolicy=\"origin\"\n      class=\"btn btn--cta\"\n      href=\"\/en\/products\/natural-mineral-water\/\"\n      target=\"\">\n      <span>Natural Mineral Water<\/span>\n    <\/a>\n                  <\/div>\n                <\/div>\n                              <div class=\"splide__slide\">\n                                                                                            <img decoding=\"async\" src=\"https:\/\/solandecabras.es\/wp-content\/uploads\/2023\/07\/slider-footer-productos.webp\" alt=\"\" \/>\n                                    <div class=\"text-wrap\">\n                    <h3 class=\"title\">Products<\/h3>                        <a referrerpolicy=\"origin\"\n      class=\"btn btn--cta\"\n      href=\"\/en\/products\"\n      target=\"\">\n      <span>See the entire range<\/span>\n    <\/a>\n                  <\/div>\n                <\/div>\n                              <div class=\"splide__slide\">\n                                                                                            <img decoding=\"async\" src=\"https:\/\/solandecabras.es\/wp-content\/uploads\/2023\/07\/slider-footer-sostenibilidad.webp\" alt=\"\" \/>\n                                    <div class=\"text-wrap\">\n                    <h3 class=\"title\">Sustainability<\/h3>                        <a referrerpolicy=\"origin\"\n      class=\"btn btn--cta\"\n      href=\"\/en\/sustainability\"\n      target=\"\">\n      <span>Committed<\/span>\n    <\/a>\n                  <\/div>\n                <\/div>\n                              <div class=\"splide__slide\">\n                                                                                            <img decoding=\"async\" src=\"https:\/\/solandecabras.es\/wp-content\/uploads\/2023\/07\/slider-footer-mundo-solan.webp\" alt=\"\" \/>\n                                    <div class=\"text-wrap\">\n                    <h3 class=\"title\">Sol\u00e1n World<\/h3>                        <a referrerpolicy=\"origin\"\n      class=\"btn btn--cta\"\n      href=\"\/en\/solan-world\"\n      target=\"\">\n      <span>See news<\/span>\n    <\/a>\n                  <\/div>\n                <\/div>\n                              <div class=\"splide__slide\">\n                                                                                            <img decoding=\"async\" src=\"https:\/\/solandecabras.es\/wp-content\/uploads\/2023\/07\/slider-footer-compania.webp\" alt=\"\" \/>\n                                    <div class=\"text-wrap\">\n                    <h3 class=\"title\">Company<\/h3>                        <a referrerpolicy=\"origin\"\n      class=\"btn btn--cta\"\n      href=\"\/en\/company\"\n      target=\"\">\n      <span>About us<\/span>\n    <\/a>\n                  <\/div>\n                <\/div>\n                          <\/div>\n          <\/div>\n        <\/div>\n          <\/div>\n  <\/div>\n<\/section>\t\t","protected":false},"excerpt":{"rendered":"","protected":false},"author":2,"featured_media":0,"parent":0,"menu_order":0,"comment_status":"closed","ping_status":"closed","template":"","meta":{"inline_featured_image":false,"footnotes":""},"class_list":["post-10692","page","type-page","status-publish","hentry"],"acf":[],"yoast_head":"<!-- This site is optimized with the Yoast SEO plugin v26.2 - https:\/\/yoast.com\/wordpress\/plugins\/seo\/ -->\n<title>Aviso Legal<\/title>\n<meta name=\"description\" content=\"Esta aplicaci\u00f3n es proporcionada por AGUAS DE SOL\u00c1N DE CABRAS SA (en adelante Sol\u00e1n de Cabras) con CIF A-23205289 y domicilio social en Beteta (Cuenca) Paraje de Sol\u00e1n de Cabras s\/n. El contenido de esta aplicaci\u00f3n incluye mensajes publicitarios. Si tienes cualquier duda, por favor escr\u00edbenos a\" \/>\n<meta name=\"robots\" content=\"index, follow, max-snippet:-1, max-image-preview:large, max-video-preview:-1\" \/>\n<link rel=\"canonical\" href=\"https:\/\/solandecabras.es\/en\/legal-notice\/\" \/>\n<meta property=\"og:locale\" content=\"en_US\" \/>\n<meta property=\"og:type\" content=\"article\" \/>\n<meta property=\"og:title\" content=\"Aviso Legal\" \/>\n<meta property=\"og:description\" content=\"Esta aplicaci\u00f3n es proporcionada por AGUAS DE SOL\u00c1N DE CABRAS SA (en adelante Sol\u00e1n de Cabras) con CIF A-23205289 y domicilio social en Beteta (Cuenca) Paraje de Sol\u00e1n de Cabras s\/n. El contenido de esta aplicaci\u00f3n incluye mensajes publicitarios. Si tienes cualquier duda, por favor escr\u00edbenos a\" \/>\n<meta property=\"og:url\" content=\"https:\/\/solandecabras.es\/en\/legal-notice\/\" \/>\n<meta property=\"og:site_name\" content=\"Solan de Cabras\" \/>\n<meta property=\"article:publisher\" content=\"https:\/\/www.facebook.com\/solandecabras\" \/>\n<meta property=\"article:modified_time\" content=\"2024-02-29T15:26:18+00:00\" \/>\n<meta name=\"twitter:card\" content=\"summary_large_image\" \/>\n<meta name=\"twitter:site\" content=\"@Solan_de_Cabras\" \/>\n<script type=\"application\/ld+json\" class=\"yoast-schema-graph\">{\"@context\":\"https:\/\/schema.org\",\"@graph\":[{\"@type\":\"WebPage\",\"@id\":\"https:\/\/solandecabras.es\/en\/legal-notice\/\",\"url\":\"https:\/\/solandecabras.es\/en\/legal-notice\/\",\"name\":\"Aviso Legal\",\"isPartOf\":{\"@id\":\"https:\/\/solandecabras.es\/en\/#website\"},\"datePublished\":\"2022-12-20T16:51:22+00:00\",\"dateModified\":\"2024-02-29T15:26:18+00:00\",\"description\":\"Esta aplicaci\u00f3n es proporcionada por AGUAS DE SOL\u00c1N DE CABRAS SA (en adelante Sol\u00e1n de Cabras) con CIF A-23205289 y domicilio social en Beteta (Cuenca) Paraje de Sol\u00e1n de Cabras s\/n. El contenido de esta aplicaci\u00f3n incluye mensajes publicitarios. Si tienes cualquier duda, por favor escr\u00edbenos a\",\"inLanguage\":\"en-US\",\"potentialAction\":[{\"@type\":\"ReadAction\",\"target\":[\"https:\/\/solandecabras.es\/en\/legal-notice\/\"]}]},{\"@type\":\"WebSite\",\"@id\":\"https:\/\/solandecabras.es\/en\/#website\",\"url\":\"https:\/\/solandecabras.es\/en\/\",\"name\":\"Solan de Cabras\",\"description\":\"Agua mineral Natural\",\"publisher\":{\"@id\":\"https:\/\/solandecabras.es\/en\/#organization\"},\"potentialAction\":[{\"@type\":\"SearchAction\",\"target\":{\"@type\":\"EntryPoint\",\"urlTemplate\":\"https:\/\/solandecabras.es\/en\/?s={search_term_string}\"},\"query-input\":{\"@type\":\"PropertyValueSpecification\",\"valueRequired\":true,\"valueName\":\"search_term_string\"}}],\"inLanguage\":\"en-US\"},{\"@type\":\"Organization\",\"@id\":\"https:\/\/solandecabras.es\/en\/#organization\",\"name\":\"Solan de Cabras\",\"url\":\"https:\/\/solandecabras.es\/en\/\",\"logo\":{\"@type\":\"ImageObject\",\"inLanguage\":\"en-US\",\"@id\":\"https:\/\/solandecabras.es\/en\/#\/schema\/logo\/image\/\",\"url\":\"https:\/\/solandecabras.es\/wp-content\/uploads\/2025\/07\/logoactual.svg\",\"contentUrl\":\"https:\/\/solandecabras.es\/wp-content\/uploads\/2025\/07\/logoactual.svg\",\"width\":\"1024\",\"height\":\"1024\",\"caption\":\"Solan de Cabras\"},\"image\":{\"@id\":\"https:\/\/solandecabras.es\/en\/#\/schema\/logo\/image\/\"},\"sameAs\":[\"https:\/\/www.facebook.com\/solandecabras\",\"https:\/\/x.com\/Solan_de_Cabras\",\"https:\/\/www.youtube.com\/user\/Solanenfoco\",\"https:\/\/www.instagram.com\/solandecabras\"]}]}<\/script>\n<!-- \/ Yoast SEO plugin. -->","yoast_head_json":{"title":"Aviso Legal","description":"Esta aplicaci\u00f3n es proporcionada por AGUAS DE SOL\u00c1N DE CABRAS SA (en adelante Sol\u00e1n de Cabras) con CIF A-23205289 y domicilio social en Beteta (Cuenca) Paraje de Sol\u00e1n de Cabras s\/n. El contenido de esta aplicaci\u00f3n incluye mensajes publicitarios. Si tienes cualquier duda, por favor escr\u00edbenos a","robots":{"index":"index","follow":"follow","max-snippet":"max-snippet:-1","max-image-preview":"max-image-preview:large","max-video-preview":"max-video-preview:-1"},"canonical":"https:\/\/solandecabras.es\/en\/legal-notice\/","og_locale":"en_US","og_type":"article","og_title":"Aviso Legal","og_description":"Esta aplicaci\u00f3n es proporcionada por AGUAS DE SOL\u00c1N DE CABRAS SA (en adelante Sol\u00e1n de Cabras) con CIF A-23205289 y domicilio social en Beteta (Cuenca) Paraje de Sol\u00e1n de Cabras s\/n. El contenido de esta aplicaci\u00f3n incluye mensajes publicitarios. Si tienes cualquier duda, por favor escr\u00edbenos a","og_url":"https:\/\/solandecabras.es\/en\/legal-notice\/","og_site_name":"Solan de Cabras","article_publisher":"https:\/\/www.facebook.com\/solandecabras","article_modified_time":"2024-02-29T15:26:18+00:00","twitter_card":"summary_large_image","twitter_site":"@Solan_de_Cabras","schema":{"@context":"https:\/\/schema.org","@graph":[{"@type":"WebPage","@id":"https:\/\/solandecabras.es\/en\/legal-notice\/","url":"https:\/\/solandecabras.es\/en\/legal-notice\/","name":"Aviso Legal","isPartOf":{"@id":"https:\/\/solandecabras.es\/en\/#website"},"datePublished":"2022-12-20T16:51:22+00:00","dateModified":"2024-02-29T15:26:18+00:00","description":"Esta aplicaci\u00f3n es proporcionada por AGUAS DE SOL\u00c1N DE CABRAS SA (en adelante Sol\u00e1n de Cabras) con CIF A-23205289 y domicilio social en Beteta (Cuenca) Paraje de Sol\u00e1n de Cabras s\/n. El contenido de esta aplicaci\u00f3n incluye mensajes publicitarios. Si tienes cualquier duda, por favor escr\u00edbenos a","inLanguage":"en-US","potentialAction":[{"@type":"ReadAction","target":["https:\/\/solandecabras.es\/en\/legal-notice\/"]}]},{"@type":"WebSite","@id":"https:\/\/solandecabras.es\/en\/#website","url":"https:\/\/solandecabras.es\/en\/","name":"Solan de Cabras","description":"Agua mineral Natural","publisher":{"@id":"https:\/\/solandecabras.es\/en\/#organization"},"potentialAction":[{"@type":"SearchAction","target":{"@type":"EntryPoint","urlTemplate":"https:\/\/solandecabras.es\/en\/?s={search_term_string}"},"query-input":{"@type":"PropertyValueSpecification","valueRequired":true,"valueName":"search_term_string"}}],"inLanguage":"en-US"},{"@type":"Organization","@id":"https:\/\/solandecabras.es\/en\/#organization","name":"Solan de Cabras","url":"https:\/\/solandecabras.es\/en\/","logo":{"@type":"ImageObject","inLanguage":"en-US","@id":"https:\/\/solandecabras.es\/en\/#\/schema\/logo\/image\/","url":"https:\/\/solandecabras.es\/wp-content\/uploads\/2025\/07\/logoactual.svg","contentUrl":"https:\/\/solandecabras.es\/wp-content\/uploads\/2025\/07\/logoactual.svg","width":"1024","height":"1024","caption":"Solan de Cabras"},"image":{"@id":"https:\/\/solandecabras.es\/en\/#\/schema\/logo\/image\/"},"sameAs":["https:\/\/www.facebook.com\/solandecabras","https:\/\/x.com\/Solan_de_Cabras","https:\/\/www.youtube.com\/user\/Solanenfoco","https:\/\/www.instagram.com\/solandecabras"]}]}},"_links":{"self":[{"href":"https:\/\/solandecabras.es\/en\/wp-json\/wp\/v2\/pages\/10692","targetHints":{"allow":["GET"]}}],"collection":[{"href":"https:\/\/solandecabras.es\/en\/wp-json\/wp\/v2\/pages"}],"about":[{"href":"https:\/\/solandecabras.es\/en\/wp-json\/wp\/v2\/types\/page"}],"author":[{"embeddable":true,"href":"https:\/\/solandecabras.es\/en\/wp-json\/wp\/v2\/users\/2"}],"replies":[{"embeddable":true,"href":"https:\/\/solandecabras.es\/en\/wp-json\/wp\/v2\/comments?post=10692"}],"version-history":[{"count":3,"href":"https:\/\/solandecabras.es\/en\/wp-json\/wp\/v2\/pages\/10692\/revisions"}],"predecessor-version":[{"id":10787,"href":"https:\/\/solandecabras.es\/en\/wp-json\/wp\/v2\/pages\/10692\/revisions\/10787"}],"wp:attachment":[{"href":"https:\/\/solandecabras.es\/en\/wp-json\/wp\/v2\/media?parent=10692"}],"curies":[{"name":"wp","href":"https:\/\/api.w.org\/{rel}","templated":true}]}}