{"id":10707,"date":"2022-12-08T10:24:13","date_gmt":"2022-12-08T10:24:13","guid":{"rendered":"https:\/\/solandecabras.es\/compania\/historia\/"},"modified":"2024-02-29T15:08:56","modified_gmt":"2024-02-29T15:08:56","slug":"historia","status":"publish","type":"page","link":"https:\/\/solandecabras.es\/en\/company\/history\/","title":{"rendered":"History"},"content":{"rendered":"\n<section style=\"\" id=\"hero-home-block_6ce4fea5c06df38314bad06b9a2ec71d\"  class=\"mod mod--hero\nmod--hero-section  mod--single   mod--fake-full-width  mod--veil mod--margin-desktop-none  bottom-content  negative\">\n      <div class=\"img-wrap\">\n                          <img decoding=\"async\"\n          class=\"current\"          src=\"https:\/\/solandecabras.es\/wp-content\/uploads\/2023\/08\/historia-hero.webp\"\n          alt=\"\"\n        \/>\n            <\/div>\n  \n  <div class=\"text-wrap\">\n    <div class=\"slide-wrap\" data-autosize=\"height-max-child\">\n                                                                    <div class=\"slide current\">\n\n                  <p class=\"pretitle\">History<\/p>\n                \n      <h1 class=\"title\">\n      23 CENTURIES AND 10 <em><strong>BOTTLES<\/strong><\/em>    <\/h1>\n  \n\n\n    <a referrerpolicy=\"origin\"\n      class=\"btn btn--cta btn--negative\"\n      href=\"\/#video-historia\"\n      target=\"\">\n      <span>Discover it<\/span>\n    <\/a>\n\n    <\/div>\n            <\/div>\n\n      <\/div>\n<\/section>\n\n\n<section id=\"image-text-block_59199348b04f837b45cd72ce0a22bc01\" class=\"mod mod--image-over-text mod--horizontal\n         mod--invert mod--boxed mod--full-width  mod--effect-none mod--margin-desktop-none mod--margin-tablet-none mod--margin-smartphone-none \">\n\n  \n  <div class=\"mod-content\">\n          <div class=\"images-wrap\">\n                            <div data-parallax=\"0,50\">\n\n                                                                  <img decoding=\"async\" src=\"https:\/\/solandecabras.es\/wp-content\/uploads\/2023\/08\/historia-botella-1.webp\" alt=\"\" \/>\n                                    <\/div>\n                            <div data-parallax=\"0,-50\">\n\n                                                                  <img decoding=\"async\" src=\"https:\/\/solandecabras.es\/wp-content\/uploads\/2023\/08\/historia-botella-2.webp\" alt=\"\" \/>\n                                    <\/div>\n                            <div data-parallax=\"0,50\">\n\n                                                                  <img decoding=\"async\" src=\"https:\/\/solandecabras.es\/wp-content\/uploads\/2023\/08\/historia-botella-3.webp\" alt=\"\" \/>\n                                    <\/div>\n              <\/div>\n    \n          <div class=\"title\">2,300 YEARS OF HISTORY<\/div>\n              <div class=\"title\">IN THREE MINUTES<\/div>\n    \n      <\/div>\n\n<\/section>\n\n\n\n<section style=\"                                                \" id=\"youtube-video-block_65ad8a96ab3f9bbdc89a4dbe86036257\" class=\"mod text-editor mod--margin-desktop-none mod--margin-tablet-none mod--margin-smartphone-none  mod--full-width \">\n  <div class=\"video-embed\" data-youtube-id=\"O1xIb4h7xEU\">\n              <img decoding=\"async\" src=\"https:\/\/solandecabras.es\/wp-content\/uploads\/2023\/08\/historia-video.webp\" alt=\"\" \/>\n        <div class=\"iframe-placeholder\"><\/div>\n  <\/div>\n<\/section>\n\n\n<section id=\"image-text-block_b10ace5842e0dac5f1284301cffc0f5d\"   class=\"mod mod--image-text\n           mod--boxed mod--single-image mod--image-overflow-hidden    mod--full-width   mod--margin-desktop-none mod--margin-tablet-none mod--margin-smartphone-none  \">\n  \n      <div class=\"image-wrap contain\">\n                      <img decoding=\"async\" src=\"https:\/\/solandecabras.es\/wp-content\/uploads\/2023\/08\/historia-hoy-botella.webp\"  alt=\"\" \/>\n      \n          <\/div>\n    <div class=\"text-wrap\">\n    <p class=\"pretitle\">2023<\/p><h2 class=\"title\">UP TO\r\n<strong><em>TODAY<\/em><\/strong><\/h2><p>With over twenty-three centuries of history behind it, Sol\u00e1n de Cabras has become a benchmark against which other mineral waters are judged, a symbol of quality, purity, and design.<\/p>    <a referrerpolicy=\"origin\"\n      class=\"btn btn--cta\"\n      href=\"\/productos\"\n      target=\"\">\n      <span>Discover them all<\/span>\n    <\/a>\n  <\/div>\n\n  <\/section>\n\n\n\n<section id=\"image-text-block_b41338eea525ecc0c6bd6de6802ff445\"   class=\"mod mod--image-text\n         mod--text-center  mod--boxed mod--boxed-image      mod--full-width mod--full-height  mod--margin-desktop-none mod--margin-tablet-none mod--margin-smartphone-none  mod--veil\">\n      <img decoding=\"async\" src=\"https:\/\/solandecabras.es\/wp-content\/uploads\/2023\/08\/historia-autentico-icono.webp\" alt=\"\" \/>\n  \n    <div class=\"text-wrap\">\n    <h2 class=\"title\">AN AUTHENTIC ICON<\/h2><p>In 2006, Sol\u00e1n de Cabras launches what would later become the brand\u00b4s icon:\r\n<br>\r\nthe blue glass bottle for bars and restaurants.<\/p>  <\/div>\n\n  <\/section>\n\n\n\t\t\t\t\t\n<section id=\"slider-block_536db55fc871acd956a9e941e1eb13b0\" class=\"mod mod--slider  mod--boxed  mod--full-width  mod--margin-desktop-none mod--margin-tablet-none mod--margin-smartphone-none \">\n\n  \n            \n          \n          \n      \n  <div class=\"container container--wide\">\n    <div class=\"slider-header\">\n      <h2 class=\"title\">YOU MIGHT\r\n<strong><em>BE INTERESTED IN<\/em><\/strong><\/h2>      <ul class=\"pagination pagination--white hide_pagintaion_desktop\">\n        <li><span class=\"prev\"><i class=\"ri-arrow-left-s-line\"><\/i><\/span><\/li>\n        <li><span class=\"next\"><i class=\"ri-arrow-right-s-line\"><\/i><\/span><\/li>\n      <\/ul>\n    <\/div>\n\n\n\n    <div class=\"slider-body\">\n              <div class=\"splide\">\n          <div class=\"splide__track\">\n            <div class=\"splide__list\">\n                              <div class=\"splide__slide\">\n                                                                                            <img decoding=\"async\" src=\"https:\/\/solandecabras.es\/wp-content\/uploads\/2023\/08\/slider-footer-premios.webp\" alt=\"\" \/>\n                                    <div class=\"text-wrap\">\n                    <h3 class=\"title\">Awards<\/h3>                        <a referrerpolicy=\"origin\"\n      class=\"btn btn--cta\"\n      href=\"\/company\/awards\"\n      target=\"\">\n      <span> See awards<\/span>\n    <\/a>\n                  <\/div>\n                <\/div>\n                              <div class=\"splide__slide\">\n                                                                                            <img decoding=\"async\" src=\"https:\/\/solandecabras.es\/wp-content\/uploads\/2023\/08\/slider-footer-solan-en-el-mundo.webp\" alt=\"\" \/>\n                                    <div class=\"text-wrap\">\n                    <h3 class=\"title\">Sol\u00e1n around the world<\/h3>                        <a referrerpolicy=\"origin\"\n      class=\"btn btn--cta\"\n      href=\"\/company\/solan-around-the-world\"\n      target=\"\">\n      <span>Find us<\/span>\n    <\/a>\n                  <\/div>\n                <\/div>\n                              <div class=\"splide__slide\">\n                                                                                            <img decoding=\"async\" src=\"https:\/\/solandecabras.es\/wp-content\/uploads\/2023\/08\/slider-footer-unete-a-nuestro-equipo.webp\" alt=\"\" \/>\n                                    <div class=\"text-wrap\">\n                    <h3 class=\"title\">Our team<\/h3>                        <a referrerpolicy=\"origin\"\n      class=\"btn btn--cta\"\n      href=\"https:\/\/www.mahou-sanmiguel.com\/es-es\/trabajar-mahou-sanmiguel#unete\"\n      target=\"_blank\">\n      <span>Join Us<\/span>\n    <\/a>\n                  <\/div>\n                <\/div>\n                          <\/div>\n          <\/div>\n        <\/div>\n          <\/div>\n  <\/div>\n<\/section>\t\t","protected":false},"excerpt":{"rendered":"","protected":false},"author":1,"featured_media":0,"parent":10703,"menu_order":0,"comment_status":"closed","ping_status":"closed","template":"","meta":{"inline_featured_image":false,"footnotes":""},"class_list":["post-10707","page","type-page","status-publish","hentry"],"acf":[],"yoast_head":"<!-- This site is optimized with the Yoast SEO plugin v26.2 - https:\/\/yoast.com\/wordpress\/plugins\/seo\/ -->\n<title>Historia del Agua Sol\u00e1n de Cabras - Solan de Cabras<\/title>\n<meta name=\"description\" content=\"Sigue pasos a paso la historia del agua Sol\u00e1n de Cabras y descubre la evoluci\u00f3n desde el siglo IV hasta nuestros d\u00edas.\" \/>\n<meta name=\"robots\" content=\"index, follow, max-snippet:-1, max-image-preview:large, max-video-preview:-1\" \/>\n<link rel=\"canonical\" href=\"https:\/\/solandecabras.es\/en\/company\/history\/\" \/>\n<meta property=\"og:locale\" content=\"en_US\" \/>\n<meta property=\"og:type\" content=\"article\" \/>\n<meta property=\"og:title\" content=\"Historia del Agua Sol\u00e1n de Cabras - Solan de Cabras\" \/>\n<meta property=\"og:description\" content=\"Sigue pasos a paso la historia del agua Sol\u00e1n de Cabras y descubre la evoluci\u00f3n desde el siglo IV hasta nuestros d\u00edas.\" \/>\n<meta property=\"og:url\" content=\"https:\/\/solandecabras.es\/en\/company\/history\/\" \/>\n<meta property=\"og:site_name\" content=\"Solan de Cabras\" \/>\n<meta property=\"article:publisher\" content=\"https:\/\/www.facebook.com\/solandecabras\" \/>\n<meta property=\"article:modified_time\" content=\"2024-02-29T15:08:56+00:00\" \/>\n<meta name=\"twitter:card\" content=\"summary_large_image\" \/>\n<meta name=\"twitter:site\" content=\"@Solan_de_Cabras\" \/>\n<script type=\"application\/ld+json\" class=\"yoast-schema-graph\">{\"@context\":\"https:\/\/schema.org\",\"@graph\":[{\"@type\":\"WebPage\",\"@id\":\"https:\/\/solandecabras.es\/en\/company\/history\/\",\"url\":\"https:\/\/solandecabras.es\/en\/company\/history\/\",\"name\":\"Historia del Agua Sol\u00e1n de Cabras - Solan de Cabras\",\"isPartOf\":{\"@id\":\"https:\/\/solandecabras.es\/en\/#website\"},\"datePublished\":\"2022-12-08T10:24:13+00:00\",\"dateModified\":\"2024-02-29T15:08:56+00:00\",\"description\":\"Sigue pasos a paso la historia del agua Sol\u00e1n de Cabras y descubre la evoluci\u00f3n desde el siglo IV hasta nuestros d\u00edas.\",\"breadcrumb\":{\"@id\":\"https:\/\/solandecabras.es\/en\/company\/history\/#breadcrumb\"},\"inLanguage\":\"en-US\",\"potentialAction\":[{\"@type\":\"ReadAction\",\"target\":[\"https:\/\/solandecabras.es\/en\/company\/history\/\"]}]},{\"@type\":\"BreadcrumbList\",\"@id\":\"https:\/\/solandecabras.es\/en\/company\/history\/#breadcrumb\",\"itemListElement\":[{\"@type\":\"ListItem\",\"position\":1,\"name\":\"Company\",\"item\":\"https:\/\/solandecabras.es\/en\/company\/\"},{\"@type\":\"ListItem\",\"position\":2,\"name\":\"History\"}]},{\"@type\":\"WebSite\",\"@id\":\"https:\/\/solandecabras.es\/en\/#website\",\"url\":\"https:\/\/solandecabras.es\/en\/\",\"name\":\"Solan de Cabras\",\"description\":\"Agua mineral Natural\",\"publisher\":{\"@id\":\"https:\/\/solandecabras.es\/en\/#organization\"},\"potentialAction\":[{\"@type\":\"SearchAction\",\"target\":{\"@type\":\"EntryPoint\",\"urlTemplate\":\"https:\/\/solandecabras.es\/en\/?s={search_term_string}\"},\"query-input\":{\"@type\":\"PropertyValueSpecification\",\"valueRequired\":true,\"valueName\":\"search_term_string\"}}],\"inLanguage\":\"en-US\"},{\"@type\":\"Organization\",\"@id\":\"https:\/\/solandecabras.es\/en\/#organization\",\"name\":\"Solan de Cabras\",\"url\":\"https:\/\/solandecabras.es\/en\/\",\"logo\":{\"@type\":\"ImageObject\",\"inLanguage\":\"en-US\",\"@id\":\"https:\/\/solandecabras.es\/en\/#\/schema\/logo\/image\/\",\"url\":\"https:\/\/solandecabras.es\/wp-content\/uploads\/2025\/07\/logoactual.svg\",\"contentUrl\":\"https:\/\/solandecabras.es\/wp-content\/uploads\/2025\/07\/logoactual.svg\",\"width\":\"1024\",\"height\":\"1024\",\"caption\":\"Solan de Cabras\"},\"image\":{\"@id\":\"https:\/\/solandecabras.es\/en\/#\/schema\/logo\/image\/\"},\"sameAs\":[\"https:\/\/www.facebook.com\/solandecabras\",\"https:\/\/x.com\/Solan_de_Cabras\",\"https:\/\/www.youtube.com\/user\/Solanenfoco\",\"https:\/\/www.instagram.com\/solandecabras\"]}]}<\/script>\n<!-- \/ Yoast SEO plugin. -->","yoast_head_json":{"title":"Historia del Agua Sol\u00e1n de Cabras - Solan de Cabras","description":"Sigue pasos a paso la historia del agua Sol\u00e1n de Cabras y descubre la evoluci\u00f3n desde el siglo IV hasta nuestros d\u00edas.","robots":{"index":"index","follow":"follow","max-snippet":"max-snippet:-1","max-image-preview":"max-image-preview:large","max-video-preview":"max-video-preview:-1"},"canonical":"https:\/\/solandecabras.es\/en\/company\/history\/","og_locale":"en_US","og_type":"article","og_title":"Historia del Agua Sol\u00e1n de Cabras - Solan de Cabras","og_description":"Sigue pasos a paso la historia del agua Sol\u00e1n de Cabras y descubre la evoluci\u00f3n desde el siglo IV hasta nuestros d\u00edas.","og_url":"https:\/\/solandecabras.es\/en\/company\/history\/","og_site_name":"Solan de Cabras","article_publisher":"https:\/\/www.facebook.com\/solandecabras","article_modified_time":"2024-02-29T15:08:56+00:00","twitter_card":"summary_large_image","twitter_site":"@Solan_de_Cabras","schema":{"@context":"https:\/\/schema.org","@graph":[{"@type":"WebPage","@id":"https:\/\/solandecabras.es\/en\/company\/history\/","url":"https:\/\/solandecabras.es\/en\/company\/history\/","name":"Historia del Agua Sol\u00e1n de Cabras - Solan de Cabras","isPartOf":{"@id":"https:\/\/solandecabras.es\/en\/#website"},"datePublished":"2022-12-08T10:24:13+00:00","dateModified":"2024-02-29T15:08:56+00:00","description":"Sigue pasos a paso la historia del agua Sol\u00e1n de Cabras y descubre la evoluci\u00f3n desde el siglo IV hasta nuestros d\u00edas.","breadcrumb":{"@id":"https:\/\/solandecabras.es\/en\/company\/history\/#breadcrumb"},"inLanguage":"en-US","potentialAction":[{"@type":"ReadAction","target":["https:\/\/solandecabras.es\/en\/company\/history\/"]}]},{"@type":"BreadcrumbList","@id":"https:\/\/solandecabras.es\/en\/company\/history\/#breadcrumb","itemListElement":[{"@type":"ListItem","position":1,"name":"Company","item":"https:\/\/solandecabras.es\/en\/company\/"},{"@type":"ListItem","position":2,"name":"History"}]},{"@type":"WebSite","@id":"https:\/\/solandecabras.es\/en\/#website","url":"https:\/\/solandecabras.es\/en\/","name":"Solan de Cabras","description":"Agua mineral Natural","publisher":{"@id":"https:\/\/solandecabras.es\/en\/#organization"},"potentialAction":[{"@type":"SearchAction","target":{"@type":"EntryPoint","urlTemplate":"https:\/\/solandecabras.es\/en\/?s={search_term_string}"},"query-input":{"@type":"PropertyValueSpecification","valueRequired":true,"valueName":"search_term_string"}}],"inLanguage":"en-US"},{"@type":"Organization","@id":"https:\/\/solandecabras.es\/en\/#organization","name":"Solan de Cabras","url":"https:\/\/solandecabras.es\/en\/","logo":{"@type":"ImageObject","inLanguage":"en-US","@id":"https:\/\/solandecabras.es\/en\/#\/schema\/logo\/image\/","url":"https:\/\/solandecabras.es\/wp-content\/uploads\/2025\/07\/logoactual.svg","contentUrl":"https:\/\/solandecabras.es\/wp-content\/uploads\/2025\/07\/logoactual.svg","width":"1024","height":"1024","caption":"Solan de Cabras"},"image":{"@id":"https:\/\/solandecabras.es\/en\/#\/schema\/logo\/image\/"},"sameAs":["https:\/\/www.facebook.com\/solandecabras","https:\/\/x.com\/Solan_de_Cabras","https:\/\/www.youtube.com\/user\/Solanenfoco","https:\/\/www.instagram.com\/solandecabras"]}]}},"_links":{"self":[{"href":"https:\/\/solandecabras.es\/en\/wp-json\/wp\/v2\/pages\/10707","targetHints":{"allow":["GET"]}}],"collection":[{"href":"https:\/\/solandecabras.es\/en\/wp-json\/wp\/v2\/pages"}],"about":[{"href":"https:\/\/solandecabras.es\/en\/wp-json\/wp\/v2\/types\/page"}],"author":[{"embeddable":true,"href":"https:\/\/solandecabras.es\/en\/wp-json\/wp\/v2\/users\/1"}],"replies":[{"embeddable":true,"href":"https:\/\/solandecabras.es\/en\/wp-json\/wp\/v2\/comments?post=10707"}],"version-history":[{"count":5,"href":"https:\/\/solandecabras.es\/en\/wp-json\/wp\/v2\/pages\/10707\/revisions"}],"predecessor-version":[{"id":10772,"href":"https:\/\/solandecabras.es\/en\/wp-json\/wp\/v2\/pages\/10707\/revisions\/10772"}],"up":[{"embeddable":true,"href":"https:\/\/solandecabras.es\/en\/wp-json\/wp\/v2\/pages\/10703"}],"wp:attachment":[{"href":"https:\/\/solandecabras.es\/en\/wp-json\/wp\/v2\/media?parent=10707"}],"curies":[{"name":"wp","href":"https:\/\/api.w.org\/{rel}","templated":true}]}}