{"id":10714,"date":"2022-12-10T09:37:11","date_gmt":"2022-12-10T09:37:11","guid":{"rendered":"https:\/\/solandecabras.es\/compania\/premios\/"},"modified":"2024-02-29T15:10:08","modified_gmt":"2024-02-29T15:10:08","slug":"premios","status":"publish","type":"page","link":"https:\/\/solandecabras.es\/en\/company\/adwards\/","title":{"rendered":"Awards"},"content":{"rendered":"\n<section style=\"\" id=\"hero-home-block_b58e728ffa424729521c8228b0757f0f\"  class=\"mod mod--hero\nmod--hero-section  mod--single   mod--fake-full-width  mod--veil  bottom-content  negative\">\n      <div class=\"img-wrap\">\n                          <img decoding=\"async\"\n          class=\"current\"          src=\"https:\/\/solandecabras.es\/wp-content\/uploads\/2023\/08\/premios-hero-2.webp\"\n          alt=\"\"\n        \/>\n            <\/div>\n  \n  <div class=\"text-wrap\">\n    <div class=\"slide-wrap\" data-autosize=\"height-max-child\">\n                                                                    <div class=\"slide current\">\n\n                \n      <h1 class=\"title\">\n      OUR AWARDS    <\/h1>\n  \n\n\n\n    <\/div>\n            <\/div>\n\n      <\/div>\n<\/section>\n\n\n<section id=\"image-text-block_cc428ad66db194d18fce8bbae55f89d8\"   class=\"mod mod--image-text\n           mod--boxed mod--single-image   mod--portrait mod--portrait-no-margin mod--full-width   mod--margin-desktop-none mod--margin-tablet-none mod--margin-smartphone-none  \">\n  \n      <div class=\"image-wrap\">\n                      <img decoding=\"async\" src=\"https:\/\/solandecabras.es\/wp-content\/uploads\/2023\/08\/premios-test-awwards-2023.webp\"  alt=\"\" \/>\n      \n          <\/div>\n    <div class=\"text-wrap\">\n    <h2 class=\"title\">CRISTAL\r\n<em><strong>TASTE<\/strong><\/em>\r\n<em><strong>AWARD<\/strong><\/em><\/h2><p>Proud of having won the Crystal Taste Award for Sol\u00e1n de Cabras sparkling water in the 2023 Superior Taste Awards, we continue to demonstrate that the quality of the water from our spring extends beyond our borders. In addition, the International Taste Institute (@tasteinstitute), with the world\u2019s best chefs and sommeliers, awarded three stars to our Sol\u00e1n de Cabras natural mineral water and to our Sol\u00e1n de Cabras Con Gas sparkling mineral water after a series of rigorous blind tastings.<\/p>  <\/div>\n\n      <svg class=\"decoration-lines\" xmlns=\"http:\/\/www.w3.org\/2000\/svg\" viewBox=\"0 0 1508.2 236.41\">\r\n  <defs>\r\n    <style>\r\n      .cls-1 {\r\n        stroke: #ffd105;\r\n      }\r\n\r\n      .cls-1, .cls-2 {\r\n        fill: none;\r\n        stroke-miterlimit: 10;\r\n        stroke-width: .25px;\r\n      }\r\n\r\n      .cls-2 {\r\n        stroke: #002169;\r\n      }\r\n    <\/style>\r\n  <\/defs>\r\n  <path class=\"cls-2\" d=\"M.11,44.79s130.5,94.7,439.6,88.4c261-5.3,316.2-81.7,658.7-97.1C1490.81,18.59,1508.11,.09,1508.11,.09\"\/>\r\n  <path class=\"cls-1\" d=\"M.01,236.29s104.2-8.8,347.9-20.5c193.1-9.3,421.2-54.2,620.1-100.2,169.8-39.2,240.5-45.8,302.4-50.1s237.6-12.1,237.6-12.1\"\/>\r\n<\/svg>\r\n  <\/section>\n\n\n\n<section id=\"image-text-block_71d7b05280aac65d81376cff9c3edafb\"   class=\"mod mod--image-text\n         mod--text-left   mod--single-image  mod--landscape       \">\n  \n      <div class=\"image-wrap\">\n                      <img decoding=\"async\" src=\"https:\/\/solandecabras.es\/wp-content\/uploads\/2023\/08\/premios-taste-awards.webp\"  alt=\"\" \/>\n      \n          <\/div>\n    <div class=\"text-wrap\">\n    <h2 class=\"title\">SUPERIOR\r\n<em><strong>TASTE<\/strong><\/em>\r\n<em><strong>AWARD<\/strong><\/em><\/h2><p>Our brands triumphed at the Superior Taste Awards. Cervezas San Miguel, Cervezas Alhambra, Mahou, and Sol\u00e1n de Cabras received a total of 26 awards recognising the superior quality of our beverages.<\/p>  <\/div>\n\n  <\/section>\n\n\n\n<section id=\"image-text-block_f3099809840339e391acc11bc7e69793\"   class=\"mod mod--image-text\n           mod--boxed mod--single-image   mod--portrait mod--portrait-no-margin mod--full-width    \">\n  \n      <div class=\"image-wrap\">\n                      <img decoding=\"async\" src=\"https:\/\/solandecabras.es\/wp-content\/uploads\/2023\/08\/premios-gran-calidad.webp\"  alt=\"\" \/>\n      \n          <\/div>\n    <div class=\"text-wrap\">\n    <p class=\"pretitle\">Premio a<\/p><h2 class=\"title\">GRAND <strong><em>GOLD AWARD<\/em><\/strong><\/h2><p>Our Sol\u00e1n de Cabras brand was again recognised internationally for its flavour and unique qualities. This is demonstrated by the medals awarded recently by the Quality Institute Monde. In granting our natural mineral water the Gold Award for the third year in a row and our Sol\u00e1n de Cabras sparkling mineral water the Grand Gold Award for the second time, the organisation testifies to the excellence of both varieties.<\/p>  <\/div>\n\n      <svg class=\"decoration-lines\" xmlns=\"http:\/\/www.w3.org\/2000\/svg\" viewBox=\"0 0 1508.2 236.41\">\r\n  <defs>\r\n    <style>\r\n      .cls-1 {\r\n        stroke: #ffd105;\r\n      }\r\n\r\n      .cls-1, .cls-2 {\r\n        fill: none;\r\n        stroke-miterlimit: 10;\r\n        stroke-width: .25px;\r\n      }\r\n\r\n      .cls-2 {\r\n        stroke: #002169;\r\n      }\r\n    <\/style>\r\n  <\/defs>\r\n  <path class=\"cls-2\" d=\"M.11,44.79s130.5,94.7,439.6,88.4c261-5.3,316.2-81.7,658.7-97.1C1490.81,18.59,1508.11,.09,1508.11,.09\"\/>\r\n  <path class=\"cls-1\" d=\"M.01,236.29s104.2-8.8,347.9-20.5c193.1-9.3,421.2-54.2,620.1-100.2,169.8-39.2,240.5-45.8,302.4-50.1s237.6-12.1,237.6-12.1\"\/>\r\n<\/svg>\r\n  <\/section>\n\n\n\t\t\t\t\t\n<section id=\"slider-block_70196d61402f94122ae99e14a6eb585a\" class=\"mod mod--slider  mod--boxed  mod--full-width  mod--margin-desktop-none mod--margin-tablet-none mod--margin-smartphone-none \">\n\n  \n            \n          \n          \n      \n  <div class=\"container container--wide\">\n    <div class=\"slider-header\">\n      <h2 class=\"title\">YOU MIGHT\r\n<strong><em>BE INTERESTED IN<\/em><\/strong><\/h2>      <ul class=\"pagination pagination--white hide_pagintaion_desktop\">\n        <li><span class=\"prev\"><i class=\"ri-arrow-left-s-line\"><\/i><\/span><\/li>\n        <li><span class=\"next\"><i class=\"ri-arrow-right-s-line\"><\/i><\/span><\/li>\n      <\/ul>\n    <\/div>\n\n\n\n    <div class=\"slider-body\">\n              <div class=\"splide\">\n          <div class=\"splide__track\">\n            <div class=\"splide__list\">\n                              <div class=\"splide__slide\">\n                                                                                            <img decoding=\"async\" src=\"https:\/\/solandecabras.es\/wp-content\/uploads\/2023\/08\/slider-footer-historia.webp\" alt=\"\" \/>\n                                    <div class=\"text-wrap\">\n                    <h3 class=\"title\">Historia<\/h3>                        <a referrerpolicy=\"origin\"\n      class=\"btn btn--cta\"\n      href=\"\/en\/company\/history\"\n      target=\"\">\n      <span>Discover it<\/span>\n    <\/a>\n                  <\/div>\n                <\/div>\n                              <div class=\"splide__slide\">\n                                                                                            <img decoding=\"async\" src=\"https:\/\/solandecabras.es\/wp-content\/uploads\/2023\/08\/slider-footer-solan-en-el-mundo.webp\" alt=\"\" \/>\n                                    <div class=\"text-wrap\">\n                    <h3 class=\"title\">S\u00f3lan world<\/h3>                        <a referrerpolicy=\"origin\"\n      class=\"btn btn--cta\"\n      href=\"\/en\/company\/solan-around-the-world\"\n      target=\"\">\n      <span>Find us<\/span>\n    <\/a>\n                  <\/div>\n                <\/div>\n                              <div class=\"splide__slide\">\n                                                                                            <img decoding=\"async\" src=\"https:\/\/solandecabras.es\/wp-content\/uploads\/2023\/08\/slider-footer-unete-a-nuestro-equipo.webp\" alt=\"\" \/>\n                                    <div class=\"text-wrap\">\n                    <h3 class=\"title\">Our team<\/h3>                        <a referrerpolicy=\"origin\"\n      class=\"btn btn--cta\"\n      href=\"https:\/\/www.mahou-sanmiguel.com\/es-es\/trabajar-mahou-sanmiguel#unete\"\n      target=\"_blank\">\n      <span>Join us<\/span>\n    <\/a>\n                  <\/div>\n                <\/div>\n                          <\/div>\n          <\/div>\n        <\/div>\n          <\/div>\n  <\/div>\n<\/section>\t\t","protected":false},"excerpt":{"rendered":"","protected":false},"author":1,"featured_media":0,"parent":10703,"menu_order":0,"comment_status":"closed","ping_status":"closed","template":"","meta":{"inline_featured_image":false,"footnotes":""},"class_list":["post-10714","page","type-page","status-publish","hentry"],"acf":[],"yoast_head":"<!-- This site is optimized with the Yoast SEO plugin v26.2 - https:\/\/yoast.com\/wordpress\/plugins\/seo\/ -->\n<title>Premios - Solan de Cabras<\/title>\n<meta name=\"description\" content=\"En esta secci\u00f3n encontrar\u00e1s los premios y galardones que ha recibido Sol\u00e1n de Cabras.Todo lo que hacemos es por y para vosotros. \u00a1Gracias!\" \/>\n<meta name=\"robots\" content=\"index, follow, max-snippet:-1, max-image-preview:large, max-video-preview:-1\" \/>\n<link rel=\"canonical\" href=\"https:\/\/solandecabras.es\/en\/company\/adwards\/\" \/>\n<meta property=\"og:locale\" content=\"en_US\" \/>\n<meta property=\"og:type\" content=\"article\" \/>\n<meta property=\"og:title\" content=\"Premios - Solan de Cabras\" \/>\n<meta property=\"og:description\" content=\"En esta secci\u00f3n encontrar\u00e1s los premios y galardones que ha recibido Sol\u00e1n de Cabras.Todo lo que hacemos es por y para vosotros. \u00a1Gracias!\" \/>\n<meta property=\"og:url\" content=\"https:\/\/solandecabras.es\/en\/company\/adwards\/\" \/>\n<meta property=\"og:site_name\" content=\"Solan de Cabras\" \/>\n<meta property=\"article:publisher\" content=\"https:\/\/www.facebook.com\/solandecabras\" \/>\n<meta property=\"article:modified_time\" content=\"2024-02-29T15:10:08+00:00\" \/>\n<meta name=\"twitter:card\" content=\"summary_large_image\" \/>\n<meta name=\"twitter:site\" content=\"@Solan_de_Cabras\" \/>\n<script type=\"application\/ld+json\" class=\"yoast-schema-graph\">{\"@context\":\"https:\/\/schema.org\",\"@graph\":[{\"@type\":\"WebPage\",\"@id\":\"https:\/\/solandecabras.es\/en\/company\/adwards\/\",\"url\":\"https:\/\/solandecabras.es\/en\/company\/adwards\/\",\"name\":\"Premios - Solan de Cabras\",\"isPartOf\":{\"@id\":\"https:\/\/solandecabras.es\/en\/#website\"},\"datePublished\":\"2022-12-10T09:37:11+00:00\",\"dateModified\":\"2024-02-29T15:10:08+00:00\",\"description\":\"En esta secci\u00f3n encontrar\u00e1s los premios y galardones que ha recibido Sol\u00e1n de Cabras.Todo lo que hacemos es por y para vosotros. \u00a1Gracias!\",\"breadcrumb\":{\"@id\":\"https:\/\/solandecabras.es\/en\/company\/adwards\/#breadcrumb\"},\"inLanguage\":\"en-US\",\"potentialAction\":[{\"@type\":\"ReadAction\",\"target\":[\"https:\/\/solandecabras.es\/en\/company\/adwards\/\"]}]},{\"@type\":\"BreadcrumbList\",\"@id\":\"https:\/\/solandecabras.es\/en\/company\/adwards\/#breadcrumb\",\"itemListElement\":[{\"@type\":\"ListItem\",\"position\":1,\"name\":\"Company\",\"item\":\"https:\/\/solandecabras.es\/en\/company\/\"},{\"@type\":\"ListItem\",\"position\":2,\"name\":\"Awards\"}]},{\"@type\":\"WebSite\",\"@id\":\"https:\/\/solandecabras.es\/en\/#website\",\"url\":\"https:\/\/solandecabras.es\/en\/\",\"name\":\"Solan de Cabras\",\"description\":\"Agua mineral Natural\",\"publisher\":{\"@id\":\"https:\/\/solandecabras.es\/en\/#organization\"},\"potentialAction\":[{\"@type\":\"SearchAction\",\"target\":{\"@type\":\"EntryPoint\",\"urlTemplate\":\"https:\/\/solandecabras.es\/en\/?s={search_term_string}\"},\"query-input\":{\"@type\":\"PropertyValueSpecification\",\"valueRequired\":true,\"valueName\":\"search_term_string\"}}],\"inLanguage\":\"en-US\"},{\"@type\":\"Organization\",\"@id\":\"https:\/\/solandecabras.es\/en\/#organization\",\"name\":\"Solan de Cabras\",\"url\":\"https:\/\/solandecabras.es\/en\/\",\"logo\":{\"@type\":\"ImageObject\",\"inLanguage\":\"en-US\",\"@id\":\"https:\/\/solandecabras.es\/en\/#\/schema\/logo\/image\/\",\"url\":\"https:\/\/solandecabras.es\/wp-content\/uploads\/2025\/07\/logoactual.svg\",\"contentUrl\":\"https:\/\/solandecabras.es\/wp-content\/uploads\/2025\/07\/logoactual.svg\",\"width\":\"1024\",\"height\":\"1024\",\"caption\":\"Solan de Cabras\"},\"image\":{\"@id\":\"https:\/\/solandecabras.es\/en\/#\/schema\/logo\/image\/\"},\"sameAs\":[\"https:\/\/www.facebook.com\/solandecabras\",\"https:\/\/x.com\/Solan_de_Cabras\",\"https:\/\/www.youtube.com\/user\/Solanenfoco\",\"https:\/\/www.instagram.com\/solandecabras\"]}]}<\/script>\n<!-- \/ Yoast SEO plugin. -->","yoast_head_json":{"title":"Premios - Solan de Cabras","description":"En esta secci\u00f3n encontrar\u00e1s los premios y galardones que ha recibido Sol\u00e1n de Cabras.Todo lo que hacemos es por y para vosotros. \u00a1Gracias!","robots":{"index":"index","follow":"follow","max-snippet":"max-snippet:-1","max-image-preview":"max-image-preview:large","max-video-preview":"max-video-preview:-1"},"canonical":"https:\/\/solandecabras.es\/en\/company\/adwards\/","og_locale":"en_US","og_type":"article","og_title":"Premios - Solan de Cabras","og_description":"En esta secci\u00f3n encontrar\u00e1s los premios y galardones que ha recibido Sol\u00e1n de Cabras.Todo lo que hacemos es por y para vosotros. \u00a1Gracias!","og_url":"https:\/\/solandecabras.es\/en\/company\/adwards\/","og_site_name":"Solan de Cabras","article_publisher":"https:\/\/www.facebook.com\/solandecabras","article_modified_time":"2024-02-29T15:10:08+00:00","twitter_card":"summary_large_image","twitter_site":"@Solan_de_Cabras","schema":{"@context":"https:\/\/schema.org","@graph":[{"@type":"WebPage","@id":"https:\/\/solandecabras.es\/en\/company\/adwards\/","url":"https:\/\/solandecabras.es\/en\/company\/adwards\/","name":"Premios - Solan de Cabras","isPartOf":{"@id":"https:\/\/solandecabras.es\/en\/#website"},"datePublished":"2022-12-10T09:37:11+00:00","dateModified":"2024-02-29T15:10:08+00:00","description":"En esta secci\u00f3n encontrar\u00e1s los premios y galardones que ha recibido Sol\u00e1n de Cabras.Todo lo que hacemos es por y para vosotros. \u00a1Gracias!","breadcrumb":{"@id":"https:\/\/solandecabras.es\/en\/company\/adwards\/#breadcrumb"},"inLanguage":"en-US","potentialAction":[{"@type":"ReadAction","target":["https:\/\/solandecabras.es\/en\/company\/adwards\/"]}]},{"@type":"BreadcrumbList","@id":"https:\/\/solandecabras.es\/en\/company\/adwards\/#breadcrumb","itemListElement":[{"@type":"ListItem","position":1,"name":"Company","item":"https:\/\/solandecabras.es\/en\/company\/"},{"@type":"ListItem","position":2,"name":"Awards"}]},{"@type":"WebSite","@id":"https:\/\/solandecabras.es\/en\/#website","url":"https:\/\/solandecabras.es\/en\/","name":"Solan de Cabras","description":"Agua mineral Natural","publisher":{"@id":"https:\/\/solandecabras.es\/en\/#organization"},"potentialAction":[{"@type":"SearchAction","target":{"@type":"EntryPoint","urlTemplate":"https:\/\/solandecabras.es\/en\/?s={search_term_string}"},"query-input":{"@type":"PropertyValueSpecification","valueRequired":true,"valueName":"search_term_string"}}],"inLanguage":"en-US"},{"@type":"Organization","@id":"https:\/\/solandecabras.es\/en\/#organization","name":"Solan de Cabras","url":"https:\/\/solandecabras.es\/en\/","logo":{"@type":"ImageObject","inLanguage":"en-US","@id":"https:\/\/solandecabras.es\/en\/#\/schema\/logo\/image\/","url":"https:\/\/solandecabras.es\/wp-content\/uploads\/2025\/07\/logoactual.svg","contentUrl":"https:\/\/solandecabras.es\/wp-content\/uploads\/2025\/07\/logoactual.svg","width":"1024","height":"1024","caption":"Solan de Cabras"},"image":{"@id":"https:\/\/solandecabras.es\/en\/#\/schema\/logo\/image\/"},"sameAs":["https:\/\/www.facebook.com\/solandecabras","https:\/\/x.com\/Solan_de_Cabras","https:\/\/www.youtube.com\/user\/Solanenfoco","https:\/\/www.instagram.com\/solandecabras"]}]}},"_links":{"self":[{"href":"https:\/\/solandecabras.es\/en\/wp-json\/wp\/v2\/pages\/10714","targetHints":{"allow":["GET"]}}],"collection":[{"href":"https:\/\/solandecabras.es\/en\/wp-json\/wp\/v2\/pages"}],"about":[{"href":"https:\/\/solandecabras.es\/en\/wp-json\/wp\/v2\/types\/page"}],"author":[{"embeddable":true,"href":"https:\/\/solandecabras.es\/en\/wp-json\/wp\/v2\/users\/1"}],"replies":[{"embeddable":true,"href":"https:\/\/solandecabras.es\/en\/wp-json\/wp\/v2\/comments?post=10714"}],"version-history":[{"count":5,"href":"https:\/\/solandecabras.es\/en\/wp-json\/wp\/v2\/pages\/10714\/revisions"}],"predecessor-version":[{"id":10773,"href":"https:\/\/solandecabras.es\/en\/wp-json\/wp\/v2\/pages\/10714\/revisions\/10773"}],"up":[{"embeddable":true,"href":"https:\/\/solandecabras.es\/en\/wp-json\/wp\/v2\/pages\/10703"}],"wp:attachment":[{"href":"https:\/\/solandecabras.es\/en\/wp-json\/wp\/v2\/media?parent=10714"}],"curies":[{"name":"wp","href":"https:\/\/api.w.org\/{rel}","templated":true}]}}