{"id":10721,"date":"2023-10-16T16:21:03","date_gmt":"2023-10-16T16:21:03","guid":{"rendered":"https:\/\/solandecabras.es\/10aniversariocontraelcancer\/tristeza\/"},"modified":"2024-03-04T15:38:51","modified_gmt":"2024-03-04T15:38:51","slug":"tristeza","status":"publish","type":"page","link":"https:\/\/solandecabras.es\/en\/10-years-fighting-cancer\/sadness\/","title":{"rendered":"Sadness"},"content":{"rendered":"\n<section style=\"background-color:#f77193\" id=\"hero-home-block_aeb3c20fd5b5bec305918b32c5e67402\"  class=\"mod mod--hero\nmod--hero-section  mod--single mod--full-width  mod--fake-full-width    bottom-content  negative\">\n      <div class=\"img-wrap\">\n                          <img decoding=\"async\"\n          class=\"current\"          src=\"https:\/\/solandecabras.es\/wp-content\/uploads\/2023\/10\/2-Tristeza-Mayice.jpg\"\n          alt=\"\"\n        \/>\n            <\/div>\n  \n  <div class=\"text-wrap\">\n    <div class=\"slide-wrap\" data-autosize=\"height-max-child\">\n                                                                    <div class=\"slide current\">\n\n                  <p class=\"pretitle\">MAYICE<\/p>\n                \n      <h1 class=\"title\">\n      Sadness    <\/h1>\n  \n\n\n\n    <\/div>\n            <\/div>\n\n      <\/div>\n<\/section>\n\n\n<section style=\"background-color:#f77193\" id=\"wysiwyg-block_a9b087a699b6f9255fd0c744ee0af9b8\" class=\"mod mod--wysiwyg mod--margin-desktop-none mod--margin-tablet-none mod--margin-smartphone-none mod--transition-none  mod--invert  mod--full-width\">\n\n  <div class=\"text-editor\">\n                  <div class=\"text-editor-container \"><b>MAYICE<\/b>\r\n<br>\r\nArchitects and designers Marta Alonso and Imanol Calder\u00f3n create immersive lighting atmospheres, light fixtures, and ethereal living spaces suffused with poetry.<\/div>              <!-- <div class=\"text-editor-container\"> -->\n<div class=\"video-embed\" data-youtube-id=\"_C1WIpjjTng\">\n        <img decoding=\"async\" src=\"https:\/\/solandecabras.es\/wp-content\/uploads\/2023\/10\/poster_tristeza.png\" alt=\"\" \/>\n    <div class=\"iframe-placeholder\"><\/div>\n<\/div>\n<!-- <\/div> -->\n              <div class=\"text-editor-container \"><b>INSTALLATION<\/b>\r\n<br>\r\nTwo separate transparent pieces set in opposition representing the fragility and laxity of human suffering during the process of sadness.\r\n<br><br>\r\n<b>Technique and materials: <\/b>\r\n\r\nGlass blown at the Royal Glass Factory in La Granja, Segovia.<\/div>              \n\n      \n            <div class=\"text-editor-container left\">\n          <a referrerpolicy=\"origin\"\n      class=\"btn btn--cta\"\n      href=\"https:\/\/maps.app.goo.gl\/b7gcNuobjUJCNKZFA\"\n      target=\"_blank\">\n      <span>See the location of the work<\/span>\n    <\/a>\n\n      <\/div>\n      \n\n\n              <div class=\"text-editor-container \"><\/div>            <\/div>\n\n\n\n                                                          \n<\/section>\n\n\n<section id=\"image-text-block_6cb8cc759e1501275912f172a8b77610\" data-minheight=\"700\"  class=\"mod mod--image-text\n         mod--text-left  mod--boxed mod--boxed-image          \">\n      <img decoding=\"async\" src=\"https:\/\/solandecabras.es\/wp-content\/uploads\/2023\/09\/botella_tristeza-1.png\" alt=\"\" \/>\n  \n    <div class=\"text-wrap\">\n    <p class=\"pretitle\">Limited edition<\/p><h2 class=\"title\">Sadness<\/h2>    <a referrerpolicy=\"origin\"\n      class=\"btn btn--cta\"\n      href=\"https:\/\/www.mahou-sanmiguel.com\/tienda\/p\/solan-cabras-rosa-vidrio.html\"\n      target=\"_blank\">\n      <span>Buy<\/span>\n    <\/a>\n  <\/div>\n\n  <\/section>\n\n\n\n<section id=\"obras-relacionadas\" class=\"mod mod--nav-subsection   \"\n    style=\"\n                        \"\n    >\n  \t<\/section>\n\n\n\n<section id=\"nav-subsection-block_22cf7a2b351c4b4718488e01a5612e40\" class=\"mod mod--nav-subsection   \"\n    style=\"\n                        \"\n    >\n  \t\t\t\t\t\t        \n\n                                                              \n\n<div class=\"mod-header\">\n      <h2 class=\"title\">Explore all the works<\/h2>\n    <ul class=\"pagination \">\n    <li><span class=\"prev\"><i class=\"ri-arrow-left-s-line\"><\/i><\/span><\/li>\n    <li><span class=\"next\"><i class=\"ri-arrow-right-s-line\"><\/i><\/span><\/li>\n  <\/ul>\n<\/div>\n<ul class=\"slider drag-to-scroll\">\n      \n                    <li class=\"item\">\n          <a href=\"\/en\/10yearsfightingcancer\/anxiety\" target=\"\">\n            <div class=\"img-wrap\">\n                                            <img decoding=\"async\" src=\"https:\/\/solandecabras.es\/wp-content\/uploads\/2023\/10\/poster_ansiedad.png\" alt=\"\" \/>\n                          <\/div>\n            <div class=\"text-wrap\">\n              <h3 class=\"title\">Anxiety<\/h3>\n              <span class=\"btn btn--link\"><\/span>\n            <\/div>\n          <\/a>\n        <\/li>\n      \n    \n                    <li class=\"item\">\n          <a href=\"\/en\/10-years-fighting-cancer\/joy\/\" target=\"\">\n            <div class=\"img-wrap\">\n                                            <img decoding=\"async\" src=\"https:\/\/solandecabras.es\/wp-content\/uploads\/2023\/10\/poster_alegria.png\" alt=\"\" \/>\n                          <\/div>\n            <div class=\"text-wrap\">\n              <h3 class=\"title\">Joy<\/h3>\n              <span class=\"btn btn--link\"><\/span>\n            <\/div>\n          <\/a>\n        <\/li>\n      \n    \n                    <li class=\"item\">\n          <a href=\"\/en\/10-years-fighting-cancer\/confidence\/\" target=\"\">\n            <div class=\"img-wrap\">\n                                            <img decoding=\"async\" src=\"https:\/\/solandecabras.es\/wp-content\/uploads\/2023\/10\/poster_confianza.png\" alt=\"\" \/>\n                          <\/div>\n            <div class=\"text-wrap\">\n              <h3 class=\"title\">Confidence<\/h3>\n              <span class=\"btn btn--link\"><\/span>\n            <\/div>\n          <\/a>\n        <\/li>\n      \n    \n                    <li class=\"item\">\n          <a href=\"\/en\/10yearsfightingcancer\/confusion\" target=\"\">\n            <div class=\"img-wrap\">\n                                            <img decoding=\"async\" src=\"https:\/\/solandecabras.es\/wp-content\/uploads\/2023\/10\/poster_confusion.png\" alt=\"\" \/>\n                          <\/div>\n            <div class=\"text-wrap\">\n              <h3 class=\"title\">Confusion<\/h3>\n              <span class=\"btn btn--link\"><\/span>\n            <\/div>\n          <\/a>\n        <\/li>\n      \n    \n                    <li class=\"item\">\n          <a href=\"\/en\/10-years-fighting-cancer\/guilt\/\" target=\"\">\n            <div class=\"img-wrap\">\n                                            <img decoding=\"async\" src=\"https:\/\/solandecabras.es\/wp-content\/uploads\/2023\/10\/poster_culpa.png\" alt=\"\" \/>\n                          <\/div>\n            <div class=\"text-wrap\">\n              <h3 class=\"title\">Guilt<\/h3>\n              <span class=\"btn btn--link\"><\/span>\n            <\/div>\n          <\/a>\n        <\/li>\n      \n    \n                    <li class=\"item\">\n          <a href=\"\/en\/10-years-fighting-cancer\/hope\/\" target=\"\">\n            <div class=\"img-wrap\">\n                                            <img decoding=\"async\" src=\"https:\/\/solandecabras.es\/wp-content\/uploads\/2023\/10\/poster_esperanza.png\" alt=\"\" \/>\n                          <\/div>\n            <div class=\"text-wrap\">\n              <h3 class=\"title\">Hope<\/h3>\n              <span class=\"btn btn--link\"><\/span>\n            <\/div>\n          <\/a>\n        <\/li>\n      \n    \n                    <li class=\"item\">\n          <a href=\"\/en\/10-years-fighting-cancer\/strength\/\" target=\"\">\n            <div class=\"img-wrap\">\n                                            <img decoding=\"async\" src=\"https:\/\/solandecabras.es\/wp-content\/uploads\/2023\/10\/poster_fuerza.png\" alt=\"\" \/>\n                          <\/div>\n            <div class=\"text-wrap\">\n              <h3 class=\"title\">Strength<\/h3>\n              <span class=\"btn btn--link\"><\/span>\n            <\/div>\n          <\/a>\n        <\/li>\n      \n    \n                    <li class=\"item\">\n          <a href=\"\/en\/10-years-fighting-cancer\/fear\/\" target=\"\">\n            <div class=\"img-wrap\">\n                                            <img decoding=\"async\" src=\"https:\/\/solandecabras.es\/wp-content\/uploads\/2023\/10\/poster_miedo.png\" alt=\"\" \/>\n                          <\/div>\n            <div class=\"text-wrap\">\n              <h3 class=\"title\">Fear<\/h3>\n              <span class=\"btn btn--link\"><\/span>\n            <\/div>\n          <\/a>\n        <\/li>\n      \n    \n                    <li class=\"item\">\n          <a href=\"\/en\/10-years-fighting-cancer\/serenity\/\" target=\"\">\n            <div class=\"img-wrap\">\n                                            <img decoding=\"async\" src=\"https:\/\/solandecabras.es\/wp-content\/uploads\/2023\/10\/poster_serenidad.png\" alt=\"\" \/>\n                          <\/div>\n            <div class=\"text-wrap\">\n              <h3 class=\"title\">Serenity<\/h3>\n              <span class=\"btn btn--link\"><\/span>\n            <\/div>\n          <\/a>\n        <\/li>\n      \n    \n                    <li class=\"item\">\n          <a href=\"\/en\/10-years-fighting-cancer\/sadness\/\" target=\"\">\n            <div class=\"img-wrap\">\n                                            <img decoding=\"async\" src=\"https:\/\/solandecabras.es\/wp-content\/uploads\/2023\/10\/poster_tristeza.png\" alt=\"\" \/>\n                          <\/div>\n            <div class=\"text-wrap\">\n              <h3 class=\"title\">Sadness<\/h3>\n              <span class=\"btn btn--link\"><\/span>\n            <\/div>\n          <\/a>\n        <\/li>\n      \n      <\/ul>\t\t\t\t\t<\/section>\n","protected":false},"excerpt":{"rendered":"","protected":false},"author":5,"featured_media":0,"parent":10670,"menu_order":0,"comment_status":"closed","ping_status":"closed","template":"","meta":{"inline_featured_image":false,"footnotes":""},"class_list":["post-10721","page","type-page","status-publish","hentry"],"acf":[],"yoast_head":"<!-- This site is optimized with the Yoast SEO plugin v26.2 - https:\/\/yoast.com\/wordpress\/plugins\/seo\/ -->\n<title>10 aniversario contra el cancer - Tristeza<\/title>\n<meta name=\"description\" content=\"MAYICE Los arquitectos y dise\u00f1adores Marta Alonso e Imanol Calder\u00f3n, crean atmosferas inmersivas de luz, luminarias y espacios de vida et\u00e9reos y llenos de poes\u00eda.\" \/>\n<meta name=\"robots\" content=\"index, follow, max-snippet:-1, max-image-preview:large, max-video-preview:-1\" \/>\n<link rel=\"canonical\" href=\"https:\/\/solandecabras.es\/en\/10-years-fighting-cancer\/sadness\/\" \/>\n<meta property=\"og:locale\" content=\"en_US\" \/>\n<meta property=\"og:type\" content=\"article\" \/>\n<meta property=\"og:title\" content=\"10 aniversario contra el cancer - Tristeza\" \/>\n<meta property=\"og:description\" content=\"MAYICE Los arquitectos y dise\u00f1adores Marta Alonso e Imanol Calder\u00f3n, crean atmosferas inmersivas de luz, luminarias y espacios de vida et\u00e9reos y llenos de poes\u00eda.\" \/>\n<meta property=\"og:url\" content=\"https:\/\/solandecabras.es\/en\/10-years-fighting-cancer\/sadness\/\" \/>\n<meta property=\"og:site_name\" content=\"Solan de Cabras\" \/>\n<meta property=\"article:publisher\" content=\"https:\/\/www.facebook.com\/solandecabras\" \/>\n<meta property=\"article:modified_time\" content=\"2024-03-04T15:38:51+00:00\" \/>\n<meta name=\"twitter:card\" content=\"summary_large_image\" \/>\n<meta name=\"twitter:site\" content=\"@Solan_de_Cabras\" \/>\n<script type=\"application\/ld+json\" class=\"yoast-schema-graph\">{\"@context\":\"https:\/\/schema.org\",\"@graph\":[{\"@type\":\"WebPage\",\"@id\":\"https:\/\/solandecabras.es\/en\/10-years-fighting-cancer\/sadness\/\",\"url\":\"https:\/\/solandecabras.es\/en\/10-years-fighting-cancer\/sadness\/\",\"name\":\"10 aniversario contra el cancer - Tristeza\",\"isPartOf\":{\"@id\":\"https:\/\/solandecabras.es\/en\/#website\"},\"datePublished\":\"2023-10-16T16:21:03+00:00\",\"dateModified\":\"2024-03-04T15:38:51+00:00\",\"description\":\"MAYICE Los arquitectos y dise\u00f1adores Marta Alonso e Imanol Calder\u00f3n, crean atmosferas inmersivas de luz, luminarias y espacios de vida et\u00e9reos y llenos de poes\u00eda.\",\"breadcrumb\":{\"@id\":\"https:\/\/solandecabras.es\/en\/10-years-fighting-cancer\/sadness\/#breadcrumb\"},\"inLanguage\":\"en-US\",\"potentialAction\":[{\"@type\":\"ReadAction\",\"target\":[\"https:\/\/solandecabras.es\/en\/10-years-fighting-cancer\/sadness\/\"]}]},{\"@type\":\"BreadcrumbList\",\"@id\":\"https:\/\/solandecabras.es\/en\/10-years-fighting-cancer\/sadness\/#breadcrumb\",\"itemListElement\":[{\"@type\":\"ListItem\",\"position\":1,\"name\":\"10 years fighting cancer\",\"item\":\"https:\/\/solandecabras.es\/en\/10-years-fighting-cancer\/\"},{\"@type\":\"ListItem\",\"position\":2,\"name\":\"Sadness\"}]},{\"@type\":\"WebSite\",\"@id\":\"https:\/\/solandecabras.es\/en\/#website\",\"url\":\"https:\/\/solandecabras.es\/en\/\",\"name\":\"Solan de Cabras\",\"description\":\"Agua mineral Natural\",\"publisher\":{\"@id\":\"https:\/\/solandecabras.es\/en\/#organization\"},\"potentialAction\":[{\"@type\":\"SearchAction\",\"target\":{\"@type\":\"EntryPoint\",\"urlTemplate\":\"https:\/\/solandecabras.es\/en\/?s={search_term_string}\"},\"query-input\":{\"@type\":\"PropertyValueSpecification\",\"valueRequired\":true,\"valueName\":\"search_term_string\"}}],\"inLanguage\":\"en-US\"},{\"@type\":\"Organization\",\"@id\":\"https:\/\/solandecabras.es\/en\/#organization\",\"name\":\"Solan de Cabras\",\"url\":\"https:\/\/solandecabras.es\/en\/\",\"logo\":{\"@type\":\"ImageObject\",\"inLanguage\":\"en-US\",\"@id\":\"https:\/\/solandecabras.es\/en\/#\/schema\/logo\/image\/\",\"url\":\"https:\/\/solandecabras.es\/wp-content\/uploads\/2025\/07\/logoactual.svg\",\"contentUrl\":\"https:\/\/solandecabras.es\/wp-content\/uploads\/2025\/07\/logoactual.svg\",\"width\":\"1024\",\"height\":\"1024\",\"caption\":\"Solan de Cabras\"},\"image\":{\"@id\":\"https:\/\/solandecabras.es\/en\/#\/schema\/logo\/image\/\"},\"sameAs\":[\"https:\/\/www.facebook.com\/solandecabras\",\"https:\/\/x.com\/Solan_de_Cabras\",\"https:\/\/www.youtube.com\/user\/Solanenfoco\",\"https:\/\/www.instagram.com\/solandecabras\"]}]}<\/script>\n<!-- \/ Yoast SEO plugin. -->","yoast_head_json":{"title":"10 aniversario contra el cancer - Tristeza","description":"MAYICE Los arquitectos y dise\u00f1adores Marta Alonso e Imanol Calder\u00f3n, crean atmosferas inmersivas de luz, luminarias y espacios de vida et\u00e9reos y llenos de poes\u00eda.","robots":{"index":"index","follow":"follow","max-snippet":"max-snippet:-1","max-image-preview":"max-image-preview:large","max-video-preview":"max-video-preview:-1"},"canonical":"https:\/\/solandecabras.es\/en\/10-years-fighting-cancer\/sadness\/","og_locale":"en_US","og_type":"article","og_title":"10 aniversario contra el cancer - Tristeza","og_description":"MAYICE Los arquitectos y dise\u00f1adores Marta Alonso e Imanol Calder\u00f3n, crean atmosferas inmersivas de luz, luminarias y espacios de vida et\u00e9reos y llenos de poes\u00eda.","og_url":"https:\/\/solandecabras.es\/en\/10-years-fighting-cancer\/sadness\/","og_site_name":"Solan de Cabras","article_publisher":"https:\/\/www.facebook.com\/solandecabras","article_modified_time":"2024-03-04T15:38:51+00:00","twitter_card":"summary_large_image","twitter_site":"@Solan_de_Cabras","schema":{"@context":"https:\/\/schema.org","@graph":[{"@type":"WebPage","@id":"https:\/\/solandecabras.es\/en\/10-years-fighting-cancer\/sadness\/","url":"https:\/\/solandecabras.es\/en\/10-years-fighting-cancer\/sadness\/","name":"10 aniversario contra el cancer - Tristeza","isPartOf":{"@id":"https:\/\/solandecabras.es\/en\/#website"},"datePublished":"2023-10-16T16:21:03+00:00","dateModified":"2024-03-04T15:38:51+00:00","description":"MAYICE Los arquitectos y dise\u00f1adores Marta Alonso e Imanol Calder\u00f3n, crean atmosferas inmersivas de luz, luminarias y espacios de vida et\u00e9reos y llenos de poes\u00eda.","breadcrumb":{"@id":"https:\/\/solandecabras.es\/en\/10-years-fighting-cancer\/sadness\/#breadcrumb"},"inLanguage":"en-US","potentialAction":[{"@type":"ReadAction","target":["https:\/\/solandecabras.es\/en\/10-years-fighting-cancer\/sadness\/"]}]},{"@type":"BreadcrumbList","@id":"https:\/\/solandecabras.es\/en\/10-years-fighting-cancer\/sadness\/#breadcrumb","itemListElement":[{"@type":"ListItem","position":1,"name":"10 years fighting cancer","item":"https:\/\/solandecabras.es\/en\/10-years-fighting-cancer\/"},{"@type":"ListItem","position":2,"name":"Sadness"}]},{"@type":"WebSite","@id":"https:\/\/solandecabras.es\/en\/#website","url":"https:\/\/solandecabras.es\/en\/","name":"Solan de Cabras","description":"Agua mineral Natural","publisher":{"@id":"https:\/\/solandecabras.es\/en\/#organization"},"potentialAction":[{"@type":"SearchAction","target":{"@type":"EntryPoint","urlTemplate":"https:\/\/solandecabras.es\/en\/?s={search_term_string}"},"query-input":{"@type":"PropertyValueSpecification","valueRequired":true,"valueName":"search_term_string"}}],"inLanguage":"en-US"},{"@type":"Organization","@id":"https:\/\/solandecabras.es\/en\/#organization","name":"Solan de Cabras","url":"https:\/\/solandecabras.es\/en\/","logo":{"@type":"ImageObject","inLanguage":"en-US","@id":"https:\/\/solandecabras.es\/en\/#\/schema\/logo\/image\/","url":"https:\/\/solandecabras.es\/wp-content\/uploads\/2025\/07\/logoactual.svg","contentUrl":"https:\/\/solandecabras.es\/wp-content\/uploads\/2025\/07\/logoactual.svg","width":"1024","height":"1024","caption":"Solan de Cabras"},"image":{"@id":"https:\/\/solandecabras.es\/en\/#\/schema\/logo\/image\/"},"sameAs":["https:\/\/www.facebook.com\/solandecabras","https:\/\/x.com\/Solan_de_Cabras","https:\/\/www.youtube.com\/user\/Solanenfoco","https:\/\/www.instagram.com\/solandecabras"]}]}},"_links":{"self":[{"href":"https:\/\/solandecabras.es\/en\/wp-json\/wp\/v2\/pages\/10721","targetHints":{"allow":["GET"]}}],"collection":[{"href":"https:\/\/solandecabras.es\/en\/wp-json\/wp\/v2\/pages"}],"about":[{"href":"https:\/\/solandecabras.es\/en\/wp-json\/wp\/v2\/types\/page"}],"author":[{"embeddable":true,"href":"https:\/\/solandecabras.es\/en\/wp-json\/wp\/v2\/users\/5"}],"replies":[{"embeddable":true,"href":"https:\/\/solandecabras.es\/en\/wp-json\/wp\/v2\/comments?post=10721"}],"version-history":[{"count":2,"href":"https:\/\/solandecabras.es\/en\/wp-json\/wp\/v2\/pages\/10721\/revisions"}],"predecessor-version":[{"id":10763,"href":"https:\/\/solandecabras.es\/en\/wp-json\/wp\/v2\/pages\/10721\/revisions\/10763"}],"up":[{"embeddable":true,"href":"https:\/\/solandecabras.es\/en\/wp-json\/wp\/v2\/pages\/10670"}],"wp:attachment":[{"href":"https:\/\/solandecabras.es\/en\/wp-json\/wp\/v2\/media?parent=10721"}],"curies":[{"name":"wp","href":"https:\/\/api.w.org\/{rel}","templated":true}]}}