{"id":10723,"date":"2023-10-16T16:20:49","date_gmt":"2023-10-16T16:20:49","guid":{"rendered":"https:\/\/solandecabras.es\/10aniversariocontraelcancer\/miedo\/"},"modified":"2024-03-04T15:41:17","modified_gmt":"2024-03-04T15:41:17","slug":"miedo","status":"publish","type":"page","link":"https:\/\/solandecabras.es\/en\/10-years-fighting-cancer\/fear\/","title":{"rendered":"Fear"},"content":{"rendered":"\n<section style=\"background-color:#f77193\" id=\"hero-home-block_2ec8d920002ee3d141ee93e17d03839c\"  class=\"mod mod--hero\nmod--hero-section  mod--single mod--full-width  mod--fake-full-width    bottom-content  negative\">\n      <div class=\"img-wrap\">\n                          <img decoding=\"async\"\n          class=\"current\"          src=\"https:\/\/solandecabras.es\/wp-content\/uploads\/2023\/10\/7-Miedo-IADE.jpg\"\n          alt=\"\"\n        \/>\n            <\/div>\n  \n  <div class=\"text-wrap\">\n    <div class=\"slide-wrap\" data-autosize=\"height-max-child\">\n                                                                    <div class=\"slide current\">\n\n                  <p class=\"pretitle\"><b>Iade<\/b><\/p>\n                \n      <h1 class=\"title\">\n      Fear    <\/h1>\n  \n\n\n\n    <\/div>\n            <\/div>\n\n      <\/div>\n<\/section>\n\n\n<section style=\"background-color:#f77193\" id=\"wysiwyg-block_b8be25ce42e143f08fdde22f36e273ae\" class=\"mod mod--wysiwyg mod--margin-desktop-none mod--margin-tablet-none mod--margin-smartphone-none mod--transition-none  mod--invert  mod--full-width\">\n\n  <div class=\"text-editor\">\n                  <div class=\"text-editor-container \"><b>IADE<\/b>\r\n<br><br>\r\nPrestigious Spanish design school in operation for over 60 years. Student Sof\u00eda Bonilla designed and spearheaded the entire creative process, assisted by fellow students Paula Calero and Lola Bourboin. Marisa Santamar\u00eda commissioned the project with the selected design talents.<\/div>              <!-- <div class=\"text-editor-container\"> -->\n<div class=\"video-embed\" data-youtube-id=\"5TFQfxkw8DE\">\n        <img decoding=\"async\" src=\"https:\/\/solandecabras.es\/wp-content\/uploads\/2023\/10\/poster_miedo.png\" alt=\"\" \/>\n    <div class=\"iframe-placeholder\"><\/div>\n<\/div>\n<!-- <\/div> -->\n              <div class=\"text-editor-container \"><b>INSTALLATION<\/b>\r\n<br>\r\nHuman-sized organic space in the form of a spiral that a person can enter briefly and then exit. It represents a transition from fear to other possible emotions.\r\n<br><br>\r\n\r\n<b>Technique and materials:  <\/b>\r\n\r\nCompletely handcrafted execution. The materials include \u2018medula\u2019 vegetable fiber, mycelium, and virgin merino wool.<\/div>              \n\n      \n            <div class=\"text-editor-container left\">\n          <a referrerpolicy=\"origin\"\n      class=\"btn btn--cta\"\n      href=\"https:\/\/maps.app.goo.gl\/b7gcNuobjUJCNKZFA\"\n      target=\"_blank\">\n      <span>See the location of the work<\/span>\n    <\/a>\n\n      <\/div>\n      \n\n\n              <div class=\"text-editor-container \"><\/div>            <\/div>\n\n\n\n                                                          \n<\/section>\n\n\n<section id=\"image-text-block_8227615bbf78e8cb793ec9780f92ebb7\" data-minheight=\"700\"  class=\"mod mod--image-text\n         mod--text-left  mod--boxed mod--boxed-image          \">\n      <img decoding=\"async\" src=\"https:\/\/solandecabras.es\/wp-content\/uploads\/2023\/09\/botella_miedo-1.png\" alt=\"\" \/>\n  \n    <div class=\"text-wrap\">\n    <p class=\"pretitle\">Limited edition<\/p><h2 class=\"title\">Fear<\/h2>    <a referrerpolicy=\"origin\"\n      class=\"btn btn--cta\"\n      href=\"https:\/\/www.mahou-sanmiguel.com\/tienda\/p\/solan-cabras-rosa-vidrio.html\"\n      target=\"_blank\">\n      <span>Buy<\/span>\n    <\/a>\n  <\/div>\n\n  <\/section>\n\n\n\n<section id=\"obras-relacionadas\" class=\"mod mod--nav-subsection   \"\n    style=\"\n                        \"\n    >\n  \t<\/section>\n\n\n\n<section id=\"nav-subsection-block_3b9775f44afa421cc108c80ea60e69c4\" class=\"mod mod--nav-subsection   \"\n    style=\"\n                        \"\n    >\n  \t\t\t\t\t\t        \n\n                                                              \n\n<div class=\"mod-header\">\n      <h2 class=\"title\">Explore all the works<\/h2>\n    <ul class=\"pagination \">\n    <li><span class=\"prev\"><i class=\"ri-arrow-left-s-line\"><\/i><\/span><\/li>\n    <li><span class=\"next\"><i class=\"ri-arrow-right-s-line\"><\/i><\/span><\/li>\n  <\/ul>\n<\/div>\n<ul class=\"slider drag-to-scroll\">\n      \n                    <li class=\"item\">\n          <a href=\"\/en\/10yearsfightingcancer\/anxiety\" target=\"\">\n            <div class=\"img-wrap\">\n                                            <img decoding=\"async\" src=\"https:\/\/solandecabras.es\/wp-content\/uploads\/2023\/10\/poster_ansiedad.png\" alt=\"\" \/>\n                          <\/div>\n            <div class=\"text-wrap\">\n              <h3 class=\"title\">Anxiety<\/h3>\n              <span class=\"btn btn--link\"><\/span>\n            <\/div>\n          <\/a>\n        <\/li>\n      \n    \n                    <li class=\"item\">\n          <a href=\"\/en\/10-years-fighting-cancer\/joy\/\" target=\"\">\n            <div class=\"img-wrap\">\n                                            <img decoding=\"async\" src=\"https:\/\/solandecabras.es\/wp-content\/uploads\/2023\/10\/poster_alegria.png\" alt=\"\" \/>\n                          <\/div>\n            <div class=\"text-wrap\">\n              <h3 class=\"title\">Joy<\/h3>\n              <span class=\"btn btn--link\"><\/span>\n            <\/div>\n          <\/a>\n        <\/li>\n      \n    \n                    <li class=\"item\">\n          <a href=\"\/en\/10-years-fighting-cancer\/confidence\/\" target=\"\">\n            <div class=\"img-wrap\">\n                                            <img decoding=\"async\" src=\"https:\/\/solandecabras.es\/wp-content\/uploads\/2023\/10\/poster_confianza.png\" alt=\"\" \/>\n                          <\/div>\n            <div class=\"text-wrap\">\n              <h3 class=\"title\">Confidence<\/h3>\n              <span class=\"btn btn--link\"><\/span>\n            <\/div>\n          <\/a>\n        <\/li>\n      \n    \n                    <li class=\"item\">\n          <a href=\"\/en\/10yearsfightingcancer\/confusion\" target=\"\">\n            <div class=\"img-wrap\">\n                                            <img decoding=\"async\" src=\"https:\/\/solandecabras.es\/wp-content\/uploads\/2023\/10\/poster_confusion.png\" alt=\"\" \/>\n                          <\/div>\n            <div class=\"text-wrap\">\n              <h3 class=\"title\">Confusion<\/h3>\n              <span class=\"btn btn--link\"><\/span>\n            <\/div>\n          <\/a>\n        <\/li>\n      \n    \n                    <li class=\"item\">\n          <a href=\"\/en\/10-years-fighting-cancer\/guilt\/\" target=\"\">\n            <div class=\"img-wrap\">\n                                            <img decoding=\"async\" src=\"https:\/\/solandecabras.es\/wp-content\/uploads\/2023\/10\/poster_culpa.png\" alt=\"\" \/>\n                          <\/div>\n            <div class=\"text-wrap\">\n              <h3 class=\"title\">Guilt<\/h3>\n              <span class=\"btn btn--link\"><\/span>\n            <\/div>\n          <\/a>\n        <\/li>\n      \n    \n                    <li class=\"item\">\n          <a href=\"\/en\/10-years-fighting-cancer\/hope\/\" target=\"\">\n            <div class=\"img-wrap\">\n                                            <img decoding=\"async\" src=\"https:\/\/solandecabras.es\/wp-content\/uploads\/2023\/10\/poster_esperanza.png\" alt=\"\" \/>\n                          <\/div>\n            <div class=\"text-wrap\">\n              <h3 class=\"title\">Hope<\/h3>\n              <span class=\"btn btn--link\"><\/span>\n            <\/div>\n          <\/a>\n        <\/li>\n      \n    \n                    <li class=\"item\">\n          <a href=\"\/en\/10-years-fighting-cancer\/strength\/\" target=\"\">\n            <div class=\"img-wrap\">\n                                            <img decoding=\"async\" src=\"https:\/\/solandecabras.es\/wp-content\/uploads\/2023\/10\/poster_fuerza.png\" alt=\"\" \/>\n                          <\/div>\n            <div class=\"text-wrap\">\n              <h3 class=\"title\">Strength<\/h3>\n              <span class=\"btn btn--link\"><\/span>\n            <\/div>\n          <\/a>\n        <\/li>\n      \n    \n                    <li class=\"item\">\n          <a href=\"\/en\/10-years-fighting-cancer\/fear\/\" target=\"\">\n            <div class=\"img-wrap\">\n                                            <img decoding=\"async\" src=\"https:\/\/solandecabras.es\/wp-content\/uploads\/2023\/10\/poster_miedo.png\" alt=\"\" \/>\n                          <\/div>\n            <div class=\"text-wrap\">\n              <h3 class=\"title\">Fear<\/h3>\n              <span class=\"btn btn--link\"><\/span>\n            <\/div>\n          <\/a>\n        <\/li>\n      \n    \n                    <li class=\"item\">\n          <a href=\"\/en\/10-years-fighting-cancer\/serenity\/\" target=\"\">\n            <div class=\"img-wrap\">\n                                            <img decoding=\"async\" src=\"https:\/\/solandecabras.es\/wp-content\/uploads\/2023\/10\/poster_serenidad.png\" alt=\"\" \/>\n                          <\/div>\n            <div class=\"text-wrap\">\n              <h3 class=\"title\">Serenity<\/h3>\n              <span class=\"btn btn--link\"><\/span>\n            <\/div>\n          <\/a>\n        <\/li>\n      \n    \n                    <li class=\"item\">\n          <a href=\"\/en\/10-years-fighting-cancer\/sadness\/\" target=\"\">\n            <div class=\"img-wrap\">\n                                            <img decoding=\"async\" src=\"https:\/\/solandecabras.es\/wp-content\/uploads\/2023\/10\/poster_tristeza.png\" alt=\"\" \/>\n                          <\/div>\n            <div class=\"text-wrap\">\n              <h3 class=\"title\">Sadness<\/h3>\n              <span class=\"btn btn--link\"><\/span>\n            <\/div>\n          <\/a>\n        <\/li>\n      \n      <\/ul>\t\t\t\t\t<\/section>\n","protected":false},"excerpt":{"rendered":"","protected":false},"author":6,"featured_media":0,"parent":10670,"menu_order":0,"comment_status":"closed","ping_status":"closed","template":"","meta":{"inline_featured_image":false,"footnotes":""},"class_list":["post-10723","page","type-page","status-publish","hentry"],"acf":[],"yoast_head":"<!-- This site is optimized with the Yoast SEO plugin v26.2 - https:\/\/yoast.com\/wordpress\/plugins\/seo\/ -->\n<title>Miedo<\/title>\n<meta name=\"description\" content=\"IADE Prestigiosa escuela de dise\u00f1o espa\u00f1ola con m\u00e1s de 60 a\u00f1os en activo. La alumna Sof\u00eda Bonilla ha dise\u00f1ado y liderado todo el proceso creativo con la asistencia de las alumnas Paula Calero y Lola Bourboin. Marisa Santamar\u00eda ha comisariado el proyecto con las alumnas, talentos del dise\u00f1o seleccionadas.\" \/>\n<meta name=\"robots\" content=\"index, follow, max-snippet:-1, max-image-preview:large, max-video-preview:-1\" \/>\n<link rel=\"canonical\" href=\"https:\/\/solandecabras.es\/en\/10-years-fighting-cancer\/fear\/\" \/>\n<meta property=\"og:locale\" content=\"en_US\" \/>\n<meta property=\"og:type\" content=\"article\" \/>\n<meta property=\"og:title\" content=\"Miedo\" \/>\n<meta property=\"og:description\" content=\"IADE Prestigiosa escuela de dise\u00f1o espa\u00f1ola con m\u00e1s de 60 a\u00f1os en activo. La alumna Sof\u00eda Bonilla ha dise\u00f1ado y liderado todo el proceso creativo con la asistencia de las alumnas Paula Calero y Lola Bourboin. Marisa Santamar\u00eda ha comisariado el proyecto con las alumnas, talentos del dise\u00f1o seleccionadas.\" \/>\n<meta property=\"og:url\" content=\"https:\/\/solandecabras.es\/en\/10-years-fighting-cancer\/fear\/\" \/>\n<meta property=\"og:site_name\" content=\"Solan de Cabras\" \/>\n<meta property=\"article:publisher\" content=\"https:\/\/www.facebook.com\/solandecabras\" \/>\n<meta property=\"article:modified_time\" content=\"2024-03-04T15:41:17+00:00\" \/>\n<meta name=\"twitter:card\" content=\"summary_large_image\" \/>\n<meta name=\"twitter:site\" content=\"@Solan_de_Cabras\" \/>\n<script type=\"application\/ld+json\" class=\"yoast-schema-graph\">{\"@context\":\"https:\/\/schema.org\",\"@graph\":[{\"@type\":\"WebPage\",\"@id\":\"https:\/\/solandecabras.es\/en\/10-years-fighting-cancer\/fear\/\",\"url\":\"https:\/\/solandecabras.es\/en\/10-years-fighting-cancer\/fear\/\",\"name\":\"Miedo\",\"isPartOf\":{\"@id\":\"https:\/\/solandecabras.es\/en\/#website\"},\"datePublished\":\"2023-10-16T16:20:49+00:00\",\"dateModified\":\"2024-03-04T15:41:17+00:00\",\"description\":\"IADE Prestigiosa escuela de dise\u00f1o espa\u00f1ola con m\u00e1s de 60 a\u00f1os en activo. La alumna Sof\u00eda Bonilla ha dise\u00f1ado y liderado todo el proceso creativo con la asistencia de las alumnas Paula Calero y Lola Bourboin. Marisa Santamar\u00eda ha comisariado el proyecto con las alumnas, talentos del dise\u00f1o seleccionadas.\",\"breadcrumb\":{\"@id\":\"https:\/\/solandecabras.es\/en\/10-years-fighting-cancer\/fear\/#breadcrumb\"},\"inLanguage\":\"en-US\",\"potentialAction\":[{\"@type\":\"ReadAction\",\"target\":[\"https:\/\/solandecabras.es\/en\/10-years-fighting-cancer\/fear\/\"]}]},{\"@type\":\"BreadcrumbList\",\"@id\":\"https:\/\/solandecabras.es\/en\/10-years-fighting-cancer\/fear\/#breadcrumb\",\"itemListElement\":[{\"@type\":\"ListItem\",\"position\":1,\"name\":\"10 years fighting cancer\",\"item\":\"https:\/\/solandecabras.es\/en\/10-years-fighting-cancer\/\"},{\"@type\":\"ListItem\",\"position\":2,\"name\":\"Fear\"}]},{\"@type\":\"WebSite\",\"@id\":\"https:\/\/solandecabras.es\/en\/#website\",\"url\":\"https:\/\/solandecabras.es\/en\/\",\"name\":\"Solan de Cabras\",\"description\":\"Agua mineral Natural\",\"publisher\":{\"@id\":\"https:\/\/solandecabras.es\/en\/#organization\"},\"potentialAction\":[{\"@type\":\"SearchAction\",\"target\":{\"@type\":\"EntryPoint\",\"urlTemplate\":\"https:\/\/solandecabras.es\/en\/?s={search_term_string}\"},\"query-input\":{\"@type\":\"PropertyValueSpecification\",\"valueRequired\":true,\"valueName\":\"search_term_string\"}}],\"inLanguage\":\"en-US\"},{\"@type\":\"Organization\",\"@id\":\"https:\/\/solandecabras.es\/en\/#organization\",\"name\":\"Solan de Cabras\",\"url\":\"https:\/\/solandecabras.es\/en\/\",\"logo\":{\"@type\":\"ImageObject\",\"inLanguage\":\"en-US\",\"@id\":\"https:\/\/solandecabras.es\/en\/#\/schema\/logo\/image\/\",\"url\":\"https:\/\/solandecabras.es\/wp-content\/uploads\/2025\/07\/logoactual.svg\",\"contentUrl\":\"https:\/\/solandecabras.es\/wp-content\/uploads\/2025\/07\/logoactual.svg\",\"width\":\"1024\",\"height\":\"1024\",\"caption\":\"Solan de Cabras\"},\"image\":{\"@id\":\"https:\/\/solandecabras.es\/en\/#\/schema\/logo\/image\/\"},\"sameAs\":[\"https:\/\/www.facebook.com\/solandecabras\",\"https:\/\/x.com\/Solan_de_Cabras\",\"https:\/\/www.youtube.com\/user\/Solanenfoco\",\"https:\/\/www.instagram.com\/solandecabras\"]}]}<\/script>\n<!-- \/ Yoast SEO plugin. -->","yoast_head_json":{"title":"Miedo","description":"IADE Prestigiosa escuela de dise\u00f1o espa\u00f1ola con m\u00e1s de 60 a\u00f1os en activo. La alumna Sof\u00eda Bonilla ha dise\u00f1ado y liderado todo el proceso creativo con la asistencia de las alumnas Paula Calero y Lola Bourboin. Marisa Santamar\u00eda ha comisariado el proyecto con las alumnas, talentos del dise\u00f1o seleccionadas.","robots":{"index":"index","follow":"follow","max-snippet":"max-snippet:-1","max-image-preview":"max-image-preview:large","max-video-preview":"max-video-preview:-1"},"canonical":"https:\/\/solandecabras.es\/en\/10-years-fighting-cancer\/fear\/","og_locale":"en_US","og_type":"article","og_title":"Miedo","og_description":"IADE Prestigiosa escuela de dise\u00f1o espa\u00f1ola con m\u00e1s de 60 a\u00f1os en activo. La alumna Sof\u00eda Bonilla ha dise\u00f1ado y liderado todo el proceso creativo con la asistencia de las alumnas Paula Calero y Lola Bourboin. Marisa Santamar\u00eda ha comisariado el proyecto con las alumnas, talentos del dise\u00f1o seleccionadas.","og_url":"https:\/\/solandecabras.es\/en\/10-years-fighting-cancer\/fear\/","og_site_name":"Solan de Cabras","article_publisher":"https:\/\/www.facebook.com\/solandecabras","article_modified_time":"2024-03-04T15:41:17+00:00","twitter_card":"summary_large_image","twitter_site":"@Solan_de_Cabras","schema":{"@context":"https:\/\/schema.org","@graph":[{"@type":"WebPage","@id":"https:\/\/solandecabras.es\/en\/10-years-fighting-cancer\/fear\/","url":"https:\/\/solandecabras.es\/en\/10-years-fighting-cancer\/fear\/","name":"Miedo","isPartOf":{"@id":"https:\/\/solandecabras.es\/en\/#website"},"datePublished":"2023-10-16T16:20:49+00:00","dateModified":"2024-03-04T15:41:17+00:00","description":"IADE Prestigiosa escuela de dise\u00f1o espa\u00f1ola con m\u00e1s de 60 a\u00f1os en activo. La alumna Sof\u00eda Bonilla ha dise\u00f1ado y liderado todo el proceso creativo con la asistencia de las alumnas Paula Calero y Lola Bourboin. Marisa Santamar\u00eda ha comisariado el proyecto con las alumnas, talentos del dise\u00f1o seleccionadas.","breadcrumb":{"@id":"https:\/\/solandecabras.es\/en\/10-years-fighting-cancer\/fear\/#breadcrumb"},"inLanguage":"en-US","potentialAction":[{"@type":"ReadAction","target":["https:\/\/solandecabras.es\/en\/10-years-fighting-cancer\/fear\/"]}]},{"@type":"BreadcrumbList","@id":"https:\/\/solandecabras.es\/en\/10-years-fighting-cancer\/fear\/#breadcrumb","itemListElement":[{"@type":"ListItem","position":1,"name":"10 years fighting cancer","item":"https:\/\/solandecabras.es\/en\/10-years-fighting-cancer\/"},{"@type":"ListItem","position":2,"name":"Fear"}]},{"@type":"WebSite","@id":"https:\/\/solandecabras.es\/en\/#website","url":"https:\/\/solandecabras.es\/en\/","name":"Solan de Cabras","description":"Agua mineral Natural","publisher":{"@id":"https:\/\/solandecabras.es\/en\/#organization"},"potentialAction":[{"@type":"SearchAction","target":{"@type":"EntryPoint","urlTemplate":"https:\/\/solandecabras.es\/en\/?s={search_term_string}"},"query-input":{"@type":"PropertyValueSpecification","valueRequired":true,"valueName":"search_term_string"}}],"inLanguage":"en-US"},{"@type":"Organization","@id":"https:\/\/solandecabras.es\/en\/#organization","name":"Solan de Cabras","url":"https:\/\/solandecabras.es\/en\/","logo":{"@type":"ImageObject","inLanguage":"en-US","@id":"https:\/\/solandecabras.es\/en\/#\/schema\/logo\/image\/","url":"https:\/\/solandecabras.es\/wp-content\/uploads\/2025\/07\/logoactual.svg","contentUrl":"https:\/\/solandecabras.es\/wp-content\/uploads\/2025\/07\/logoactual.svg","width":"1024","height":"1024","caption":"Solan de Cabras"},"image":{"@id":"https:\/\/solandecabras.es\/en\/#\/schema\/logo\/image\/"},"sameAs":["https:\/\/www.facebook.com\/solandecabras","https:\/\/x.com\/Solan_de_Cabras","https:\/\/www.youtube.com\/user\/Solanenfoco","https:\/\/www.instagram.com\/solandecabras"]}]}},"_links":{"self":[{"href":"https:\/\/solandecabras.es\/en\/wp-json\/wp\/v2\/pages\/10723","targetHints":{"allow":["GET"]}}],"collection":[{"href":"https:\/\/solandecabras.es\/en\/wp-json\/wp\/v2\/pages"}],"about":[{"href":"https:\/\/solandecabras.es\/en\/wp-json\/wp\/v2\/types\/page"}],"author":[{"embeddable":true,"href":"https:\/\/solandecabras.es\/en\/wp-json\/wp\/v2\/users\/6"}],"replies":[{"embeddable":true,"href":"https:\/\/solandecabras.es\/en\/wp-json\/wp\/v2\/comments?post=10723"}],"version-history":[{"count":2,"href":"https:\/\/solandecabras.es\/en\/wp-json\/wp\/v2\/pages\/10723\/revisions"}],"predecessor-version":[{"id":10757,"href":"https:\/\/solandecabras.es\/en\/wp-json\/wp\/v2\/pages\/10723\/revisions\/10757"}],"up":[{"embeddable":true,"href":"https:\/\/solandecabras.es\/en\/wp-json\/wp\/v2\/pages\/10670"}],"wp:attachment":[{"href":"https:\/\/solandecabras.es\/en\/wp-json\/wp\/v2\/media?parent=10723"}],"curies":[{"name":"wp","href":"https:\/\/api.w.org\/{rel}","templated":true}]}}