{"id":10726,"date":"2023-10-16T16:20:16","date_gmt":"2023-10-16T16:20:16","guid":{"rendered":"https:\/\/solandecabras.es\/10aniversariocontraelcancer\/culpa\/"},"modified":"2024-03-04T15:43:06","modified_gmt":"2024-03-04T15:43:06","slug":"culpa","status":"publish","type":"page","link":"https:\/\/solandecabras.es\/en\/10-years-fighting-cancer\/guilt\/","title":{"rendered":"Guilt"},"content":{"rendered":"\n<section style=\"background-color:#f77193\" id=\"hero-home-block_adcfd68724a11f65a8121c6b58ac1ce5\"  class=\"mod mod--hero\nmod--hero-section  mod--single mod--full-width  mod--fake-full-width    bottom-content  negative\">\n      <div class=\"img-wrap\">\n                          <img decoding=\"async\"\n          class=\"current\"          src=\"https:\/\/solandecabras.es\/wp-content\/uploads\/2023\/10\/6-Culpa-Alba-de-la-Fuente.jpg\"\n          alt=\"\"\n        \/>\n            <\/div>\n  \n  <div class=\"text-wrap\">\n    <div class=\"slide-wrap\" data-autosize=\"height-max-child\">\n                                                                    <div class=\"slide current\">\n\n                  <p class=\"pretitle\">Alba de la Fuente<\/p>\n                \n      <h1 class=\"title\">\n      Guilt    <\/h1>\n  \n\n\n\n    <\/div>\n            <\/div>\n\n      <\/div>\n<\/section>\n\n\n<section style=\"background-color:#f77193\" id=\"wysiwyg-block_0a9d4fd9707ef12558a5f4de2afff844\" class=\"mod mod--wysiwyg mod--margin-desktop-none mod--margin-tablet-none mod--margin-smartphone-none mod--transition-none  mod--invert  mod--full-width\">\n\n  <div class=\"text-editor\">\n                  <div class=\"text-editor-container \"><b>ALBA DE LA FUENTE<\/b>\r\n<br>\r\nDigital creator in the space where architecture, interior spaces, and everyday objects converge. Author of surreal and evocative settings situated on the line between the digital and the physical spatial vision.<\/div>              <!-- <div class=\"text-editor-container\"> -->\n<div class=\"video-embed\" data-youtube-id=\"Ns9vE6veqD0\">\n        <img decoding=\"async\" src=\"https:\/\/solandecabras.es\/wp-content\/uploads\/2023\/10\/poster_culpa.png\" alt=\"\" \/>\n    <div class=\"iframe-placeholder\"><\/div>\n<\/div>\n<!-- <\/div> -->\n              <div class=\"text-editor-container \"><b>INSTALLATION<\/b>\r\n<br>\r\nRecurring images in movement that enclose the viewer in a tunnel that leads them to the stressful sensation of guilt. The real and physical connection is an armchair (collaboration with JOQUER) as a symbol of an intimate refuge in which to take shelter, rediscover oneself, emerge from the darkness.\r\n\r\n<br><br>\r\n<b>Technique and materials:  <\/b>\r\n\r\n1-Projected digital piece.\r\n2-Armchair produced in collaboration with JOQUER as a unique experimental piece.\r\n<\/div>              \n\n      \n            <div class=\"text-editor-container left\">\n          <a referrerpolicy=\"origin\"\n      class=\"btn btn--cta\"\n      href=\"https:\/\/maps.app.goo.gl\/b7gcNuobjUJCNKZFA\"\n      target=\"_blank\">\n      <span>See the location of the work<\/span>\n    <\/a>\n\n      <\/div>\n      \n\n\n              <div class=\"text-editor-container \"><\/div>            <\/div>\n\n\n\n                                                          \n<\/section>\n\n\n<section id=\"image-text-block_7d1e8caaeb77eff3ff162f7b5cea301a\" data-minheight=\"700\"  class=\"mod mod--image-text\n         mod--text-left  mod--boxed mod--boxed-image          \">\n      <img decoding=\"async\" src=\"https:\/\/solandecabras.es\/wp-content\/uploads\/2023\/09\/botella_culpa-1.png\" alt=\"\" \/>\n  \n    <div class=\"text-wrap\">\n    <p class=\"pretitle\">Limited edition<\/p><h2 class=\"title\">Guilt<\/h2>    <a referrerpolicy=\"origin\"\n      class=\"btn btn--cta\"\n      href=\"https:\/\/www.mahou-sanmiguel.com\/tienda\/p\/solan-cabras-rosa-vidrio.html\"\n      target=\"_blank\">\n      <span>Buy<\/span>\n    <\/a>\n  <\/div>\n\n  <\/section>\n\n\n\n<section id=\"obras-relacionadas\" class=\"mod mod--nav-subsection   \"\n    style=\"\n                        \"\n    >\n  \t<\/section>\n\n\n\n<section id=\"nav-subsection-block_d7f9736814d4b89801ba820a84168d90\" class=\"mod mod--nav-subsection   \"\n    style=\"\n                        \"\n    >\n  \t\t\t\t\t\t        \n\n                                                              \n\n<div class=\"mod-header\">\n      <h2 class=\"title\">Explore all the works<\/h2>\n    <ul class=\"pagination \">\n    <li><span class=\"prev\"><i class=\"ri-arrow-left-s-line\"><\/i><\/span><\/li>\n    <li><span class=\"next\"><i class=\"ri-arrow-right-s-line\"><\/i><\/span><\/li>\n  <\/ul>\n<\/div>\n<ul class=\"slider drag-to-scroll\">\n      \n                    <li class=\"item\">\n          <a href=\"\/en\/10yearsfightingcancer\/anxiety\" target=\"\">\n            <div class=\"img-wrap\">\n                                            <img decoding=\"async\" src=\"https:\/\/solandecabras.es\/wp-content\/uploads\/2023\/10\/poster_ansiedad.png\" alt=\"\" \/>\n                          <\/div>\n            <div class=\"text-wrap\">\n              <h3 class=\"title\">Anxiety<\/h3>\n              <span class=\"btn btn--link\"><\/span>\n            <\/div>\n          <\/a>\n        <\/li>\n      \n    \n                    <li class=\"item\">\n          <a href=\"\/en\/10-years-fighting-cancer\/joy\/\" target=\"\">\n            <div class=\"img-wrap\">\n                                            <img decoding=\"async\" src=\"https:\/\/solandecabras.es\/wp-content\/uploads\/2023\/10\/poster_alegria.png\" alt=\"\" \/>\n                          <\/div>\n            <div class=\"text-wrap\">\n              <h3 class=\"title\">Joy<\/h3>\n              <span class=\"btn btn--link\"><\/span>\n            <\/div>\n          <\/a>\n        <\/li>\n      \n    \n                    <li class=\"item\">\n          <a href=\"\/en\/10-years-fighting-cancer\/confidence\/\" target=\"\">\n            <div class=\"img-wrap\">\n                                            <img decoding=\"async\" src=\"https:\/\/solandecabras.es\/wp-content\/uploads\/2023\/10\/poster_confianza.png\" alt=\"\" \/>\n                          <\/div>\n            <div class=\"text-wrap\">\n              <h3 class=\"title\">Confidence<\/h3>\n              <span class=\"btn btn--link\"><\/span>\n            <\/div>\n          <\/a>\n        <\/li>\n      \n    \n                    <li class=\"item\">\n          <a href=\"\/en\/10yearsfightingcancer\/confusion\" target=\"\">\n            <div class=\"img-wrap\">\n                                            <img decoding=\"async\" src=\"https:\/\/solandecabras.es\/wp-content\/uploads\/2023\/10\/poster_confusion.png\" alt=\"\" \/>\n                          <\/div>\n            <div class=\"text-wrap\">\n              <h3 class=\"title\">Confusion<\/h3>\n              <span class=\"btn btn--link\"><\/span>\n            <\/div>\n          <\/a>\n        <\/li>\n      \n    \n                    <li class=\"item\">\n          <a href=\"\/en\/10-years-fighting-cancer\/guilt\/\" target=\"\">\n            <div class=\"img-wrap\">\n                                            <img decoding=\"async\" src=\"https:\/\/solandecabras.es\/wp-content\/uploads\/2023\/10\/poster_culpa.png\" alt=\"\" \/>\n                          <\/div>\n            <div class=\"text-wrap\">\n              <h3 class=\"title\">Guilt<\/h3>\n              <span class=\"btn btn--link\"><\/span>\n            <\/div>\n          <\/a>\n        <\/li>\n      \n    \n                    <li class=\"item\">\n          <a href=\"\/en\/10-years-fighting-cancer\/hope\/\" target=\"\">\n            <div class=\"img-wrap\">\n                                            <img decoding=\"async\" src=\"https:\/\/solandecabras.es\/wp-content\/uploads\/2023\/10\/poster_esperanza.png\" alt=\"\" \/>\n                          <\/div>\n            <div class=\"text-wrap\">\n              <h3 class=\"title\">Hope<\/h3>\n              <span class=\"btn btn--link\"><\/span>\n            <\/div>\n          <\/a>\n        <\/li>\n      \n    \n                    <li class=\"item\">\n          <a href=\"\/en\/10-years-fighting-cancer\/strength\/\" target=\"\">\n            <div class=\"img-wrap\">\n                                            <img decoding=\"async\" src=\"https:\/\/solandecabras.es\/wp-content\/uploads\/2023\/10\/poster_fuerza.png\" alt=\"\" \/>\n                          <\/div>\n            <div class=\"text-wrap\">\n              <h3 class=\"title\">Strength<\/h3>\n              <span class=\"btn btn--link\"><\/span>\n            <\/div>\n          <\/a>\n        <\/li>\n      \n    \n                    <li class=\"item\">\n          <a href=\"\/en\/10-years-fighting-cancer\/fear\/\" target=\"\">\n            <div class=\"img-wrap\">\n                                            <img decoding=\"async\" src=\"https:\/\/solandecabras.es\/wp-content\/uploads\/2023\/10\/poster_miedo.png\" alt=\"\" \/>\n                          <\/div>\n            <div class=\"text-wrap\">\n              <h3 class=\"title\">Fear<\/h3>\n              <span class=\"btn btn--link\"><\/span>\n            <\/div>\n          <\/a>\n        <\/li>\n      \n    \n                    <li class=\"item\">\n          <a href=\"\/en\/10-years-fighting-cancer\/serenity\/\" target=\"\">\n            <div class=\"img-wrap\">\n                                            <img decoding=\"async\" src=\"https:\/\/solandecabras.es\/wp-content\/uploads\/2023\/10\/poster_serenidad.png\" alt=\"\" \/>\n                          <\/div>\n            <div class=\"text-wrap\">\n              <h3 class=\"title\">Serenity<\/h3>\n              <span class=\"btn btn--link\"><\/span>\n            <\/div>\n          <\/a>\n        <\/li>\n      \n    \n                    <li class=\"item\">\n          <a href=\"\/en\/10-years-fighting-cancer\/sadness\/\" target=\"\">\n            <div class=\"img-wrap\">\n                                            <img decoding=\"async\" src=\"https:\/\/solandecabras.es\/wp-content\/uploads\/2023\/10\/poster_tristeza.png\" alt=\"\" \/>\n                          <\/div>\n            <div class=\"text-wrap\">\n              <h3 class=\"title\">Sadness<\/h3>\n              <span class=\"btn btn--link\"><\/span>\n            <\/div>\n          <\/a>\n        <\/li>\n      \n      <\/ul>\t\t\t\t\t<\/section>\n","protected":false},"excerpt":{"rendered":"","protected":false},"author":6,"featured_media":0,"parent":10670,"menu_order":0,"comment_status":"closed","ping_status":"closed","template":"","meta":{"inline_featured_image":false,"footnotes":""},"class_list":["post-10726","page","type-page","status-publish","hentry"],"acf":[],"yoast_head":"<!-- This site is optimized with the Yoast SEO plugin v26.2 - https:\/\/yoast.com\/wordpress\/plugins\/seo\/ -->\n<title>10 aniversario contra el cancer - Culpa<\/title>\n<meta name=\"description\" content=\"ALBA DE LA FUENTE Creadora digital en las confluencias de la arquitectura, los espacios interiores y los objetos que nos rodean. Autora de entornos surreales y sugerentes en una l\u00ednea que transcurre entre la visi\u00f3n espacial digital y f\u00edsica.\" \/>\n<meta name=\"robots\" content=\"index, follow, max-snippet:-1, max-image-preview:large, max-video-preview:-1\" \/>\n<link rel=\"canonical\" href=\"https:\/\/solandecabras.es\/en\/10-years-fighting-cancer\/guilt\/\" \/>\n<meta property=\"og:locale\" content=\"en_US\" \/>\n<meta property=\"og:type\" content=\"article\" \/>\n<meta property=\"og:title\" content=\"10 aniversario contra el cancer - Culpa\" \/>\n<meta property=\"og:description\" content=\"ALBA DE LA FUENTE Creadora digital en las confluencias de la arquitectura, los espacios interiores y los objetos que nos rodean. Autora de entornos surreales y sugerentes en una l\u00ednea que transcurre entre la visi\u00f3n espacial digital y f\u00edsica.\" \/>\n<meta property=\"og:url\" content=\"https:\/\/solandecabras.es\/en\/10-years-fighting-cancer\/guilt\/\" \/>\n<meta property=\"og:site_name\" content=\"Solan de Cabras\" \/>\n<meta property=\"article:publisher\" content=\"https:\/\/www.facebook.com\/solandecabras\" \/>\n<meta property=\"article:modified_time\" content=\"2024-03-04T15:43:06+00:00\" \/>\n<meta name=\"twitter:card\" content=\"summary_large_image\" \/>\n<meta name=\"twitter:site\" content=\"@Solan_de_Cabras\" \/>\n<script type=\"application\/ld+json\" class=\"yoast-schema-graph\">{\"@context\":\"https:\/\/schema.org\",\"@graph\":[{\"@type\":\"WebPage\",\"@id\":\"https:\/\/solandecabras.es\/en\/10-years-fighting-cancer\/guilt\/\",\"url\":\"https:\/\/solandecabras.es\/en\/10-years-fighting-cancer\/guilt\/\",\"name\":\"10 aniversario contra el cancer - Culpa\",\"isPartOf\":{\"@id\":\"https:\/\/solandecabras.es\/en\/#website\"},\"datePublished\":\"2023-10-16T16:20:16+00:00\",\"dateModified\":\"2024-03-04T15:43:06+00:00\",\"description\":\"ALBA DE LA FUENTE Creadora digital en las confluencias de la arquitectura, los espacios interiores y los objetos que nos rodean. Autora de entornos surreales y sugerentes en una l\u00ednea que transcurre entre la visi\u00f3n espacial digital y f\u00edsica.\",\"breadcrumb\":{\"@id\":\"https:\/\/solandecabras.es\/en\/10-years-fighting-cancer\/guilt\/#breadcrumb\"},\"inLanguage\":\"en-US\",\"potentialAction\":[{\"@type\":\"ReadAction\",\"target\":[\"https:\/\/solandecabras.es\/en\/10-years-fighting-cancer\/guilt\/\"]}]},{\"@type\":\"BreadcrumbList\",\"@id\":\"https:\/\/solandecabras.es\/en\/10-years-fighting-cancer\/guilt\/#breadcrumb\",\"itemListElement\":[{\"@type\":\"ListItem\",\"position\":1,\"name\":\"10 years fighting cancer\",\"item\":\"https:\/\/solandecabras.es\/en\/10-years-fighting-cancer\/\"},{\"@type\":\"ListItem\",\"position\":2,\"name\":\"Guilt\"}]},{\"@type\":\"WebSite\",\"@id\":\"https:\/\/solandecabras.es\/en\/#website\",\"url\":\"https:\/\/solandecabras.es\/en\/\",\"name\":\"Solan de Cabras\",\"description\":\"Agua mineral Natural\",\"publisher\":{\"@id\":\"https:\/\/solandecabras.es\/en\/#organization\"},\"potentialAction\":[{\"@type\":\"SearchAction\",\"target\":{\"@type\":\"EntryPoint\",\"urlTemplate\":\"https:\/\/solandecabras.es\/en\/?s={search_term_string}\"},\"query-input\":{\"@type\":\"PropertyValueSpecification\",\"valueRequired\":true,\"valueName\":\"search_term_string\"}}],\"inLanguage\":\"en-US\"},{\"@type\":\"Organization\",\"@id\":\"https:\/\/solandecabras.es\/en\/#organization\",\"name\":\"Solan de Cabras\",\"url\":\"https:\/\/solandecabras.es\/en\/\",\"logo\":{\"@type\":\"ImageObject\",\"inLanguage\":\"en-US\",\"@id\":\"https:\/\/solandecabras.es\/en\/#\/schema\/logo\/image\/\",\"url\":\"https:\/\/solandecabras.es\/wp-content\/uploads\/2025\/07\/logoactual.svg\",\"contentUrl\":\"https:\/\/solandecabras.es\/wp-content\/uploads\/2025\/07\/logoactual.svg\",\"width\":\"1024\",\"height\":\"1024\",\"caption\":\"Solan de Cabras\"},\"image\":{\"@id\":\"https:\/\/solandecabras.es\/en\/#\/schema\/logo\/image\/\"},\"sameAs\":[\"https:\/\/www.facebook.com\/solandecabras\",\"https:\/\/x.com\/Solan_de_Cabras\",\"https:\/\/www.youtube.com\/user\/Solanenfoco\",\"https:\/\/www.instagram.com\/solandecabras\"]}]}<\/script>\n<!-- \/ Yoast SEO plugin. -->","yoast_head_json":{"title":"10 aniversario contra el cancer - Culpa","description":"ALBA DE LA FUENTE Creadora digital en las confluencias de la arquitectura, los espacios interiores y los objetos que nos rodean. Autora de entornos surreales y sugerentes en una l\u00ednea que transcurre entre la visi\u00f3n espacial digital y f\u00edsica.","robots":{"index":"index","follow":"follow","max-snippet":"max-snippet:-1","max-image-preview":"max-image-preview:large","max-video-preview":"max-video-preview:-1"},"canonical":"https:\/\/solandecabras.es\/en\/10-years-fighting-cancer\/guilt\/","og_locale":"en_US","og_type":"article","og_title":"10 aniversario contra el cancer - Culpa","og_description":"ALBA DE LA FUENTE Creadora digital en las confluencias de la arquitectura, los espacios interiores y los objetos que nos rodean. Autora de entornos surreales y sugerentes en una l\u00ednea que transcurre entre la visi\u00f3n espacial digital y f\u00edsica.","og_url":"https:\/\/solandecabras.es\/en\/10-years-fighting-cancer\/guilt\/","og_site_name":"Solan de Cabras","article_publisher":"https:\/\/www.facebook.com\/solandecabras","article_modified_time":"2024-03-04T15:43:06+00:00","twitter_card":"summary_large_image","twitter_site":"@Solan_de_Cabras","schema":{"@context":"https:\/\/schema.org","@graph":[{"@type":"WebPage","@id":"https:\/\/solandecabras.es\/en\/10-years-fighting-cancer\/guilt\/","url":"https:\/\/solandecabras.es\/en\/10-years-fighting-cancer\/guilt\/","name":"10 aniversario contra el cancer - Culpa","isPartOf":{"@id":"https:\/\/solandecabras.es\/en\/#website"},"datePublished":"2023-10-16T16:20:16+00:00","dateModified":"2024-03-04T15:43:06+00:00","description":"ALBA DE LA FUENTE Creadora digital en las confluencias de la arquitectura, los espacios interiores y los objetos que nos rodean. Autora de entornos surreales y sugerentes en una l\u00ednea que transcurre entre la visi\u00f3n espacial digital y f\u00edsica.","breadcrumb":{"@id":"https:\/\/solandecabras.es\/en\/10-years-fighting-cancer\/guilt\/#breadcrumb"},"inLanguage":"en-US","potentialAction":[{"@type":"ReadAction","target":["https:\/\/solandecabras.es\/en\/10-years-fighting-cancer\/guilt\/"]}]},{"@type":"BreadcrumbList","@id":"https:\/\/solandecabras.es\/en\/10-years-fighting-cancer\/guilt\/#breadcrumb","itemListElement":[{"@type":"ListItem","position":1,"name":"10 years fighting cancer","item":"https:\/\/solandecabras.es\/en\/10-years-fighting-cancer\/"},{"@type":"ListItem","position":2,"name":"Guilt"}]},{"@type":"WebSite","@id":"https:\/\/solandecabras.es\/en\/#website","url":"https:\/\/solandecabras.es\/en\/","name":"Solan de Cabras","description":"Agua mineral Natural","publisher":{"@id":"https:\/\/solandecabras.es\/en\/#organization"},"potentialAction":[{"@type":"SearchAction","target":{"@type":"EntryPoint","urlTemplate":"https:\/\/solandecabras.es\/en\/?s={search_term_string}"},"query-input":{"@type":"PropertyValueSpecification","valueRequired":true,"valueName":"search_term_string"}}],"inLanguage":"en-US"},{"@type":"Organization","@id":"https:\/\/solandecabras.es\/en\/#organization","name":"Solan de Cabras","url":"https:\/\/solandecabras.es\/en\/","logo":{"@type":"ImageObject","inLanguage":"en-US","@id":"https:\/\/solandecabras.es\/en\/#\/schema\/logo\/image\/","url":"https:\/\/solandecabras.es\/wp-content\/uploads\/2025\/07\/logoactual.svg","contentUrl":"https:\/\/solandecabras.es\/wp-content\/uploads\/2025\/07\/logoactual.svg","width":"1024","height":"1024","caption":"Solan de Cabras"},"image":{"@id":"https:\/\/solandecabras.es\/en\/#\/schema\/logo\/image\/"},"sameAs":["https:\/\/www.facebook.com\/solandecabras","https:\/\/x.com\/Solan_de_Cabras","https:\/\/www.youtube.com\/user\/Solanenfoco","https:\/\/www.instagram.com\/solandecabras"]}]}},"_links":{"self":[{"href":"https:\/\/solandecabras.es\/en\/wp-json\/wp\/v2\/pages\/10726","targetHints":{"allow":["GET"]}}],"collection":[{"href":"https:\/\/solandecabras.es\/en\/wp-json\/wp\/v2\/pages"}],"about":[{"href":"https:\/\/solandecabras.es\/en\/wp-json\/wp\/v2\/types\/page"}],"author":[{"embeddable":true,"href":"https:\/\/solandecabras.es\/en\/wp-json\/wp\/v2\/users\/6"}],"replies":[{"embeddable":true,"href":"https:\/\/solandecabras.es\/en\/wp-json\/wp\/v2\/comments?post=10726"}],"version-history":[{"count":2,"href":"https:\/\/solandecabras.es\/en\/wp-json\/wp\/v2\/pages\/10726\/revisions"}],"predecessor-version":[{"id":10748,"href":"https:\/\/solandecabras.es\/en\/wp-json\/wp\/v2\/pages\/10726\/revisions\/10748"}],"up":[{"embeddable":true,"href":"https:\/\/solandecabras.es\/en\/wp-json\/wp\/v2\/pages\/10670"}],"wp:attachment":[{"href":"https:\/\/solandecabras.es\/en\/wp-json\/wp\/v2\/media?parent=10726"}],"curies":[{"name":"wp","href":"https:\/\/api.w.org\/{rel}","templated":true}]}}