{"id":10798,"date":"2022-12-10T10:20:39","date_gmt":"2022-12-10T10:20:39","guid":{"rendered":"https:\/\/solandecabras.es\/compania\/unete\/"},"modified":"2024-02-29T16:16:45","modified_gmt":"2024-02-29T16:16:45","slug":"unete","status":"publish","type":"page","link":"https:\/\/solandecabras.es\/en\/company\/join-us\/","title":{"rendered":"Join Us"},"content":{"rendered":"\n<section style=\"\" id=\"hero-home-block_379f72ac91d149c50f1a93a5b9b9207c\"  class=\"mod mod--hero\nmod--hero-section  mod--single mod--small    mod--waves   bottom-content  negative\">\n      <div class=\"img-wrap\">\n                          <img decoding=\"async\"\n          class=\"current\"          src=\"https:\/\/solandecabras.es\/wp-content\/uploads\/2022\/12\/company_news_1.jpg\"\n          alt=\"\"\n        \/>\n            <\/div>\n  \n  <div class=\"text-wrap\">\n    <div class=\"slide-wrap\" data-autosize=\"height-max-child\">\n                                                                    <div class=\"slide current\">\n\n                  <p class=\"pretitle\">Join Us<\/p>\n                \n      <h1 class=\"title\">\n      Join our team.    <\/h1>\n  \n\n\n\n    <\/div>\n            <\/div>\n\n      <\/div>\n<\/section>\n\n\n<section id=\"image-text-block_844b94749ff2a02021ccd79f1724aadc\"   class=\"mod mod--image-text\n                     \">\n  \n    <div class=\"text-wrap\">\n    <p class=\"pretitle\">Work-life balance<\/p><h2 class=\"title\">Ensuring<br>\r\nwell-being<\/h2><p>Sol\u00e1n de Cabras is a great company to work for because of the principles that govern our values. We believe in the value of a work-life balance to ensure the well-being of our employees.<\/p>  <\/div>\n\n  <\/section>\n\n\n\n<section id=\"image-text-block_cf9cfbc567c15987e1dfc58373a44532\"   class=\"mod mod--image-text\n                     \">\n  \n    <div class=\"text-wrap\">\n    <p class=\"pretitle\">Universidad Corporativa Estudia<\/p><h2 class=\"title\">Promoting <br>growth<\/h2><p>Our Universidad Corporativa Estudia offers courses on both general topics and job-specific subjects, and we encourage the growth of our employees in order to develop their talent.<\/p>  <\/div>\n\n  <\/section>\n\n\n\n<section id=\"full-image-text-block_0afc4cecab4a118d8fe23da9b11d9130\"  class=\"mod mod--full-image-text\n mod--boxless      \">\n\n        <div class=\"img-wrap\">\n      <img decoding=\"async\" src=\"https:\/\/solandecabras.es\/wp-content\/uploads\/2022\/12\/company_solan_in_the_world_7.jpg\" alt=\"\" \/>\n    <\/div>\n  \n  <div class=\"card\">\n    <p class=\"pretitle\">Join Us<\/p><h2 class=\"title\">Go to our recruitment portal<\/h2><p>Become part of our team. Consult all our vacancies and apply for the ones that most interest you, or send us your CV for other hiring processes that may arise.<\/p>    <a referrerpolicy=\"origin\"\n      class=\"btn btn--cta\"\n      href=\"http:\/\/mahou-sanmiguel.asp.infojobs.net\/\"\n      target=\"_blank\">\n      <span>Enter<\/span>\n    <\/a>\n  <\/div>\n<\/section>\n\n\n\n<section id=\"nav-subsection-block_29b063179546a7ee575b4649be47b627\" class=\"mod mod--nav-subsection   \"\n    style=\"\n                        \"\n    >\n  \t\t\t\t\t\t        \n\n                                            \n\n<div class=\"mod-header\">\n      <h2 class=\"title\">YOU MIGHT BE INTERESTED IN<\/h2>\n    <ul class=\"pagination \">\n    <li><span class=\"prev\"><i class=\"ri-arrow-left-s-line\"><\/i><\/span><\/li>\n    <li><span class=\"next\"><i class=\"ri-arrow-right-s-line\"><\/i><\/span><\/li>\n  <\/ul>\n<\/div>\n<ul class=\"slider drag-to-scroll\">\n      \n                    <li class=\"item\">\n          <a href=\"\/en\/company\/history\/\" target=\"\">\n            <div class=\"img-wrap\">\n                                            <img decoding=\"async\" src=\"https:\/\/solandecabras.es\/wp-content\/uploads\/2022\/12\/nav-subsection-company-historia.jpg\" alt=\"\" \/>\n                          <\/div>\n            <div class=\"text-wrap\">\n              <h3 class=\"title\">History<\/h3>\n              <span class=\"btn btn--link\">Discover it<\/span>\n            <\/div>\n          <\/a>\n        <\/li>\n      \n    \n                    <li class=\"item\">\n          <a href=\"\/en\/company\/\" target=\"\">\n            <div class=\"img-wrap\">\n                                            <img decoding=\"async\" src=\"https:\/\/solandecabras.es\/wp-content\/uploads\/2022\/12\/nav-subsection-mision.jpg\" alt=\"\" \/>\n                          <\/div>\n            <div class=\"text-wrap\">\n              <h3 class=\"title\">Mission and values<\/h3>\n              <span class=\"btn btn--link\">Discover it<\/span>\n            <\/div>\n          <\/a>\n        <\/li>\n      \n    \n                    <li class=\"item\">\n          <a href=\"\/en\/company\/adwards\/\" target=\"\">\n            <div class=\"img-wrap\">\n                                            <img decoding=\"async\" src=\"https:\/\/solandecabras.es\/wp-content\/uploads\/2022\/12\/nav-subsection-premios.jpg\" alt=\"\" \/>\n                          <\/div>\n            <div class=\"text-wrap\">\n              <h3 class=\"title\">Awards<\/h3>\n              <span class=\"btn btn--link\">Discover it<\/span>\n            <\/div>\n          <\/a>\n        <\/li>\n      \n    \n                    <li class=\"item\">\n          <a href=\"\/en\/solan-world\/\" target=\"\">\n            <div class=\"img-wrap\">\n                                            <img decoding=\"async\" src=\"https:\/\/solandecabras.es\/wp-content\/uploads\/2022\/12\/nav-subsection-presna.jpg\" alt=\"\" \/>\n                          <\/div>\n            <div class=\"text-wrap\">\n              <h3 class=\"title\">News<\/h3>\n              <span class=\"btn btn--link\">Discover it<\/span>\n            <\/div>\n          <\/a>\n        <\/li>\n      \n    \n                    <li class=\"item\">\n          <a href=\"\/en\/company\/Solan-around-the-world\/\" target=\"\">\n            <div class=\"img-wrap\">\n                                            <img decoding=\"async\" src=\"https:\/\/solandecabras.es\/wp-content\/uploads\/2022\/12\/nav-subsection-solan-en-el-mundo.jpg\" alt=\"\" \/>\n                          <\/div>\n            <div class=\"text-wrap\">\n              <h3 class=\"title\">Sol\u00e1n around the world<\/h3>\n              <span class=\"btn btn--link\">Descubre<\/span>\n            <\/div>\n          <\/a>\n        <\/li>\n      \n    \n                    <li class=\"item\">\n          <a href=\"\/en\/company\/join-us\/\" target=\"\">\n            <div class=\"img-wrap\">\n                                            <img decoding=\"async\" src=\"https:\/\/solandecabras.es\/wp-content\/uploads\/2022\/12\/nav-subsection-unete-al-equipo.jpg\" alt=\"\" \/>\n                          <\/div>\n            <div class=\"text-wrap\">\n              <h3 class=\"title\">Join our team<\/h3>\n              <span class=\"btn btn--link\">Join Us<\/span>\n            <\/div>\n          <\/a>\n        <\/li>\n      \n    \n                    <li class=\"item\">\n          <a href=\"\/en\/company\/\" target=\"\">\n            <div class=\"img-wrap\">\n                                            <img decoding=\"async\" src=\"https:\/\/solandecabras.es\/wp-content\/uploads\/2022\/12\/nav-subsection-informe-anual.jpg\" alt=\"\" \/>\n                          <\/div>\n            <div class=\"text-wrap\">\n              <h3 class=\"title\">Annual report<\/h3>\n              <span class=\"btn btn--link\">Discover it<\/span>\n            <\/div>\n          <\/a>\n        <\/li>\n      \n      <\/ul>\t\t\t\t\t<\/section>\n","protected":false},"excerpt":{"rendered":"","protected":false},"author":1,"featured_media":0,"parent":10703,"menu_order":0,"comment_status":"closed","ping_status":"closed","template":"","meta":{"inline_featured_image":false,"footnotes":""},"class_list":["post-10798","page","type-page","status-publish","hentry"],"acf":[],"yoast_head":"<!-- This site is optimized with the Yoast SEO plugin v26.2 - https:\/\/yoast.com\/wordpress\/plugins\/seo\/ -->\n<title>\u00danete a Sol\u00e1n de Cabras<\/title>\n<meta name=\"description\" content=\"GARANTIZANDO EL BIENESTAR Sol\u00e1n de Cabras es una gran compa\u00f1\u00eda para trabajar debido a sus principios que rigen sus valores. Creemos en el valor de la conciliaci\u00f3n laboral y familiar para garantizar el bienestar de nuestros profesionales.\" \/>\n<meta name=\"robots\" content=\"index, follow, max-snippet:-1, max-image-preview:large, max-video-preview:-1\" \/>\n<link rel=\"canonical\" href=\"https:\/\/solandecabras.es\/en\/company\/join-us\/\" \/>\n<meta property=\"og:locale\" content=\"en_US\" \/>\n<meta property=\"og:type\" content=\"article\" \/>\n<meta property=\"og:title\" content=\"\u00danete a Sol\u00e1n de Cabras\" \/>\n<meta property=\"og:description\" content=\"GARANTIZANDO EL BIENESTAR Sol\u00e1n de Cabras es una gran compa\u00f1\u00eda para trabajar debido a sus principios que rigen sus valores. Creemos en el valor de la conciliaci\u00f3n laboral y familiar para garantizar el bienestar de nuestros profesionales.\" \/>\n<meta property=\"og:url\" content=\"https:\/\/solandecabras.es\/en\/company\/join-us\/\" \/>\n<meta property=\"og:site_name\" content=\"Solan de Cabras\" \/>\n<meta property=\"article:publisher\" content=\"https:\/\/www.facebook.com\/solandecabras\" \/>\n<meta property=\"article:modified_time\" content=\"2024-02-29T16:16:45+00:00\" \/>\n<meta name=\"twitter:card\" content=\"summary_large_image\" \/>\n<meta name=\"twitter:site\" content=\"@Solan_de_Cabras\" \/>\n<script type=\"application\/ld+json\" class=\"yoast-schema-graph\">{\"@context\":\"https:\/\/schema.org\",\"@graph\":[{\"@type\":\"WebPage\",\"@id\":\"https:\/\/solandecabras.es\/en\/company\/join-us\/\",\"url\":\"https:\/\/solandecabras.es\/en\/company\/join-us\/\",\"name\":\"\u00danete a Sol\u00e1n de Cabras\",\"isPartOf\":{\"@id\":\"https:\/\/solandecabras.es\/en\/#website\"},\"datePublished\":\"2022-12-10T10:20:39+00:00\",\"dateModified\":\"2024-02-29T16:16:45+00:00\",\"description\":\"GARANTIZANDO EL BIENESTAR Sol\u00e1n de Cabras es una gran compa\u00f1\u00eda para trabajar debido a sus principios que rigen sus valores. Creemos en el valor de la conciliaci\u00f3n laboral y familiar para garantizar el bienestar de nuestros profesionales.\",\"breadcrumb\":{\"@id\":\"https:\/\/solandecabras.es\/en\/company\/join-us\/#breadcrumb\"},\"inLanguage\":\"en-US\",\"potentialAction\":[{\"@type\":\"ReadAction\",\"target\":[\"https:\/\/solandecabras.es\/en\/company\/join-us\/\"]}]},{\"@type\":\"BreadcrumbList\",\"@id\":\"https:\/\/solandecabras.es\/en\/company\/join-us\/#breadcrumb\",\"itemListElement\":[{\"@type\":\"ListItem\",\"position\":1,\"name\":\"Company\",\"item\":\"https:\/\/solandecabras.es\/en\/company\/\"},{\"@type\":\"ListItem\",\"position\":2,\"name\":\"Join Us\"}]},{\"@type\":\"WebSite\",\"@id\":\"https:\/\/solandecabras.es\/en\/#website\",\"url\":\"https:\/\/solandecabras.es\/en\/\",\"name\":\"Solan de Cabras\",\"description\":\"Agua mineral Natural\",\"publisher\":{\"@id\":\"https:\/\/solandecabras.es\/en\/#organization\"},\"potentialAction\":[{\"@type\":\"SearchAction\",\"target\":{\"@type\":\"EntryPoint\",\"urlTemplate\":\"https:\/\/solandecabras.es\/en\/?s={search_term_string}\"},\"query-input\":{\"@type\":\"PropertyValueSpecification\",\"valueRequired\":true,\"valueName\":\"search_term_string\"}}],\"inLanguage\":\"en-US\"},{\"@type\":\"Organization\",\"@id\":\"https:\/\/solandecabras.es\/en\/#organization\",\"name\":\"Solan de Cabras\",\"url\":\"https:\/\/solandecabras.es\/en\/\",\"logo\":{\"@type\":\"ImageObject\",\"inLanguage\":\"en-US\",\"@id\":\"https:\/\/solandecabras.es\/en\/#\/schema\/logo\/image\/\",\"url\":\"https:\/\/solandecabras.es\/wp-content\/uploads\/2025\/07\/logoactual.svg\",\"contentUrl\":\"https:\/\/solandecabras.es\/wp-content\/uploads\/2025\/07\/logoactual.svg\",\"width\":\"1024\",\"height\":\"1024\",\"caption\":\"Solan de Cabras\"},\"image\":{\"@id\":\"https:\/\/solandecabras.es\/en\/#\/schema\/logo\/image\/\"},\"sameAs\":[\"https:\/\/www.facebook.com\/solandecabras\",\"https:\/\/x.com\/Solan_de_Cabras\",\"https:\/\/www.youtube.com\/user\/Solanenfoco\",\"https:\/\/www.instagram.com\/solandecabras\"]}]}<\/script>\n<!-- \/ Yoast SEO plugin. -->","yoast_head_json":{"title":"\u00danete a Sol\u00e1n de Cabras","description":"GARANTIZANDO EL BIENESTAR Sol\u00e1n de Cabras es una gran compa\u00f1\u00eda para trabajar debido a sus principios que rigen sus valores. Creemos en el valor de la conciliaci\u00f3n laboral y familiar para garantizar el bienestar de nuestros profesionales.","robots":{"index":"index","follow":"follow","max-snippet":"max-snippet:-1","max-image-preview":"max-image-preview:large","max-video-preview":"max-video-preview:-1"},"canonical":"https:\/\/solandecabras.es\/en\/company\/join-us\/","og_locale":"en_US","og_type":"article","og_title":"\u00danete a Sol\u00e1n de Cabras","og_description":"GARANTIZANDO EL BIENESTAR Sol\u00e1n de Cabras es una gran compa\u00f1\u00eda para trabajar debido a sus principios que rigen sus valores. Creemos en el valor de la conciliaci\u00f3n laboral y familiar para garantizar el bienestar de nuestros profesionales.","og_url":"https:\/\/solandecabras.es\/en\/company\/join-us\/","og_site_name":"Solan de Cabras","article_publisher":"https:\/\/www.facebook.com\/solandecabras","article_modified_time":"2024-02-29T16:16:45+00:00","twitter_card":"summary_large_image","twitter_site":"@Solan_de_Cabras","schema":{"@context":"https:\/\/schema.org","@graph":[{"@type":"WebPage","@id":"https:\/\/solandecabras.es\/en\/company\/join-us\/","url":"https:\/\/solandecabras.es\/en\/company\/join-us\/","name":"\u00danete a Sol\u00e1n de Cabras","isPartOf":{"@id":"https:\/\/solandecabras.es\/en\/#website"},"datePublished":"2022-12-10T10:20:39+00:00","dateModified":"2024-02-29T16:16:45+00:00","description":"GARANTIZANDO EL BIENESTAR Sol\u00e1n de Cabras es una gran compa\u00f1\u00eda para trabajar debido a sus principios que rigen sus valores. Creemos en el valor de la conciliaci\u00f3n laboral y familiar para garantizar el bienestar de nuestros profesionales.","breadcrumb":{"@id":"https:\/\/solandecabras.es\/en\/company\/join-us\/#breadcrumb"},"inLanguage":"en-US","potentialAction":[{"@type":"ReadAction","target":["https:\/\/solandecabras.es\/en\/company\/join-us\/"]}]},{"@type":"BreadcrumbList","@id":"https:\/\/solandecabras.es\/en\/company\/join-us\/#breadcrumb","itemListElement":[{"@type":"ListItem","position":1,"name":"Company","item":"https:\/\/solandecabras.es\/en\/company\/"},{"@type":"ListItem","position":2,"name":"Join Us"}]},{"@type":"WebSite","@id":"https:\/\/solandecabras.es\/en\/#website","url":"https:\/\/solandecabras.es\/en\/","name":"Solan de Cabras","description":"Agua mineral Natural","publisher":{"@id":"https:\/\/solandecabras.es\/en\/#organization"},"potentialAction":[{"@type":"SearchAction","target":{"@type":"EntryPoint","urlTemplate":"https:\/\/solandecabras.es\/en\/?s={search_term_string}"},"query-input":{"@type":"PropertyValueSpecification","valueRequired":true,"valueName":"search_term_string"}}],"inLanguage":"en-US"},{"@type":"Organization","@id":"https:\/\/solandecabras.es\/en\/#organization","name":"Solan de Cabras","url":"https:\/\/solandecabras.es\/en\/","logo":{"@type":"ImageObject","inLanguage":"en-US","@id":"https:\/\/solandecabras.es\/en\/#\/schema\/logo\/image\/","url":"https:\/\/solandecabras.es\/wp-content\/uploads\/2025\/07\/logoactual.svg","contentUrl":"https:\/\/solandecabras.es\/wp-content\/uploads\/2025\/07\/logoactual.svg","width":"1024","height":"1024","caption":"Solan de Cabras"},"image":{"@id":"https:\/\/solandecabras.es\/en\/#\/schema\/logo\/image\/"},"sameAs":["https:\/\/www.facebook.com\/solandecabras","https:\/\/x.com\/Solan_de_Cabras","https:\/\/www.youtube.com\/user\/Solanenfoco","https:\/\/www.instagram.com\/solandecabras"]}]}},"_links":{"self":[{"href":"https:\/\/solandecabras.es\/en\/wp-json\/wp\/v2\/pages\/10798","targetHints":{"allow":["GET"]}}],"collection":[{"href":"https:\/\/solandecabras.es\/en\/wp-json\/wp\/v2\/pages"}],"about":[{"href":"https:\/\/solandecabras.es\/en\/wp-json\/wp\/v2\/types\/page"}],"author":[{"embeddable":true,"href":"https:\/\/solandecabras.es\/en\/wp-json\/wp\/v2\/users\/1"}],"replies":[{"embeddable":true,"href":"https:\/\/solandecabras.es\/en\/wp-json\/wp\/v2\/comments?post=10798"}],"version-history":[{"count":7,"href":"https:\/\/solandecabras.es\/en\/wp-json\/wp\/v2\/pages\/10798\/revisions"}],"predecessor-version":[{"id":10807,"href":"https:\/\/solandecabras.es\/en\/wp-json\/wp\/v2\/pages\/10798\/revisions\/10807"}],"up":[{"embeddable":true,"href":"https:\/\/solandecabras.es\/en\/wp-json\/wp\/v2\/pages\/10703"}],"wp:attachment":[{"href":"https:\/\/solandecabras.es\/en\/wp-json\/wp\/v2\/media?parent=10798"}],"curies":[{"name":"wp","href":"https:\/\/api.w.org\/{rel}","templated":true}]}}