{"id":10809,"date":"2022-10-17T07:43:18","date_gmt":"2022-10-17T07:43:18","guid":{"rendered":"https:\/\/solandecabras.es\/mundo-solan\/"},"modified":"2025-02-24T11:13:47","modified_gmt":"2025-02-24T11:13:47","slug":"solan-world","status":"publish","type":"page","link":"https:\/\/solandecabras.es\/en\/solan-world\/","title":{"rendered":"Sol\u00e1n World"},"content":{"rendered":"\n<section style=\"\" id=\"hero-home-block_5e87b4e4894398c040bf8ca2f2b34f1f\"  class=\"mod mod--hero\nmod--hero-section  mod--single   mod--fake-full-width  mod--veil mod--transition-none  bottom-content  negative\">\n      <div class=\"img-wrap\">\n                          <img decoding=\"async\"\n          class=\"current\"          src=\"https:\/\/solandecabras.es\/wp-content\/uploads\/2022\/10\/hero-home-3.jpg\"\n          alt=\"\"\n        \/>\n            <\/div>\n  \n  <div class=\"text-wrap\">\n    <div class=\"slide-wrap\" data-autosize=\"height-max-child\">\n                                                                    <div class=\"slide current\">\n\n                  <p class=\"pretitle\">Sol\u00e1n World<\/p>\n                \n      <h1 class=\"title\">\n      So much more <br> than just <strong>water <\/strong>    <\/h1>\n  \n\n\n\n    <\/div>\n            <\/div>\n\n      <\/div>\n<\/section>\n\n\n<section id=\"image-text-block_6944676d6907058fed46018e0e52c2c9\" data-minheight=\"900\"  class=\"mod mod--image-text\n         mod--text-center  mod--boxed mod--boxed-image      mod--full-width   mod--margin-desktop-none mod--margin-tablet-none mod--margin-smartphone-none mod--transition-none  mod--veil\">\n      <img decoding=\"async\" src=\"https:\/\/solandecabras.es\/wp-content\/uploads\/2023\/08\/mundo_solan_valores.webp\" alt=\"\" \/>\n  \n    <div class=\"text-wrap\">\n    <p class=\"pretitle\">Brands and events<\/p><h2 class=\"title\">with which we share common values<\/h2>    <a referrerpolicy=\"origin\"\n      class=\"btn btn--cta\"\n      href=\"\/mundo-solan\/patrocinios\/\"\n      target=\"\">\n      <span>Sponsorships<\/span>\n    <\/a>\n  <\/div>\n\n      <svg class=\"decoration-lines\" xmlns=\"http:\/\/www.w3.org\/2000\/svg\" viewBox=\"0 0 1508.2 236.41\">\r\n  <defs>\r\n    <style>\r\n      .cls-1 {\r\n        stroke: #ffd105;\r\n      }\r\n\r\n      .cls-1, .cls-2 {\r\n        fill: none;\r\n        stroke-miterlimit: 10;\r\n        stroke-width: .25px;\r\n      }\r\n\r\n      .cls-2 {\r\n        stroke: #002169;\r\n      }\r\n    <\/style>\r\n  <\/defs>\r\n  <path class=\"cls-2\" d=\"M.11,44.79s130.5,94.7,439.6,88.4c261-5.3,316.2-81.7,658.7-97.1C1490.81,18.59,1508.11,.09,1508.11,.09\"\/>\r\n  <path class=\"cls-1\" d=\"M.01,236.29s104.2-8.8,347.9-20.5c193.1-9.3,421.2-54.2,620.1-100.2,169.8-39.2,240.5-45.8,302.4-50.1s237.6-12.1,237.6-12.1\"\/>\r\n<\/svg>\r\n  <\/section>\n\n\n\n<section id=\"card-vertical-block_92605d5ddd30ec40aec7cbb7391489e4\" class=\"mod mod--cards-vertical\nmod--grid  mod--boxed mod--full-width     mod--cards-outside mod--margin-desktop-none mod--margin-tablet-none mod--margin-smartphone-none \" style=\"\n                                                                                                           \">\n\n  <div class=\"mod-header\">\n    <h2 class=\"title\">Our\r\nsponsorships<\/h2>  <\/div>\n      <ul class=\"card-container\">\n              <li class=\"card\">\n        <div class=\"img-wrap\">\n      <img loading=\"lazy\" decoding=\"async\" width=\"600\" height=\"409\" src=\"https:\/\/solandecabras.es\/wp-content\/uploads\/2023\/08\/mundo_solan_futbol.webp\" alt=\"\" \/>\n    <\/div>\n    <div class=\"text-wrap\">\n    <p class=\"pretitle\">Sol\u00e1n de Cabras sponsors LaLiga, the Real Madrid, and the Atl\u00e9tico de Madrid.<\/p>                <a referrerpolicy=\"origin\"\n      class=\"btn btn--cta\"\n      href=\"\/en\/football-sponsorships\"\n      target=\"\">\n      <span>See soccer sponsorships<\/span>\n    <\/a>\n  <\/div>\n<\/li>\n              <li class=\"card\">\n        <div class=\"img-wrap\">\n      <img loading=\"lazy\" decoding=\"async\" width=\"600\" height=\"409\" src=\"https:\/\/solandecabras.es\/wp-content\/uploads\/2023\/08\/mundo_solan_golf.webp\" alt=\"\" \/>\n    <\/div>\n    <div class=\"text-wrap\">\n    <p class=\"pretitle\">Sol\u00e1n de Cabras sponsors the Acciona Golf Open and the Solheim Cup.<\/p>                <a referrerpolicy=\"origin\"\n      class=\"btn btn--cta\"\n      href=\"\/en\/golf-sponsorships\/\"\n      target=\"\">\n      <span>See golf sponsorships<\/span>\n    <\/a>\n  <\/div>\n<\/li>\n          <\/ul>\n  \n  \n<\/section>\n\n\n\t\t\t\t\t\n<section id=\"slider-block_f6d6a5bc4c67d62b5874479c57cda424\" class=\"mod mod--slider  mod--boxed mod--slider-over mod--full-width  \">\n\n  \n            \n          \n          \n          \n          \n      \n  <div class=\"container container--wide\">\n    <div class=\"slider-header\">\n      <h2 class=\"title\"><em><strong>Sol\u00e1n<\/strong><\/em> <br>\r\n\r\nWorld<\/h2>      <ul class=\"pagination pagination--white \">\n        <li><span class=\"prev\"><i class=\"ri-arrow-left-s-line\"><\/i><\/span><\/li>\n        <li><span class=\"next\"><i class=\"ri-arrow-right-s-line\"><\/i><\/span><\/li>\n      <\/ul>\n    <\/div>\n\n\n\n    <div class=\"slider-body\">\n              <div class=\"splide\">\n          <div class=\"splide__track\">\n            <div class=\"splide__list\">\n                              <div class=\"splide__slide\">\n                                                                                            <img decoding=\"async\" src=\"https:\/\/solandecabras.es\/wp-content\/uploads\/2023\/07\/agua-mineral-natural.webp\" alt=\"\" \/>\n                                    <div class=\"text-wrap\">\n                    <h3 class=\"title\">Natural Mineral Water<\/h3>                        <a referrerpolicy=\"origin\"\n      class=\"btn btn--cta\"\n      href=\"\/en\/products\/natural-mineral-water\/\"\n      target=\"\">\n      <span>Natural Mineral Water<\/span>\n    <\/a>\n                  <\/div>\n                <\/div>\n                              <div class=\"splide__slide\">\n                                                                                            <img decoding=\"async\" src=\"https:\/\/solandecabras.es\/wp-content\/uploads\/2023\/07\/slider-footer-productos.webp\" alt=\"\" \/>\n                                    <div class=\"text-wrap\">\n                    <h3 class=\"title\">Products<\/h3>                        <a referrerpolicy=\"origin\"\n      class=\"btn btn--cta\"\n      href=\"\/en\/products\"\n      target=\"\">\n      <span>See the entire range<\/span>\n    <\/a>\n                  <\/div>\n                <\/div>\n                              <div class=\"splide__slide\">\n                                                                                            <img decoding=\"async\" src=\"https:\/\/solandecabras.es\/wp-content\/uploads\/2023\/07\/slider-footer-sostenibilidad.webp\" alt=\"\" \/>\n                                    <div class=\"text-wrap\">\n                    <h3 class=\"title\">Sustainability<\/h3>                        <a referrerpolicy=\"origin\"\n      class=\"btn btn--cta\"\n      href=\"\/en\/sustainability\"\n      target=\"\">\n      <span>Committed<\/span>\n    <\/a>\n                  <\/div>\n                <\/div>\n                              <div class=\"splide__slide\">\n                                                                                            <img decoding=\"async\" src=\"https:\/\/solandecabras.es\/wp-content\/uploads\/2023\/07\/slider-footer-mundo-solan.webp\" alt=\"\" \/>\n                                    <div class=\"text-wrap\">\n                    <h3 class=\"title\">Sol\u00e1n World<\/h3>                        <a referrerpolicy=\"origin\"\n      class=\"btn btn--cta\"\n      href=\"\/en\/solan-world\"\n      target=\"\">\n      <span>See news<\/span>\n    <\/a>\n                  <\/div>\n                <\/div>\n                              <div class=\"splide__slide\">\n                                                                                            <img decoding=\"async\" src=\"https:\/\/solandecabras.es\/wp-content\/uploads\/2023\/07\/slider-footer-compania.webp\" alt=\"\" \/>\n                                    <div class=\"text-wrap\">\n                    <h3 class=\"title\">Company<\/h3>                        <a referrerpolicy=\"origin\"\n      class=\"btn btn--cta\"\n      href=\"\/en\/company\"\n      target=\"\">\n      <span>About us<\/span>\n    <\/a>\n                  <\/div>\n                <\/div>\n                          <\/div>\n          <\/div>\n        <\/div>\n          <\/div>\n  <\/div>\n<\/section>\t\t","protected":false},"excerpt":{"rendered":"","protected":false},"author":1,"featured_media":0,"parent":0,"menu_order":0,"comment_status":"closed","ping_status":"closed","template":"","meta":{"inline_featured_image":false,"footnotes":""},"class_list":["post-10809","page","type-page","status-publish","hentry"],"acf":[],"yoast_head":"<!-- This site is optimized with the Yoast SEO plugin v26.2 - https:\/\/yoast.com\/wordpress\/plugins\/seo\/ -->\n<title>Mundo Sol\u00e1n - Solan de Cabras<\/title>\n<meta name=\"description\" content=\"Mundo Sol\u00e1n MUCHO M\u00c1S QUE AGUA Marcas y eventos con las que COMPARTIMOS VALORES COMUNES\" \/>\n<meta name=\"robots\" content=\"index, follow, max-snippet:-1, max-image-preview:large, max-video-preview:-1\" \/>\n<link rel=\"canonical\" href=\"https:\/\/solandecabras.es\/en\/solan-world\/\" \/>\n<meta property=\"og:locale\" content=\"en_US\" \/>\n<meta property=\"og:type\" content=\"article\" \/>\n<meta property=\"og:title\" content=\"Mundo Sol\u00e1n - Solan de Cabras\" \/>\n<meta property=\"og:description\" content=\"Mundo Sol\u00e1n MUCHO M\u00c1S QUE AGUA Marcas y eventos con las que COMPARTIMOS VALORES COMUNES\" \/>\n<meta property=\"og:url\" content=\"https:\/\/solandecabras.es\/en\/solan-world\/\" \/>\n<meta property=\"og:site_name\" content=\"Solan de Cabras\" \/>\n<meta property=\"article:publisher\" content=\"https:\/\/www.facebook.com\/solandecabras\" \/>\n<meta property=\"article:modified_time\" content=\"2025-02-24T11:13:47+00:00\" \/>\n<meta name=\"twitter:card\" content=\"summary_large_image\" \/>\n<meta name=\"twitter:site\" content=\"@Solan_de_Cabras\" \/>\n<script type=\"application\/ld+json\" class=\"yoast-schema-graph\">{\"@context\":\"https:\/\/schema.org\",\"@graph\":[{\"@type\":\"WebPage\",\"@id\":\"https:\/\/solandecabras.es\/en\/solan-world\/\",\"url\":\"https:\/\/solandecabras.es\/en\/solan-world\/\",\"name\":\"Mundo Sol\u00e1n - Solan de Cabras\",\"isPartOf\":{\"@id\":\"https:\/\/solandecabras.es\/en\/#website\"},\"datePublished\":\"2022-10-17T07:43:18+00:00\",\"dateModified\":\"2025-02-24T11:13:47+00:00\",\"description\":\"Mundo Sol\u00e1n MUCHO M\u00c1S QUE AGUA Marcas y eventos con las que COMPARTIMOS VALORES COMUNES\",\"inLanguage\":\"en-US\",\"potentialAction\":[{\"@type\":\"ReadAction\",\"target\":[\"https:\/\/solandecabras.es\/en\/solan-world\/\"]}]},{\"@type\":\"WebSite\",\"@id\":\"https:\/\/solandecabras.es\/en\/#website\",\"url\":\"https:\/\/solandecabras.es\/en\/\",\"name\":\"Solan de Cabras\",\"description\":\"Agua mineral Natural\",\"publisher\":{\"@id\":\"https:\/\/solandecabras.es\/en\/#organization\"},\"potentialAction\":[{\"@type\":\"SearchAction\",\"target\":{\"@type\":\"EntryPoint\",\"urlTemplate\":\"https:\/\/solandecabras.es\/en\/?s={search_term_string}\"},\"query-input\":{\"@type\":\"PropertyValueSpecification\",\"valueRequired\":true,\"valueName\":\"search_term_string\"}}],\"inLanguage\":\"en-US\"},{\"@type\":\"Organization\",\"@id\":\"https:\/\/solandecabras.es\/en\/#organization\",\"name\":\"Solan de Cabras\",\"url\":\"https:\/\/solandecabras.es\/en\/\",\"logo\":{\"@type\":\"ImageObject\",\"inLanguage\":\"en-US\",\"@id\":\"https:\/\/solandecabras.es\/en\/#\/schema\/logo\/image\/\",\"url\":\"https:\/\/solandecabras.es\/wp-content\/uploads\/2025\/07\/logoactual.svg\",\"contentUrl\":\"https:\/\/solandecabras.es\/wp-content\/uploads\/2025\/07\/logoactual.svg\",\"width\":\"1024\",\"height\":\"1024\",\"caption\":\"Solan de Cabras\"},\"image\":{\"@id\":\"https:\/\/solandecabras.es\/en\/#\/schema\/logo\/image\/\"},\"sameAs\":[\"https:\/\/www.facebook.com\/solandecabras\",\"https:\/\/x.com\/Solan_de_Cabras\",\"https:\/\/www.youtube.com\/user\/Solanenfoco\",\"https:\/\/www.instagram.com\/solandecabras\"]}]}<\/script>\n<!-- \/ Yoast SEO plugin. -->","yoast_head_json":{"title":"Mundo Sol\u00e1n - Solan de Cabras","description":"Mundo Sol\u00e1n MUCHO M\u00c1S QUE AGUA Marcas y eventos con las que COMPARTIMOS VALORES COMUNES","robots":{"index":"index","follow":"follow","max-snippet":"max-snippet:-1","max-image-preview":"max-image-preview:large","max-video-preview":"max-video-preview:-1"},"canonical":"https:\/\/solandecabras.es\/en\/solan-world\/","og_locale":"en_US","og_type":"article","og_title":"Mundo Sol\u00e1n - Solan de Cabras","og_description":"Mundo Sol\u00e1n MUCHO M\u00c1S QUE AGUA Marcas y eventos con las que COMPARTIMOS VALORES COMUNES","og_url":"https:\/\/solandecabras.es\/en\/solan-world\/","og_site_name":"Solan de Cabras","article_publisher":"https:\/\/www.facebook.com\/solandecabras","article_modified_time":"2025-02-24T11:13:47+00:00","twitter_card":"summary_large_image","twitter_site":"@Solan_de_Cabras","schema":{"@context":"https:\/\/schema.org","@graph":[{"@type":"WebPage","@id":"https:\/\/solandecabras.es\/en\/solan-world\/","url":"https:\/\/solandecabras.es\/en\/solan-world\/","name":"Mundo Sol\u00e1n - Solan de Cabras","isPartOf":{"@id":"https:\/\/solandecabras.es\/en\/#website"},"datePublished":"2022-10-17T07:43:18+00:00","dateModified":"2025-02-24T11:13:47+00:00","description":"Mundo Sol\u00e1n MUCHO M\u00c1S QUE AGUA Marcas y eventos con las que COMPARTIMOS VALORES COMUNES","inLanguage":"en-US","potentialAction":[{"@type":"ReadAction","target":["https:\/\/solandecabras.es\/en\/solan-world\/"]}]},{"@type":"WebSite","@id":"https:\/\/solandecabras.es\/en\/#website","url":"https:\/\/solandecabras.es\/en\/","name":"Solan de Cabras","description":"Agua mineral Natural","publisher":{"@id":"https:\/\/solandecabras.es\/en\/#organization"},"potentialAction":[{"@type":"SearchAction","target":{"@type":"EntryPoint","urlTemplate":"https:\/\/solandecabras.es\/en\/?s={search_term_string}"},"query-input":{"@type":"PropertyValueSpecification","valueRequired":true,"valueName":"search_term_string"}}],"inLanguage":"en-US"},{"@type":"Organization","@id":"https:\/\/solandecabras.es\/en\/#organization","name":"Solan de Cabras","url":"https:\/\/solandecabras.es\/en\/","logo":{"@type":"ImageObject","inLanguage":"en-US","@id":"https:\/\/solandecabras.es\/en\/#\/schema\/logo\/image\/","url":"https:\/\/solandecabras.es\/wp-content\/uploads\/2025\/07\/logoactual.svg","contentUrl":"https:\/\/solandecabras.es\/wp-content\/uploads\/2025\/07\/logoactual.svg","width":"1024","height":"1024","caption":"Solan de Cabras"},"image":{"@id":"https:\/\/solandecabras.es\/en\/#\/schema\/logo\/image\/"},"sameAs":["https:\/\/www.facebook.com\/solandecabras","https:\/\/x.com\/Solan_de_Cabras","https:\/\/www.youtube.com\/user\/Solanenfoco","https:\/\/www.instagram.com\/solandecabras"]}]}},"_links":{"self":[{"href":"https:\/\/solandecabras.es\/en\/wp-json\/wp\/v2\/pages\/10809","targetHints":{"allow":["GET"]}}],"collection":[{"href":"https:\/\/solandecabras.es\/en\/wp-json\/wp\/v2\/pages"}],"about":[{"href":"https:\/\/solandecabras.es\/en\/wp-json\/wp\/v2\/types\/page"}],"author":[{"embeddable":true,"href":"https:\/\/solandecabras.es\/en\/wp-json\/wp\/v2\/users\/1"}],"replies":[{"embeddable":true,"href":"https:\/\/solandecabras.es\/en\/wp-json\/wp\/v2\/comments?post=10809"}],"version-history":[{"count":16,"href":"https:\/\/solandecabras.es\/en\/wp-json\/wp\/v2\/pages\/10809\/revisions"}],"predecessor-version":[{"id":13909,"href":"https:\/\/solandecabras.es\/en\/wp-json\/wp\/v2\/pages\/10809\/revisions\/13909"}],"wp:attachment":[{"href":"https:\/\/solandecabras.es\/en\/wp-json\/wp\/v2\/media?parent=10809"}],"curies":[{"name":"wp","href":"https:\/\/api.w.org\/{rel}","templated":true}]}}