{"id":10810,"date":"2023-08-08T12:59:45","date_gmt":"2023-08-08T12:59:45","guid":{"rendered":"https:\/\/solandecabras.es\/patrocinios-golf\/"},"modified":"2024-03-01T08:57:49","modified_gmt":"2024-03-01T08:57:49","slug":"patrocinios-golf","status":"publish","type":"page","link":"https:\/\/solandecabras.es\/en\/golf-sponsorships\/","title":{"rendered":"Golf Sponsorships"},"content":{"rendered":"\n<section style=\"\" id=\"hero-home-block_86bf809c5f41eff08b74713242521360\"  class=\"mod mod--hero\nmod--hero-section  mod--single   mod--fake-full-width  mod--veil mod--transition-none  bottom-content  negative\">\n      <div class=\"img-wrap\">\n                          <img decoding=\"async\"\n          class=\"current\"          src=\"https:\/\/solandecabras.es\/wp-content\/uploads\/2023\/08\/golf_hero-1.webp\"\n          alt=\"\"\n        \/>\n            <\/div>\n  \n  <div class=\"text-wrap\">\n    <div class=\"slide-wrap\" data-autosize=\"height-max-child\">\n                                                                    <div class=\"slide current\">\n\n                  <p class=\"pretitle\">SPONSORSHIPS<\/p>\n                \n      <h1 class=\"title\">\n      Golf    <\/h1>\n  \n\n\n\n    <\/div>\n            <\/div>\n\n      <\/div>\n<\/section>\n\n\n<section id=\"image-text-block_62a9a7ec0868c92e0b2f78591f1402fb\" data-minheight=\"900\"  class=\"mod mod--image-text\n           mod--boxed mod--single-image     mod--full-width   mod--margin-desktop-none mod--margin-tablet-none mod--margin-smartphone-none  \">\n  \n      <div class=\"image-wrap contain\">\n                      <img decoding=\"async\" src=\"https:\/\/solandecabras.es\/wp-content\/uploads\/2023\/08\/golf_logo_1.webp\"  alt=\"\" \/>\n      \n          <\/div>\n    <div class=\"text-wrap\">\n    <h2 class=\"title\">SOLHEIM<\/h2><p>The passion and hard work of professional women golfers has become a source of inspiration for us. In this tournament, we want our water to become theirs, making something natural into something extraordinary.<\/p>  <\/div>\n\n  <\/section>\n\n\n\n<section id=\"image-text-block_d449e6ac24cf5bfad08555d5935ab228\" data-minheight=\"900\"  class=\"mod mod--image-text\n         mod--text-left  mod--boxed mod--single-image     mod--full-width   mod--margin-desktop-none mod--margin-tablet-none mod--margin-smartphone-none  \">\n  \n      <div class=\"image-wrap contain\">\n                      <img decoding=\"async\" src=\"https:\/\/solandecabras.es\/wp-content\/uploads\/2023\/08\/golf_logo_2-1.webp\"  alt=\"\" \/>\n      \n          <\/div>\n    <div class=\"text-wrap\">\n    <h2 class=\"title\">Open\r\nGolf<\/h2><p>The commitment Sol\u00e1n de Cabras brings to sustainability also applies to its sponsorships. We are working with the first golf tournament to reduce CO2 and contribute to decarbonising the planet.<\/p>  <\/div>\n\n  <\/section>\n\n\n\t\t\t\t\t\n<section id=\"slider-block_3c78ec30f8191e4520f0554653cb0fca\" class=\"mod mod--slider  mod--boxed mod--slider-over mod--full-width  mod--margin-desktop-none mod--margin-tablet-none mod--margin-smartphone-none \">\n\n  \n            \n          \n          \n          \n          \n      \n  <div class=\"container container--wide\">\n    <div class=\"slider-header\">\n      <h2 class=\"title\"><em><strong>Sol\u00e1n<\/strong><\/em> <br>\r\n\r\nWorld<\/h2>      <ul class=\"pagination pagination--white \">\n        <li><span class=\"prev\"><i class=\"ri-arrow-left-s-line\"><\/i><\/span><\/li>\n        <li><span class=\"next\"><i class=\"ri-arrow-right-s-line\"><\/i><\/span><\/li>\n      <\/ul>\n    <\/div>\n\n\n\n    <div class=\"slider-body\">\n              <div class=\"splide\">\n          <div class=\"splide__track\">\n            <div class=\"splide__list\">\n                              <div class=\"splide__slide\">\n                                                                                            <img decoding=\"async\" src=\"https:\/\/solandecabras.es\/wp-content\/uploads\/2023\/07\/agua-mineral-natural.webp\" alt=\"\" \/>\n                                    <div class=\"text-wrap\">\n                    <h3 class=\"title\">Natural Mineral Water<\/h3>                        <a referrerpolicy=\"origin\"\n      class=\"btn btn--cta\"\n      href=\"\/en\/products\/natural-mineral-water\/\"\n      target=\"\">\n      <span>Natural Mineral Water<\/span>\n    <\/a>\n                  <\/div>\n                <\/div>\n                              <div class=\"splide__slide\">\n                                                                                            <img decoding=\"async\" src=\"https:\/\/solandecabras.es\/wp-content\/uploads\/2023\/07\/slider-footer-productos.webp\" alt=\"\" \/>\n                                    <div class=\"text-wrap\">\n                    <h3 class=\"title\">Products<\/h3>                        <a referrerpolicy=\"origin\"\n      class=\"btn btn--cta\"\n      href=\"\/en\/products\"\n      target=\"\">\n      <span>See the entire range<\/span>\n    <\/a>\n                  <\/div>\n                <\/div>\n                              <div class=\"splide__slide\">\n                                                                                            <img decoding=\"async\" src=\"https:\/\/solandecabras.es\/wp-content\/uploads\/2023\/07\/slider-footer-sostenibilidad.webp\" alt=\"\" \/>\n                                    <div class=\"text-wrap\">\n                    <h3 class=\"title\">Sustainability<\/h3>                        <a referrerpolicy=\"origin\"\n      class=\"btn btn--cta\"\n      href=\"\/en\/sustainability\"\n      target=\"\">\n      <span>Committed<\/span>\n    <\/a>\n                  <\/div>\n                <\/div>\n                              <div class=\"splide__slide\">\n                                                                                            <img decoding=\"async\" src=\"https:\/\/solandecabras.es\/wp-content\/uploads\/2023\/07\/slider-footer-mundo-solan.webp\" alt=\"\" \/>\n                                    <div class=\"text-wrap\">\n                    <h3 class=\"title\">Sol\u00e1n World<\/h3>                        <a referrerpolicy=\"origin\"\n      class=\"btn btn--cta\"\n      href=\"\/en\/solan-world\"\n      target=\"\">\n      <span>See news<\/span>\n    <\/a>\n                  <\/div>\n                <\/div>\n                              <div class=\"splide__slide\">\n                                                                                            <img decoding=\"async\" src=\"https:\/\/solandecabras.es\/wp-content\/uploads\/2023\/07\/slider-footer-compania.webp\" alt=\"\" \/>\n                                    <div class=\"text-wrap\">\n                    <h3 class=\"title\">Company<\/h3>                        <a referrerpolicy=\"origin\"\n      class=\"btn btn--cta\"\n      href=\"\/en\/company\"\n      target=\"\">\n      <span>About us<\/span>\n    <\/a>\n                  <\/div>\n                <\/div>\n                          <\/div>\n          <\/div>\n        <\/div>\n          <\/div>\n  <\/div>\n<\/section>\t\t","protected":false},"excerpt":{"rendered":"","protected":false},"author":1,"featured_media":0,"parent":10812,"menu_order":0,"comment_status":"closed","ping_status":"closed","template":"","meta":{"inline_featured_image":false,"footnotes":""},"class_list":["post-10810","page","type-page","status-publish","hentry"],"acf":[],"yoast_head":"<!-- This site is optimized with the Yoast SEO plugin v26.2 - https:\/\/yoast.com\/wordpress\/plugins\/seo\/ -->\n<title>Patrocinios Golf<\/title>\n<meta name=\"description\" content=\"SOLHEIM La pasi\u00f3n y el trabajo de las golfistas se han convertido en nuestra fuente de inspiraci\u00f3n. Queremos que, en esta competici\u00f3n, nuestra agua se convierta en la suya haciendo de lo natural algo extraordinario.\" \/>\n<meta name=\"robots\" content=\"index, follow, max-snippet:-1, max-image-preview:large, max-video-preview:-1\" \/>\n<link rel=\"canonical\" href=\"https:\/\/solandecabras.es\/en\/golf-sponsorships\/\" \/>\n<meta property=\"og:locale\" content=\"en_US\" \/>\n<meta property=\"og:type\" content=\"article\" \/>\n<meta property=\"og:title\" content=\"Patrocinios Golf\" \/>\n<meta property=\"og:description\" content=\"SOLHEIM La pasi\u00f3n y el trabajo de las golfistas se han convertido en nuestra fuente de inspiraci\u00f3n. Queremos que, en esta competici\u00f3n, nuestra agua se convierta en la suya haciendo de lo natural algo extraordinario.\" \/>\n<meta property=\"og:url\" content=\"https:\/\/solandecabras.es\/en\/golf-sponsorships\/\" \/>\n<meta property=\"og:site_name\" content=\"Solan de Cabras\" \/>\n<meta property=\"article:publisher\" content=\"https:\/\/www.facebook.com\/solandecabras\" \/>\n<meta property=\"article:modified_time\" content=\"2024-03-01T08:57:49+00:00\" \/>\n<meta name=\"twitter:card\" content=\"summary_large_image\" \/>\n<meta name=\"twitter:site\" content=\"@Solan_de_Cabras\" \/>\n<script type=\"application\/ld+json\" class=\"yoast-schema-graph\">{\"@context\":\"https:\/\/schema.org\",\"@graph\":[{\"@type\":\"WebPage\",\"@id\":\"https:\/\/solandecabras.es\/en\/golf-sponsorships\/\",\"url\":\"https:\/\/solandecabras.es\/en\/golf-sponsorships\/\",\"name\":\"Patrocinios Golf\",\"isPartOf\":{\"@id\":\"https:\/\/solandecabras.es\/en\/#website\"},\"datePublished\":\"2023-08-08T12:59:45+00:00\",\"dateModified\":\"2024-03-01T08:57:49+00:00\",\"description\":\"SOLHEIM La pasi\u00f3n y el trabajo de las golfistas se han convertido en nuestra fuente de inspiraci\u00f3n. Queremos que, en esta competici\u00f3n, nuestra agua se convierta en la suya haciendo de lo natural algo extraordinario.\",\"breadcrumb\":{\"@id\":\"https:\/\/solandecabras.es\/en\/golf-sponsorships\/#breadcrumb\"},\"inLanguage\":\"en-US\",\"potentialAction\":[{\"@type\":\"ReadAction\",\"target\":[\"https:\/\/solandecabras.es\/en\/golf-sponsorships\/\"]}]},{\"@type\":\"BreadcrumbList\",\"@id\":\"https:\/\/solandecabras.es\/en\/golf-sponsorships\/#breadcrumb\",\"itemListElement\":[{\"@type\":\"ListItem\",\"position\":1,\"name\":\"Sol\u00e1n World\",\"item\":\"https:\/\/solandecabras.es\/en\/solan-world\/\"},{\"@type\":\"ListItem\",\"position\":2,\"name\":\"Sponsorships\",\"item\":\"https:\/\/solandecabras.es\/en\/solan-world\/sponsorships\/\"},{\"@type\":\"ListItem\",\"position\":3,\"name\":\"Golf Sponsorships\"}]},{\"@type\":\"WebSite\",\"@id\":\"https:\/\/solandecabras.es\/en\/#website\",\"url\":\"https:\/\/solandecabras.es\/en\/\",\"name\":\"Solan de Cabras\",\"description\":\"Agua mineral Natural\",\"publisher\":{\"@id\":\"https:\/\/solandecabras.es\/en\/#organization\"},\"potentialAction\":[{\"@type\":\"SearchAction\",\"target\":{\"@type\":\"EntryPoint\",\"urlTemplate\":\"https:\/\/solandecabras.es\/en\/?s={search_term_string}\"},\"query-input\":{\"@type\":\"PropertyValueSpecification\",\"valueRequired\":true,\"valueName\":\"search_term_string\"}}],\"inLanguage\":\"en-US\"},{\"@type\":\"Organization\",\"@id\":\"https:\/\/solandecabras.es\/en\/#organization\",\"name\":\"Solan de Cabras\",\"url\":\"https:\/\/solandecabras.es\/en\/\",\"logo\":{\"@type\":\"ImageObject\",\"inLanguage\":\"en-US\",\"@id\":\"https:\/\/solandecabras.es\/en\/#\/schema\/logo\/image\/\",\"url\":\"https:\/\/solandecabras.es\/wp-content\/uploads\/2025\/07\/logoactual.svg\",\"contentUrl\":\"https:\/\/solandecabras.es\/wp-content\/uploads\/2025\/07\/logoactual.svg\",\"width\":\"1024\",\"height\":\"1024\",\"caption\":\"Solan de Cabras\"},\"image\":{\"@id\":\"https:\/\/solandecabras.es\/en\/#\/schema\/logo\/image\/\"},\"sameAs\":[\"https:\/\/www.facebook.com\/solandecabras\",\"https:\/\/x.com\/Solan_de_Cabras\",\"https:\/\/www.youtube.com\/user\/Solanenfoco\",\"https:\/\/www.instagram.com\/solandecabras\"]}]}<\/script>\n<!-- \/ Yoast SEO plugin. -->","yoast_head_json":{"title":"Patrocinios Golf","description":"SOLHEIM La pasi\u00f3n y el trabajo de las golfistas se han convertido en nuestra fuente de inspiraci\u00f3n. Queremos que, en esta competici\u00f3n, nuestra agua se convierta en la suya haciendo de lo natural algo extraordinario.","robots":{"index":"index","follow":"follow","max-snippet":"max-snippet:-1","max-image-preview":"max-image-preview:large","max-video-preview":"max-video-preview:-1"},"canonical":"https:\/\/solandecabras.es\/en\/golf-sponsorships\/","og_locale":"en_US","og_type":"article","og_title":"Patrocinios Golf","og_description":"SOLHEIM La pasi\u00f3n y el trabajo de las golfistas se han convertido en nuestra fuente de inspiraci\u00f3n. Queremos que, en esta competici\u00f3n, nuestra agua se convierta en la suya haciendo de lo natural algo extraordinario.","og_url":"https:\/\/solandecabras.es\/en\/golf-sponsorships\/","og_site_name":"Solan de Cabras","article_publisher":"https:\/\/www.facebook.com\/solandecabras","article_modified_time":"2024-03-01T08:57:49+00:00","twitter_card":"summary_large_image","twitter_site":"@Solan_de_Cabras","schema":{"@context":"https:\/\/schema.org","@graph":[{"@type":"WebPage","@id":"https:\/\/solandecabras.es\/en\/golf-sponsorships\/","url":"https:\/\/solandecabras.es\/en\/golf-sponsorships\/","name":"Patrocinios Golf","isPartOf":{"@id":"https:\/\/solandecabras.es\/en\/#website"},"datePublished":"2023-08-08T12:59:45+00:00","dateModified":"2024-03-01T08:57:49+00:00","description":"SOLHEIM La pasi\u00f3n y el trabajo de las golfistas se han convertido en nuestra fuente de inspiraci\u00f3n. Queremos que, en esta competici\u00f3n, nuestra agua se convierta en la suya haciendo de lo natural algo extraordinario.","breadcrumb":{"@id":"https:\/\/solandecabras.es\/en\/golf-sponsorships\/#breadcrumb"},"inLanguage":"en-US","potentialAction":[{"@type":"ReadAction","target":["https:\/\/solandecabras.es\/en\/golf-sponsorships\/"]}]},{"@type":"BreadcrumbList","@id":"https:\/\/solandecabras.es\/en\/golf-sponsorships\/#breadcrumb","itemListElement":[{"@type":"ListItem","position":1,"name":"Sol\u00e1n World","item":"https:\/\/solandecabras.es\/en\/solan-world\/"},{"@type":"ListItem","position":2,"name":"Sponsorships","item":"https:\/\/solandecabras.es\/en\/solan-world\/sponsorships\/"},{"@type":"ListItem","position":3,"name":"Golf Sponsorships"}]},{"@type":"WebSite","@id":"https:\/\/solandecabras.es\/en\/#website","url":"https:\/\/solandecabras.es\/en\/","name":"Solan de Cabras","description":"Agua mineral Natural","publisher":{"@id":"https:\/\/solandecabras.es\/en\/#organization"},"potentialAction":[{"@type":"SearchAction","target":{"@type":"EntryPoint","urlTemplate":"https:\/\/solandecabras.es\/en\/?s={search_term_string}"},"query-input":{"@type":"PropertyValueSpecification","valueRequired":true,"valueName":"search_term_string"}}],"inLanguage":"en-US"},{"@type":"Organization","@id":"https:\/\/solandecabras.es\/en\/#organization","name":"Solan de Cabras","url":"https:\/\/solandecabras.es\/en\/","logo":{"@type":"ImageObject","inLanguage":"en-US","@id":"https:\/\/solandecabras.es\/en\/#\/schema\/logo\/image\/","url":"https:\/\/solandecabras.es\/wp-content\/uploads\/2025\/07\/logoactual.svg","contentUrl":"https:\/\/solandecabras.es\/wp-content\/uploads\/2025\/07\/logoactual.svg","width":"1024","height":"1024","caption":"Solan de Cabras"},"image":{"@id":"https:\/\/solandecabras.es\/en\/#\/schema\/logo\/image\/"},"sameAs":["https:\/\/www.facebook.com\/solandecabras","https:\/\/x.com\/Solan_de_Cabras","https:\/\/www.youtube.com\/user\/Solanenfoco","https:\/\/www.instagram.com\/solandecabras"]}]}},"_links":{"self":[{"href":"https:\/\/solandecabras.es\/en\/wp-json\/wp\/v2\/pages\/10810","targetHints":{"allow":["GET"]}}],"collection":[{"href":"https:\/\/solandecabras.es\/en\/wp-json\/wp\/v2\/pages"}],"about":[{"href":"https:\/\/solandecabras.es\/en\/wp-json\/wp\/v2\/types\/page"}],"author":[{"embeddable":true,"href":"https:\/\/solandecabras.es\/en\/wp-json\/wp\/v2\/users\/1"}],"replies":[{"embeddable":true,"href":"https:\/\/solandecabras.es\/en\/wp-json\/wp\/v2\/comments?post=10810"}],"version-history":[{"count":2,"href":"https:\/\/solandecabras.es\/en\/wp-json\/wp\/v2\/pages\/10810\/revisions"}],"predecessor-version":[{"id":10828,"href":"https:\/\/solandecabras.es\/en\/wp-json\/wp\/v2\/pages\/10810\/revisions\/10828"}],"up":[{"embeddable":true,"href":"https:\/\/solandecabras.es\/en\/wp-json\/wp\/v2\/pages\/10812"}],"wp:attachment":[{"href":"https:\/\/solandecabras.es\/en\/wp-json\/wp\/v2\/media?parent=10810"}],"curies":[{"name":"wp","href":"https:\/\/api.w.org\/{rel}","templated":true}]}}