{"id":10812,"date":"2023-08-08T11:43:49","date_gmt":"2023-08-08T11:43:49","guid":{"rendered":"https:\/\/solandecabras.es\/mundo-solan\/patrocinios\/"},"modified":"2024-03-01T08:52:08","modified_gmt":"2024-03-01T08:52:08","slug":"patrocinios","status":"publish","type":"page","link":"https:\/\/solandecabras.es\/en\/solan-world\/sponsorships\/","title":{"rendered":"Sponsorships"},"content":{"rendered":"\n<section style=\"\" id=\"hero-home-block_91278d451df838b748001dca4e94ee5e\"  class=\"mod mod--hero\nmod--hero-section  mod--single   mod--fake-full-width  mod--veil mod--transition-none  bottom-content  negative\">\n      <div class=\"img-wrap\">\n                          <img decoding=\"async\"\n          class=\"current\"          src=\"https:\/\/solandecabras.es\/wp-content\/uploads\/2023\/08\/patrocinios_hero.webp\"\n          alt=\"\"\n        \/>\n            <\/div>\n  \n  <div class=\"text-wrap\">\n    <div class=\"slide-wrap\" data-autosize=\"height-max-child\">\n                                                                    <div class=\"slide current\">\n\n                  <p class=\"pretitle\">SPONSORSHIPS<\/p>\n                \n      <h1 class=\"title\">\n      Sport and<br>\r\n<em><strong>Values<\/strong><\/em>    <\/h1>\n  \n\n\n\n    <\/div>\n            <\/div>\n\n      <\/div>\n<\/section>\n\n\n<section id=\"image-text-block_cf91044bed5953e2c85fb951e33c1a0d\" data-minheight=\"1000\"  class=\"mod mod--image-text\n         mod--text-left  mod--boxed mod--boxed-image mod--single-image     mod--full-width   mod--margin-desktop-none mod--margin-tablet-none mod--margin-smartphone-none  mod--veil\">\n      <img decoding=\"async\" src=\"https:\/\/solandecabras.es\/wp-content\/uploads\/2023\/08\/patrocinios_futbol_bg.webp\" alt=\"\" \/>\n  \n      <div class=\"image-wrap contain\">\n                      <img decoding=\"async\" src=\"https:\/\/solandecabras.es\/wp-content\/uploads\/2023\/08\/patrocinios_futbol.webp\"  alt=\"\" \/>\n      \n          <\/div>\n    <div class=\"text-wrap\">\n    <h2 class=\"title\">Football<\/h2><p>You\u2019re thirsty for water, your body for minerals.<\/p>    <a referrerpolicy=\"origin\"\n      class=\"btn btn--cta\"\n      href=\"\/solan-world\/sponsorships\/football\"\n      target=\"\">\n      <span> More information<\/span>\n    <\/a>\n  <\/div>\n\n      <svg class=\"decoration-lines\" xmlns=\"http:\/\/www.w3.org\/2000\/svg\" viewBox=\"0 0 1508.2 236.41\">\r\n  <defs>\r\n    <style>\r\n      .cls-1 {\r\n        stroke: #ffd105;\r\n      }\r\n\r\n      .cls-1, .cls-2 {\r\n        fill: none;\r\n        stroke-miterlimit: 10;\r\n        stroke-width: .25px;\r\n      }\r\n\r\n      .cls-2 {\r\n        stroke: #002169;\r\n      }\r\n    <\/style>\r\n  <\/defs>\r\n  <path class=\"cls-2\" d=\"M.11,44.79s130.5,94.7,439.6,88.4c261-5.3,316.2-81.7,658.7-97.1C1490.81,18.59,1508.11,.09,1508.11,.09\"\/>\r\n  <path class=\"cls-1\" d=\"M.01,236.29s104.2-8.8,347.9-20.5c193.1-9.3,421.2-54.2,620.1-100.2,169.8-39.2,240.5-45.8,302.4-50.1s237.6-12.1,237.6-12.1\"\/>\r\n<\/svg>\r\n  <\/section>\n\n\n\n<section id=\"image-text-block_beb16694d5a56d55deb41414f80a8ec0\" data-minheight=\"1000\"  class=\"mod mod--image-text\n           mod--boxed mod--boxed-image mod--single-image     mod--full-width   mod--margin-desktop-none mod--margin-tablet-none mod--margin-smartphone-none  mod--veil\">\n      <img decoding=\"async\" src=\"https:\/\/solandecabras.es\/wp-content\/uploads\/2023\/08\/patrocinios_golf_bg.webp\" alt=\"\" \/>\n  \n      <div class=\"image-wrap contain\">\n                      <img decoding=\"async\" src=\"https:\/\/solandecabras.es\/wp-content\/uploads\/2023\/08\/patrocinios_golf.webp\"  alt=\"\" \/>\n      \n          <\/div>\n    <div class=\"text-wrap\">\n    <h2 class=\"title\">Golf<\/h2><p>Balance, skill, and commitment are the keys to the Sol\u00e1n de Cabras golf sponsorship.<\/p>    <a referrerpolicy=\"origin\"\n      class=\"btn btn--cta\"\n      href=\"\/solan-world\/sponsorships\/golf\"\n      target=\"\">\n      <span> More information<\/span>\n    <\/a>\n  <\/div>\n\n      <svg class=\"decoration-lines\" xmlns=\"http:\/\/www.w3.org\/2000\/svg\" viewBox=\"0 0 1508.2 236.41\">\r\n  <defs>\r\n    <style>\r\n      .cls-1 {\r\n        stroke: #ffd105;\r\n      }\r\n\r\n      .cls-1, .cls-2 {\r\n        fill: none;\r\n        stroke-miterlimit: 10;\r\n        stroke-width: .25px;\r\n      }\r\n\r\n      .cls-2 {\r\n        stroke: #002169;\r\n      }\r\n    <\/style>\r\n  <\/defs>\r\n  <path class=\"cls-2\" d=\"M.11,44.79s130.5,94.7,439.6,88.4c261-5.3,316.2-81.7,658.7-97.1C1490.81,18.59,1508.11,.09,1508.11,.09\"\/>\r\n  <path class=\"cls-1\" d=\"M.01,236.29s104.2-8.8,347.9-20.5c193.1-9.3,421.2-54.2,620.1-100.2,169.8-39.2,240.5-45.8,302.4-50.1s237.6-12.1,237.6-12.1\"\/>\r\n<\/svg>\r\n  <\/section>\n\n\n\t\t\t\t\t\n<section id=\"slider-block_b0c608cc005039e0ab4f692d2b6e5011\" class=\"mod mod--slider  mod--boxed mod--slider-over mod--full-width  mod--margin-desktop-none mod--margin-tablet-none mod--margin-smartphone-none \">\n\n  \n            \n          \n          \n          \n          \n      \n  <div class=\"container container--wide\">\n    <div class=\"slider-header\">\n      <h2 class=\"title\"><em><strong>Sol\u00e1n<\/strong><\/em> <br>\r\n\r\nWorld<\/h2>      <ul class=\"pagination pagination--white \">\n        <li><span class=\"prev\"><i class=\"ri-arrow-left-s-line\"><\/i><\/span><\/li>\n        <li><span class=\"next\"><i class=\"ri-arrow-right-s-line\"><\/i><\/span><\/li>\n      <\/ul>\n    <\/div>\n\n\n\n    <div class=\"slider-body\">\n              <div class=\"splide\">\n          <div class=\"splide__track\">\n            <div class=\"splide__list\">\n                              <div class=\"splide__slide\">\n                                                                                            <img decoding=\"async\" src=\"https:\/\/solandecabras.es\/wp-content\/uploads\/2023\/07\/agua-mineral-natural.webp\" alt=\"\" \/>\n                                    <div class=\"text-wrap\">\n                    <h3 class=\"title\">Natural Mineral Water<\/h3>                        <a referrerpolicy=\"origin\"\n      class=\"btn btn--cta\"\n      href=\"\/en\/products\/natural-mineral-water\/\"\n      target=\"\">\n      <span>Natural Mineral Water<\/span>\n    <\/a>\n                  <\/div>\n                <\/div>\n                              <div class=\"splide__slide\">\n                                                                                            <img decoding=\"async\" src=\"https:\/\/solandecabras.es\/wp-content\/uploads\/2023\/07\/slider-footer-productos.webp\" alt=\"\" \/>\n                                    <div class=\"text-wrap\">\n                    <h3 class=\"title\">Products<\/h3>                        <a referrerpolicy=\"origin\"\n      class=\"btn btn--cta\"\n      href=\"\/en\/products\"\n      target=\"\">\n      <span>See the entire range<\/span>\n    <\/a>\n                  <\/div>\n                <\/div>\n                              <div class=\"splide__slide\">\n                                                                                            <img decoding=\"async\" src=\"https:\/\/solandecabras.es\/wp-content\/uploads\/2023\/07\/slider-footer-sostenibilidad.webp\" alt=\"\" \/>\n                                    <div class=\"text-wrap\">\n                    <h3 class=\"title\">Sustainability<\/h3>                        <a referrerpolicy=\"origin\"\n      class=\"btn btn--cta\"\n      href=\"\/en\/sustainability\"\n      target=\"\">\n      <span>Committed<\/span>\n    <\/a>\n                  <\/div>\n                <\/div>\n                              <div class=\"splide__slide\">\n                                                                                            <img decoding=\"async\" src=\"https:\/\/solandecabras.es\/wp-content\/uploads\/2023\/07\/slider-footer-mundo-solan.webp\" alt=\"\" \/>\n                                    <div class=\"text-wrap\">\n                    <h3 class=\"title\">Sol\u00e1n World<\/h3>                        <a referrerpolicy=\"origin\"\n      class=\"btn btn--cta\"\n      href=\"\/en\/solan-world\"\n      target=\"\">\n      <span>See news<\/span>\n    <\/a>\n                  <\/div>\n                <\/div>\n                              <div class=\"splide__slide\">\n                                                                                            <img decoding=\"async\" src=\"https:\/\/solandecabras.es\/wp-content\/uploads\/2023\/07\/slider-footer-compania.webp\" alt=\"\" \/>\n                                    <div class=\"text-wrap\">\n                    <h3 class=\"title\">Company<\/h3>                        <a referrerpolicy=\"origin\"\n      class=\"btn btn--cta\"\n      href=\"\/en\/company\"\n      target=\"\">\n      <span>About us<\/span>\n    <\/a>\n                  <\/div>\n                <\/div>\n                          <\/div>\n          <\/div>\n        <\/div>\n          <\/div>\n  <\/div>\n<\/section>\t\t","protected":false},"excerpt":{"rendered":"","protected":false},"author":1,"featured_media":0,"parent":10809,"menu_order":0,"comment_status":"closed","ping_status":"closed","template":"","meta":{"inline_featured_image":false,"footnotes":""},"class_list":["post-10812","page","type-page","status-publish","hentry"],"acf":[],"yoast_head":"<!-- This site is optimized with the Yoast SEO plugin v26.2 - https:\/\/yoast.com\/wordpress\/plugins\/seo\/ -->\n<title>Patrocinios de Sol\u00e1n de Cabras - Solan de Cabras<\/title>\n<meta name=\"description\" content=\"Descubre las marcas y eventos con los que compartimos unos valores en com\u00fan. Sol\u00e1n de Cabras es mucho m\u00e1s que agua.\" \/>\n<meta name=\"robots\" content=\"index, follow, max-snippet:-1, max-image-preview:large, max-video-preview:-1\" \/>\n<link rel=\"canonical\" href=\"https:\/\/solandecabras.es\/en\/solan-world\/sponsorships\/\" \/>\n<meta property=\"og:locale\" content=\"en_US\" \/>\n<meta property=\"og:type\" content=\"article\" \/>\n<meta property=\"og:title\" content=\"Patrocinios de Sol\u00e1n de Cabras - Solan de Cabras\" \/>\n<meta property=\"og:description\" content=\"Descubre las marcas y eventos con los que compartimos unos valores en com\u00fan. Sol\u00e1n de Cabras es mucho m\u00e1s que agua.\" \/>\n<meta property=\"og:url\" content=\"https:\/\/solandecabras.es\/en\/solan-world\/sponsorships\/\" \/>\n<meta property=\"og:site_name\" content=\"Solan de Cabras\" \/>\n<meta property=\"article:publisher\" content=\"https:\/\/www.facebook.com\/solandecabras\" \/>\n<meta property=\"article:modified_time\" content=\"2024-03-01T08:52:08+00:00\" \/>\n<meta name=\"twitter:card\" content=\"summary_large_image\" \/>\n<meta name=\"twitter:site\" content=\"@Solan_de_Cabras\" \/>\n<script type=\"application\/ld+json\" class=\"yoast-schema-graph\">{\"@context\":\"https:\/\/schema.org\",\"@graph\":[{\"@type\":\"WebPage\",\"@id\":\"https:\/\/solandecabras.es\/en\/solan-world\/sponsorships\/\",\"url\":\"https:\/\/solandecabras.es\/en\/solan-world\/sponsorships\/\",\"name\":\"Patrocinios de Sol\u00e1n de Cabras - Solan de Cabras\",\"isPartOf\":{\"@id\":\"https:\/\/solandecabras.es\/en\/#website\"},\"datePublished\":\"2023-08-08T11:43:49+00:00\",\"dateModified\":\"2024-03-01T08:52:08+00:00\",\"description\":\"Descubre las marcas y eventos con los que compartimos unos valores en com\u00fan. Sol\u00e1n de Cabras es mucho m\u00e1s que agua.\",\"breadcrumb\":{\"@id\":\"https:\/\/solandecabras.es\/en\/solan-world\/sponsorships\/#breadcrumb\"},\"inLanguage\":\"en-US\",\"potentialAction\":[{\"@type\":\"ReadAction\",\"target\":[\"https:\/\/solandecabras.es\/en\/solan-world\/sponsorships\/\"]}]},{\"@type\":\"BreadcrumbList\",\"@id\":\"https:\/\/solandecabras.es\/en\/solan-world\/sponsorships\/#breadcrumb\",\"itemListElement\":[{\"@type\":\"ListItem\",\"position\":1,\"name\":\"Sol\u00e1n World\",\"item\":\"https:\/\/solandecabras.es\/en\/solan-world\/\"},{\"@type\":\"ListItem\",\"position\":2,\"name\":\"Sponsorships\"}]},{\"@type\":\"WebSite\",\"@id\":\"https:\/\/solandecabras.es\/en\/#website\",\"url\":\"https:\/\/solandecabras.es\/en\/\",\"name\":\"Solan de Cabras\",\"description\":\"Agua mineral Natural\",\"publisher\":{\"@id\":\"https:\/\/solandecabras.es\/en\/#organization\"},\"potentialAction\":[{\"@type\":\"SearchAction\",\"target\":{\"@type\":\"EntryPoint\",\"urlTemplate\":\"https:\/\/solandecabras.es\/en\/?s={search_term_string}\"},\"query-input\":{\"@type\":\"PropertyValueSpecification\",\"valueRequired\":true,\"valueName\":\"search_term_string\"}}],\"inLanguage\":\"en-US\"},{\"@type\":\"Organization\",\"@id\":\"https:\/\/solandecabras.es\/en\/#organization\",\"name\":\"Solan de Cabras\",\"url\":\"https:\/\/solandecabras.es\/en\/\",\"logo\":{\"@type\":\"ImageObject\",\"inLanguage\":\"en-US\",\"@id\":\"https:\/\/solandecabras.es\/en\/#\/schema\/logo\/image\/\",\"url\":\"https:\/\/solandecabras.es\/wp-content\/uploads\/2025\/07\/logoactual.svg\",\"contentUrl\":\"https:\/\/solandecabras.es\/wp-content\/uploads\/2025\/07\/logoactual.svg\",\"width\":\"1024\",\"height\":\"1024\",\"caption\":\"Solan de Cabras\"},\"image\":{\"@id\":\"https:\/\/solandecabras.es\/en\/#\/schema\/logo\/image\/\"},\"sameAs\":[\"https:\/\/www.facebook.com\/solandecabras\",\"https:\/\/x.com\/Solan_de_Cabras\",\"https:\/\/www.youtube.com\/user\/Solanenfoco\",\"https:\/\/www.instagram.com\/solandecabras\"]}]}<\/script>\n<!-- \/ Yoast SEO plugin. -->","yoast_head_json":{"title":"Patrocinios de Sol\u00e1n de Cabras - Solan de Cabras","description":"Descubre las marcas y eventos con los que compartimos unos valores en com\u00fan. Sol\u00e1n de Cabras es mucho m\u00e1s que agua.","robots":{"index":"index","follow":"follow","max-snippet":"max-snippet:-1","max-image-preview":"max-image-preview:large","max-video-preview":"max-video-preview:-1"},"canonical":"https:\/\/solandecabras.es\/en\/solan-world\/sponsorships\/","og_locale":"en_US","og_type":"article","og_title":"Patrocinios de Sol\u00e1n de Cabras - Solan de Cabras","og_description":"Descubre las marcas y eventos con los que compartimos unos valores en com\u00fan. Sol\u00e1n de Cabras es mucho m\u00e1s que agua.","og_url":"https:\/\/solandecabras.es\/en\/solan-world\/sponsorships\/","og_site_name":"Solan de Cabras","article_publisher":"https:\/\/www.facebook.com\/solandecabras","article_modified_time":"2024-03-01T08:52:08+00:00","twitter_card":"summary_large_image","twitter_site":"@Solan_de_Cabras","schema":{"@context":"https:\/\/schema.org","@graph":[{"@type":"WebPage","@id":"https:\/\/solandecabras.es\/en\/solan-world\/sponsorships\/","url":"https:\/\/solandecabras.es\/en\/solan-world\/sponsorships\/","name":"Patrocinios de Sol\u00e1n de Cabras - Solan de Cabras","isPartOf":{"@id":"https:\/\/solandecabras.es\/en\/#website"},"datePublished":"2023-08-08T11:43:49+00:00","dateModified":"2024-03-01T08:52:08+00:00","description":"Descubre las marcas y eventos con los que compartimos unos valores en com\u00fan. Sol\u00e1n de Cabras es mucho m\u00e1s que agua.","breadcrumb":{"@id":"https:\/\/solandecabras.es\/en\/solan-world\/sponsorships\/#breadcrumb"},"inLanguage":"en-US","potentialAction":[{"@type":"ReadAction","target":["https:\/\/solandecabras.es\/en\/solan-world\/sponsorships\/"]}]},{"@type":"BreadcrumbList","@id":"https:\/\/solandecabras.es\/en\/solan-world\/sponsorships\/#breadcrumb","itemListElement":[{"@type":"ListItem","position":1,"name":"Sol\u00e1n World","item":"https:\/\/solandecabras.es\/en\/solan-world\/"},{"@type":"ListItem","position":2,"name":"Sponsorships"}]},{"@type":"WebSite","@id":"https:\/\/solandecabras.es\/en\/#website","url":"https:\/\/solandecabras.es\/en\/","name":"Solan de Cabras","description":"Agua mineral Natural","publisher":{"@id":"https:\/\/solandecabras.es\/en\/#organization"},"potentialAction":[{"@type":"SearchAction","target":{"@type":"EntryPoint","urlTemplate":"https:\/\/solandecabras.es\/en\/?s={search_term_string}"},"query-input":{"@type":"PropertyValueSpecification","valueRequired":true,"valueName":"search_term_string"}}],"inLanguage":"en-US"},{"@type":"Organization","@id":"https:\/\/solandecabras.es\/en\/#organization","name":"Solan de Cabras","url":"https:\/\/solandecabras.es\/en\/","logo":{"@type":"ImageObject","inLanguage":"en-US","@id":"https:\/\/solandecabras.es\/en\/#\/schema\/logo\/image\/","url":"https:\/\/solandecabras.es\/wp-content\/uploads\/2025\/07\/logoactual.svg","contentUrl":"https:\/\/solandecabras.es\/wp-content\/uploads\/2025\/07\/logoactual.svg","width":"1024","height":"1024","caption":"Solan de Cabras"},"image":{"@id":"https:\/\/solandecabras.es\/en\/#\/schema\/logo\/image\/"},"sameAs":["https:\/\/www.facebook.com\/solandecabras","https:\/\/x.com\/Solan_de_Cabras","https:\/\/www.youtube.com\/user\/Solanenfoco","https:\/\/www.instagram.com\/solandecabras"]}]}},"_links":{"self":[{"href":"https:\/\/solandecabras.es\/en\/wp-json\/wp\/v2\/pages\/10812","targetHints":{"allow":["GET"]}}],"collection":[{"href":"https:\/\/solandecabras.es\/en\/wp-json\/wp\/v2\/pages"}],"about":[{"href":"https:\/\/solandecabras.es\/en\/wp-json\/wp\/v2\/types\/page"}],"author":[{"embeddable":true,"href":"https:\/\/solandecabras.es\/en\/wp-json\/wp\/v2\/users\/1"}],"replies":[{"embeddable":true,"href":"https:\/\/solandecabras.es\/en\/wp-json\/wp\/v2\/comments?post=10812"}],"version-history":[{"count":4,"href":"https:\/\/solandecabras.es\/en\/wp-json\/wp\/v2\/pages\/10812\/revisions"}],"predecessor-version":[{"id":10822,"href":"https:\/\/solandecabras.es\/en\/wp-json\/wp\/v2\/pages\/10812\/revisions\/10822"}],"up":[{"embeddable":true,"href":"https:\/\/solandecabras.es\/en\/wp-json\/wp\/v2\/pages\/10809"}],"wp:attachment":[{"href":"https:\/\/solandecabras.es\/en\/wp-json\/wp\/v2\/media?parent=10812"}],"curies":[{"name":"wp","href":"https:\/\/api.w.org\/{rel}","templated":true}]}}