{"id":10865,"date":"2022-10-10T12:26:12","date_gmt":"2022-10-10T12:26:12","guid":{"rendered":"https:\/\/solandecabras.es\/productos\/ediciones-especiales\/"},"modified":"2024-03-01T13:02:13","modified_gmt":"2024-03-01T13:02:13","slug":"ediciones-especiales","status":"publish","type":"page","link":"https:\/\/solandecabras.es\/en\/products\/special-editions\/","title":{"rendered":"Special editions"},"content":{"rendered":"\n<section style=\"\" id=\"hero-home-block_24bbdf6f49337f12098b273a6a4da47e\"  class=\"mod mod--hero\nmod--hero-section  mod--single   mod--fake-full-width  mod--veil  bottom-content  negative\">\n      <div class=\"img-wrap\">\n                          <img decoding=\"async\"\n          class=\"current\"          src=\"https:\/\/solandecabras.es\/wp-content\/uploads\/2023\/08\/ediciones-especiales-hero-2.webp\"\n          alt=\"\"\n        \/>\n            <\/div>\n  \n  <div class=\"text-wrap\">\n    <div class=\"slide-wrap\" data-autosize=\"height-max-child\">\n                                                                    <div class=\"slide current\">\n\n                \n      <h1 class=\"title\">\n      Special<br>\r\n<em><strong>editions<\/strong><\/em>    <\/h1>\n  \n\n\n\n    <\/div>\n            <\/div>\n\n      <\/div>\n<\/section>\n\n\n<section id=\"image-text-block_2d0ee6878986922cb67dc16c514f37e5\"   class=\"mod mod--image-text\n           mod--boxed mod--boxed-image mod--single-image     mod--full-width mod--full-height  mod--margin-desktop-none mod--margin-tablet-none mod--margin-smartphone-none  mod--veil\">\n      <img decoding=\"async\" src=\"https:\/\/solandecabras.es\/wp-content\/uploads\/2023\/08\/ediciones-especiales-loewe-bg.webp\" alt=\"\" \/>\n  \n      <div class=\"image-wrap\">\n                      <img decoding=\"async\" src=\"https:\/\/solandecabras.es\/wp-content\/uploads\/2023\/08\/ediciones-especiales-loewe-4.webp\"  alt=\"\" \/>\n      \n          <\/div>\n    <div class=\"text-wrap\">\n    <h2 class=\"title\">AGUA DE <br>\r\n<em><strong>LOEWE<\/strong><\/em><\/h2><p>To celebrate &#8220;Expo Zaragoza 2008&#8221;, with the theme of water as an essential element for life, Sol\u00e1n de Cabras collaborated with Loewe to launch this special edition with the same name as its famous perfume: Agua de Loewe.<\/p>  <\/div>\n\n      <svg class=\"decoration-lines\" xmlns=\"http:\/\/www.w3.org\/2000\/svg\" viewBox=\"0 0 1508.2 236.41\">\r\n  <defs>\r\n    <style>\r\n      .cls-1 {\r\n        stroke: #ffd105;\r\n      }\r\n\r\n      .cls-1, .cls-2 {\r\n        fill: none;\r\n        stroke-miterlimit: 10;\r\n        stroke-width: .25px;\r\n      }\r\n\r\n      .cls-2 {\r\n        stroke: #002169;\r\n      }\r\n    <\/style>\r\n  <\/defs>\r\n  <path class=\"cls-2\" d=\"M.11,44.79s130.5,94.7,439.6,88.4c261-5.3,316.2-81.7,658.7-97.1C1490.81,18.59,1508.11,.09,1508.11,.09\"\/>\r\n  <path class=\"cls-1\" d=\"M.01,236.29s104.2-8.8,347.9-20.5c193.1-9.3,421.2-54.2,620.1-100.2,169.8-39.2,240.5-45.8,302.4-50.1s237.6-12.1,237.6-12.1\"\/>\r\n<\/svg>\r\n  <\/section>\n\n\n\n<section id=\"image-text-block_18b6194f929b1b891f471498ce7c39ff\"   class=\"mod mod--image-text\n         mod--text-left  mod--boxed mod--boxed-image mod--single-image     mod--full-width mod--full-height  mod--margin-desktop-none mod--margin-tablet-none mod--margin-smartphone-none  mod--veil\">\n      <img decoding=\"async\" src=\"https:\/\/solandecabras.es\/wp-content\/uploads\/2023\/08\/mantantial_bg_05.webp\" alt=\"\" \/>\n  \n      <div class=\"image-wrap\">\n                      <img decoding=\"async\" src=\"https:\/\/solandecabras.es\/wp-content\/uploads\/2023\/08\/ediciones-especiales-aniversario-3.webp\"  alt=\"\" \/>\n      \n          <\/div>\n    <div class=\"text-wrap\">\n    <h2 class=\"title\">225TH\r\n<em><strong>ANNIVERSARY<\/strong><\/em><\/h2><p>A special edition to commemorate the 225th anniversary of Sol\u00e1n de Cabras. A special birthday that culminated in the redesign of our bottle in honour of the occasion. An event held at the palace that is home to Spain\u2019s Royal Academy of Fine Arts.<\/p>  <\/div>\n\n      <svg class=\"decoration-lines\" xmlns=\"http:\/\/www.w3.org\/2000\/svg\" viewBox=\"0 0 1508.2 236.41\">\r\n  <defs>\r\n    <style>\r\n      .cls-1 {\r\n        stroke: #ffd105;\r\n      }\r\n\r\n      .cls-1, .cls-2 {\r\n        fill: none;\r\n        stroke-miterlimit: 10;\r\n        stroke-width: .25px;\r\n      }\r\n\r\n      .cls-2 {\r\n        stroke: #002169;\r\n      }\r\n    <\/style>\r\n  <\/defs>\r\n  <path class=\"cls-2\" d=\"M.11,44.79s130.5,94.7,439.6,88.4c261-5.3,316.2-81.7,658.7-97.1C1490.81,18.59,1508.11,.09,1508.11,.09\"\/>\r\n  <path class=\"cls-1\" d=\"M.01,236.29s104.2-8.8,347.9-20.5c193.1-9.3,421.2-54.2,620.1-100.2,169.8-39.2,240.5-45.8,302.4-50.1s237.6-12.1,237.6-12.1\"\/>\r\n<\/svg>\r\n  <\/section>\n\n\n\n<section id=\"image-text-block_93f9659ada0cb0b6b736a2cc63a13988\"   class=\"mod mod--image-text\n           mod--boxed mod--boxed-image mod--single-image     mod--full-width mod--full-height  mod--margin-desktop-none mod--margin-tablet-none mod--margin-smartphone-none  mod--veil\">\n      <img decoding=\"async\" src=\"https:\/\/solandecabras.es\/wp-content\/uploads\/2023\/08\/ediciones-especiales-nacho-cano-bg.webp\" alt=\"\" \/>\n  \n      <div class=\"image-wrap\">\n                      <img decoding=\"async\" src=\"https:\/\/solandecabras.es\/wp-content\/uploads\/2023\/08\/ediciones-especiales-nacho-cano-2.webp\"  alt=\"\" \/>\n      \n          <\/div>\n    <div class=\"text-wrap\">\n    <h2 class=\"title\">NACHO <em><strong>CANO<\/strong><\/em><\/h2><p>A very special edition designed and signed by Nacho Cano. Sol\u00e1n de Cabras, in connection with Nacho Cano&#8217;s musical and Action Against Hunger, allowed its bottle to be used to fund a social project in Angola to help families in the developing world.<\/p>  <\/div>\n\n      <svg class=\"decoration-lines\" xmlns=\"http:\/\/www.w3.org\/2000\/svg\" viewBox=\"0 0 1508.2 236.41\">\r\n  <defs>\r\n    <style>\r\n      .cls-1 {\r\n        stroke: #ffd105;\r\n      }\r\n\r\n      .cls-1, .cls-2 {\r\n        fill: none;\r\n        stroke-miterlimit: 10;\r\n        stroke-width: .25px;\r\n      }\r\n\r\n      .cls-2 {\r\n        stroke: #002169;\r\n      }\r\n    <\/style>\r\n  <\/defs>\r\n  <path class=\"cls-2\" d=\"M.11,44.79s130.5,94.7,439.6,88.4c261-5.3,316.2-81.7,658.7-97.1C1490.81,18.59,1508.11,.09,1508.11,.09\"\/>\r\n  <path class=\"cls-1\" d=\"M.01,236.29s104.2-8.8,347.9-20.5c193.1-9.3,421.2-54.2,620.1-100.2,169.8-39.2,240.5-45.8,302.4-50.1s237.6-12.1,237.6-12.1\"\/>\r\n<\/svg>\r\n  <\/section>\n\n\n\n<section id=\"image-text-block_0bc4551520d1b71db59b240a0cb5b4b0\"   class=\"mod mod--image-text\n         mod--text-left  mod--boxed mod--boxed-image mod--single-image     mod--full-width mod--full-height  mod--margin-desktop-none mod--margin-tablet-none mod--margin-smartphone-none  mod--veil\">\n      <img decoding=\"async\" src=\"https:\/\/solandecabras.es\/wp-content\/uploads\/2023\/08\/ediciones-especiales-h2oro-bg.webp\" alt=\"\" \/>\n  \n      <div class=\"image-wrap\">\n                      <img decoding=\"async\" src=\"https:\/\/solandecabras.es\/wp-content\/uploads\/2023\/08\/ediciones-especiales-h2oro-2.webp\"  alt=\"\" \/>\n      \n          <\/div>\n    <div class=\"text-wrap\">\n    <h2 class=\"title\">H2ORO BY <br>\r\n<em><strong>DUYOS<\/strong><\/em><\/h2><p>Juan Duyos dipped our bottle in 18-carat gold to raise awareness of the need to preserve and protect water as a precious natural resource. This was an initiative in which 27 designers from the association of fashion designers expressed their \u2018message in a bottle\u2019.<\/p>  <\/div>\n\n      <svg class=\"decoration-lines\" xmlns=\"http:\/\/www.w3.org\/2000\/svg\" viewBox=\"0 0 1508.2 236.41\">\r\n  <defs>\r\n    <style>\r\n      .cls-1 {\r\n        stroke: #ffd105;\r\n      }\r\n\r\n      .cls-1, .cls-2 {\r\n        fill: none;\r\n        stroke-miterlimit: 10;\r\n        stroke-width: .25px;\r\n      }\r\n\r\n      .cls-2 {\r\n        stroke: #002169;\r\n      }\r\n    <\/style>\r\n  <\/defs>\r\n  <path class=\"cls-2\" d=\"M.11,44.79s130.5,94.7,439.6,88.4c261-5.3,316.2-81.7,658.7-97.1C1490.81,18.59,1508.11,.09,1508.11,.09\"\/>\r\n  <path class=\"cls-1\" d=\"M.01,236.29s104.2-8.8,347.9-20.5c193.1-9.3,421.2-54.2,620.1-100.2,169.8-39.2,240.5-45.8,302.4-50.1s237.6-12.1,237.6-12.1\"\/>\r\n<\/svg>\r\n  <\/section>\n\n\n\n<section id=\"image-text-block_62607109dec4101bc01856a0c90b110c\"   class=\"mod mod--image-text\n           mod--boxed mod--boxed-image mod--single-image     mod--full-width mod--full-height  mod--margin-desktop-none mod--margin-tablet-none mod--margin-smartphone-none  mod--veil\">\n      <img decoding=\"async\" src=\"https:\/\/solandecabras.es\/wp-content\/uploads\/2023\/08\/ediciones-especiales-ana-locking-bg.webp\" alt=\"\" \/>\n  \n      <div class=\"image-wrap\">\n                      <img decoding=\"async\" src=\"https:\/\/solandecabras.es\/wp-content\/uploads\/2023\/08\/ediciones-especiales-ana-locking-2.webp\"  alt=\"\" \/>\n      \n          <\/div>\n    <div class=\"text-wrap\">\n    <h2 class=\"title\">ANA <em><strong>LOCKING<\/strong><\/em><\/h2><p>She dressed our bottle up in gold and white tones. A new, Christmas-themed design created by fashion designer Ana Locking, the ideal ornament for our holiday tables.<\/p>  <\/div>\n\n      <svg class=\"decoration-lines\" xmlns=\"http:\/\/www.w3.org\/2000\/svg\" viewBox=\"0 0 1508.2 236.41\">\r\n  <defs>\r\n    <style>\r\n      .cls-1 {\r\n        stroke: #ffd105;\r\n      }\r\n\r\n      .cls-1, .cls-2 {\r\n        fill: none;\r\n        stroke-miterlimit: 10;\r\n        stroke-width: .25px;\r\n      }\r\n\r\n      .cls-2 {\r\n        stroke: #002169;\r\n      }\r\n    <\/style>\r\n  <\/defs>\r\n  <path class=\"cls-2\" d=\"M.11,44.79s130.5,94.7,439.6,88.4c261-5.3,316.2-81.7,658.7-97.1C1490.81,18.59,1508.11,.09,1508.11,.09\"\/>\r\n  <path class=\"cls-1\" d=\"M.01,236.29s104.2-8.8,347.9-20.5c193.1-9.3,421.2-54.2,620.1-100.2,169.8-39.2,240.5-45.8,302.4-50.1s237.6-12.1,237.6-12.1\"\/>\r\n<\/svg>\r\n  <\/section>\n\n\n<section id=\"nav-category-block_ca51db9c2f80ec71f2dae2449d47ec2e\" class=\"mod mod--nav-category mod--margin-desktop-none mod--margin-tablet-none mod--margin-smartphone-none  mod--invert mod--boxed mod--full-width\">\r\n  \t\t\t\t\t\t<div class=\"mod-header\">\r\n  <h2 class=\"title\">Products<\/h2><\/div>\r\n<div class=\"pills-wrap\">\r\n  <ul class=\"pills pills--nowrap pills--solid drag-to-scroll\">\r\n                                    <li><a href=\"\/en\/products\/natural-mineral-water\" target=\"\">natural mineral water<\/a><\/li>\r\n                                        <li><a href=\"\/en\/products\/Sparkling-mineral-water\" target=\"\">Sparkling mineral water<\/a><\/li>\r\n                                        <li><a href=\"\/en\/products\/water-with-fruit-juice\" target=\"\">Water with fruit juice<\/a><\/li>\r\n                                        <li><a href=\"\/en\/products\/special-editions\" target=\"\">Special editions<\/a><\/li>\r\n                    <\/ul>\r\n<\/div>\r\n\t\t<\/section>\r\n","protected":false},"excerpt":{"rendered":"","protected":false},"author":1,"featured_media":0,"parent":10831,"menu_order":5,"comment_status":"closed","ping_status":"closed","template":"","meta":{"inline_featured_image":false,"footnotes":""},"class_list":["post-10865","page","type-page","status-publish","hentry"],"acf":[],"yoast_head":"<!-- This site is optimized with the Yoast SEO plugin v26.2 - https:\/\/yoast.com\/wordpress\/plugins\/seo\/ -->\n<title>Aguas Premium - Ediciones especiales - Solan de Cabras<\/title>\n<meta name=\"description\" content=\"Descubre las ediciones especiales limitadas de Sol\u00e1n de Cabras. Nuestra agua mineral en las botellas m\u00e1s exclusivas con un car\u00e1cter premium y gourmet.\" \/>\n<meta name=\"robots\" content=\"index, follow, max-snippet:-1, max-image-preview:large, max-video-preview:-1\" \/>\n<link rel=\"canonical\" href=\"https:\/\/solandecabras.es\/en\/products\/special-editions\/\" \/>\n<meta property=\"og:locale\" content=\"en_US\" \/>\n<meta property=\"og:type\" content=\"article\" \/>\n<meta property=\"og:title\" content=\"Aguas Premium - Ediciones especiales - Solan de Cabras\" \/>\n<meta property=\"og:description\" content=\"Descubre las ediciones especiales limitadas de Sol\u00e1n de Cabras. Nuestra agua mineral en las botellas m\u00e1s exclusivas con un car\u00e1cter premium y gourmet.\" \/>\n<meta property=\"og:url\" content=\"https:\/\/solandecabras.es\/en\/products\/special-editions\/\" \/>\n<meta property=\"og:site_name\" content=\"Solan de Cabras\" \/>\n<meta property=\"article:publisher\" content=\"https:\/\/www.facebook.com\/solandecabras\" \/>\n<meta property=\"article:modified_time\" content=\"2024-03-01T13:02:13+00:00\" \/>\n<meta name=\"twitter:card\" content=\"summary_large_image\" \/>\n<meta name=\"twitter:site\" content=\"@Solan_de_Cabras\" \/>\n<script type=\"application\/ld+json\" class=\"yoast-schema-graph\">{\"@context\":\"https:\/\/schema.org\",\"@graph\":[{\"@type\":\"WebPage\",\"@id\":\"https:\/\/solandecabras.es\/en\/products\/special-editions\/\",\"url\":\"https:\/\/solandecabras.es\/en\/products\/special-editions\/\",\"name\":\"Aguas Premium - Ediciones especiales - Solan de Cabras\",\"isPartOf\":{\"@id\":\"https:\/\/solandecabras.es\/en\/#website\"},\"datePublished\":\"2022-10-10T12:26:12+00:00\",\"dateModified\":\"2024-03-01T13:02:13+00:00\",\"description\":\"Descubre las ediciones especiales limitadas de Sol\u00e1n de Cabras. Nuestra agua mineral en las botellas m\u00e1s exclusivas con un car\u00e1cter premium y gourmet.\",\"breadcrumb\":{\"@id\":\"https:\/\/solandecabras.es\/en\/products\/special-editions\/#breadcrumb\"},\"inLanguage\":\"en-US\",\"potentialAction\":[{\"@type\":\"ReadAction\",\"target\":[\"https:\/\/solandecabras.es\/en\/products\/special-editions\/\"]}]},{\"@type\":\"BreadcrumbList\",\"@id\":\"https:\/\/solandecabras.es\/en\/products\/special-editions\/#breadcrumb\",\"itemListElement\":[{\"@type\":\"ListItem\",\"position\":1,\"name\":\"Products\",\"item\":\"https:\/\/solandecabras.es\/en\/products\/\"},{\"@type\":\"ListItem\",\"position\":2,\"name\":\"Special editions\"}]},{\"@type\":\"WebSite\",\"@id\":\"https:\/\/solandecabras.es\/en\/#website\",\"url\":\"https:\/\/solandecabras.es\/en\/\",\"name\":\"Solan de Cabras\",\"description\":\"Agua mineral Natural\",\"publisher\":{\"@id\":\"https:\/\/solandecabras.es\/en\/#organization\"},\"potentialAction\":[{\"@type\":\"SearchAction\",\"target\":{\"@type\":\"EntryPoint\",\"urlTemplate\":\"https:\/\/solandecabras.es\/en\/?s={search_term_string}\"},\"query-input\":{\"@type\":\"PropertyValueSpecification\",\"valueRequired\":true,\"valueName\":\"search_term_string\"}}],\"inLanguage\":\"en-US\"},{\"@type\":\"Organization\",\"@id\":\"https:\/\/solandecabras.es\/en\/#organization\",\"name\":\"Solan de Cabras\",\"url\":\"https:\/\/solandecabras.es\/en\/\",\"logo\":{\"@type\":\"ImageObject\",\"inLanguage\":\"en-US\",\"@id\":\"https:\/\/solandecabras.es\/en\/#\/schema\/logo\/image\/\",\"url\":\"https:\/\/solandecabras.es\/wp-content\/uploads\/2025\/07\/logoactual.svg\",\"contentUrl\":\"https:\/\/solandecabras.es\/wp-content\/uploads\/2025\/07\/logoactual.svg\",\"width\":\"1024\",\"height\":\"1024\",\"caption\":\"Solan de Cabras\"},\"image\":{\"@id\":\"https:\/\/solandecabras.es\/en\/#\/schema\/logo\/image\/\"},\"sameAs\":[\"https:\/\/www.facebook.com\/solandecabras\",\"https:\/\/x.com\/Solan_de_Cabras\",\"https:\/\/www.youtube.com\/user\/Solanenfoco\",\"https:\/\/www.instagram.com\/solandecabras\"]}]}<\/script>\n<!-- \/ Yoast SEO plugin. -->","yoast_head_json":{"title":"Aguas Premium - Ediciones especiales - Solan de Cabras","description":"Descubre las ediciones especiales limitadas de Sol\u00e1n de Cabras. Nuestra agua mineral en las botellas m\u00e1s exclusivas con un car\u00e1cter premium y gourmet.","robots":{"index":"index","follow":"follow","max-snippet":"max-snippet:-1","max-image-preview":"max-image-preview:large","max-video-preview":"max-video-preview:-1"},"canonical":"https:\/\/solandecabras.es\/en\/products\/special-editions\/","og_locale":"en_US","og_type":"article","og_title":"Aguas Premium - Ediciones especiales - Solan de Cabras","og_description":"Descubre las ediciones especiales limitadas de Sol\u00e1n de Cabras. Nuestra agua mineral en las botellas m\u00e1s exclusivas con un car\u00e1cter premium y gourmet.","og_url":"https:\/\/solandecabras.es\/en\/products\/special-editions\/","og_site_name":"Solan de Cabras","article_publisher":"https:\/\/www.facebook.com\/solandecabras","article_modified_time":"2024-03-01T13:02:13+00:00","twitter_card":"summary_large_image","twitter_site":"@Solan_de_Cabras","schema":{"@context":"https:\/\/schema.org","@graph":[{"@type":"WebPage","@id":"https:\/\/solandecabras.es\/en\/products\/special-editions\/","url":"https:\/\/solandecabras.es\/en\/products\/special-editions\/","name":"Aguas Premium - Ediciones especiales - Solan de Cabras","isPartOf":{"@id":"https:\/\/solandecabras.es\/en\/#website"},"datePublished":"2022-10-10T12:26:12+00:00","dateModified":"2024-03-01T13:02:13+00:00","description":"Descubre las ediciones especiales limitadas de Sol\u00e1n de Cabras. Nuestra agua mineral en las botellas m\u00e1s exclusivas con un car\u00e1cter premium y gourmet.","breadcrumb":{"@id":"https:\/\/solandecabras.es\/en\/products\/special-editions\/#breadcrumb"},"inLanguage":"en-US","potentialAction":[{"@type":"ReadAction","target":["https:\/\/solandecabras.es\/en\/products\/special-editions\/"]}]},{"@type":"BreadcrumbList","@id":"https:\/\/solandecabras.es\/en\/products\/special-editions\/#breadcrumb","itemListElement":[{"@type":"ListItem","position":1,"name":"Products","item":"https:\/\/solandecabras.es\/en\/products\/"},{"@type":"ListItem","position":2,"name":"Special editions"}]},{"@type":"WebSite","@id":"https:\/\/solandecabras.es\/en\/#website","url":"https:\/\/solandecabras.es\/en\/","name":"Solan de Cabras","description":"Agua mineral Natural","publisher":{"@id":"https:\/\/solandecabras.es\/en\/#organization"},"potentialAction":[{"@type":"SearchAction","target":{"@type":"EntryPoint","urlTemplate":"https:\/\/solandecabras.es\/en\/?s={search_term_string}"},"query-input":{"@type":"PropertyValueSpecification","valueRequired":true,"valueName":"search_term_string"}}],"inLanguage":"en-US"},{"@type":"Organization","@id":"https:\/\/solandecabras.es\/en\/#organization","name":"Solan de Cabras","url":"https:\/\/solandecabras.es\/en\/","logo":{"@type":"ImageObject","inLanguage":"en-US","@id":"https:\/\/solandecabras.es\/en\/#\/schema\/logo\/image\/","url":"https:\/\/solandecabras.es\/wp-content\/uploads\/2025\/07\/logoactual.svg","contentUrl":"https:\/\/solandecabras.es\/wp-content\/uploads\/2025\/07\/logoactual.svg","width":"1024","height":"1024","caption":"Solan de Cabras"},"image":{"@id":"https:\/\/solandecabras.es\/en\/#\/schema\/logo\/image\/"},"sameAs":["https:\/\/www.facebook.com\/solandecabras","https:\/\/x.com\/Solan_de_Cabras","https:\/\/www.youtube.com\/user\/Solanenfoco","https:\/\/www.instagram.com\/solandecabras"]}]}},"_links":{"self":[{"href":"https:\/\/solandecabras.es\/en\/wp-json\/wp\/v2\/pages\/10865","targetHints":{"allow":["GET"]}}],"collection":[{"href":"https:\/\/solandecabras.es\/en\/wp-json\/wp\/v2\/pages"}],"about":[{"href":"https:\/\/solandecabras.es\/en\/wp-json\/wp\/v2\/types\/page"}],"author":[{"embeddable":true,"href":"https:\/\/solandecabras.es\/en\/wp-json\/wp\/v2\/users\/1"}],"replies":[{"embeddable":true,"href":"https:\/\/solandecabras.es\/en\/wp-json\/wp\/v2\/comments?post=10865"}],"version-history":[{"count":2,"href":"https:\/\/solandecabras.es\/en\/wp-json\/wp\/v2\/pages\/10865\/revisions"}],"predecessor-version":[{"id":10868,"href":"https:\/\/solandecabras.es\/en\/wp-json\/wp\/v2\/pages\/10865\/revisions\/10868"}],"up":[{"embeddable":true,"href":"https:\/\/solandecabras.es\/en\/wp-json\/wp\/v2\/pages\/10831"}],"wp:attachment":[{"href":"https:\/\/solandecabras.es\/en\/wp-json\/wp\/v2\/media?parent=10865"}],"curies":[{"name":"wp","href":"https:\/\/api.w.org\/{rel}","templated":true}]}}