{"id":10896,"date":"2022-12-14T18:46:06","date_gmt":"2022-12-14T18:46:06","guid":{"rendered":"https:\/\/solandecabras.es\/sostenibilidad\/compromiso-social\/fundacion-mahou-san-miguel\/"},"modified":"2024-03-04T10:45:19","modified_gmt":"2024-03-04T10:45:19","slug":"fundacion-mahou-san-miguel","status":"publish","type":"page","link":"https:\/\/solandecabras.es\/en\/sustainability\/commitment-to-society\/mahou-san-miguel-foundation\/","title":{"rendered":"Mahou San Miguel Foundation"},"content":{"rendered":"\n<section style=\"\" id=\"hero-home-block_2af5de45aa1b56aaca60365d0211e52e\"  class=\"mod mod--hero\nmod--hero-post           negative\">\n            <div class=\"img-wrap\">\n                            <img decoding=\"async\" class=\"current\"\n            src=\"https:\/\/solandecabras.es\/wp-content\/uploads\/2022\/12\/compromiso_con_la_sociedad-post-5-1.jpg\"\n            alt=\"\"\n          \/>\n            <\/div>\n      \n  <div class=\"text-wrap\">\n    <div class=\"slide-wrap\" data-autosize=\"height-max-child\">\n                    <div class=\"slide current\">\n\n\n                        \n        \n      <h1 class=\"title\">\n      Mahou-San Miguel FUNDATION    <\/h1>\n  \n\n\n\n\n\n    <\/div>\n            <\/div>\n\n      <\/div>\n<\/section>\n\n\n<section style=\"\" id=\"wysiwyg-block_4e7df2fa3e297c0b0a5774586324a002\" class=\"mod mod--wysiwyg    \">\n\n  <div class=\"text-editor\">\n                  <div class=\"text-editor-container \">The Mahou San Miguel Foundation exists to provide continuity to and drive the social action projects that for over 125 years have been the hallmark of Mahou San Miguel, a 100% family-owned Spanish company and a leader in the beer market in our country.\r\n\r\nOur mission is to contribute actively and sustainably to the transformation and evolution of society through our commitment to people\u2019s well-being.<\/div>              <div class=\"text-editor-container \"><h2>\u2018OUR MAHOU SAN MIGUEL FOUNDATION REPRESENTS AN ETHOS THAT HAS CHARACTERISED A FAMILY AND A COMPANY WITH A FIRM COMMITMENT TO SOCIETY FOR OVER A CENTURY.\u2019<\/h2><\/div>              <div class=\"text-editor-container \">Based on study and analysis of today\u2019s society and its needs, and the vision and participation of Mahou San Miguel employees, the Foundation defines lines of action based on four major pillars.<\/div>              <div class=\"text-editor-container \"><h2>\u2018WE FOCUS ON PROGRAMMES THAT CONTRIBUTE TO TRAINING, EMPLOYMENT AND ENTREPRENEURSHIP, INITIATIVES THAT PROMOTE AN EDUCATION BASED ON VALUES AND PROJECTS\u2019<\/h2><\/div>              <div class=\"text-editor-container \"><img loading=\"lazy\" decoding=\"async\" class=\"aligncenter size-full wp-image-3091\" src=\"https:\/\/solandecabras.es\/wp-content\/uploads\/2022\/12\/foundation-img-sheet-1.jpg\" alt=\"\" width=\"850\" height=\"568\" srcset=\"https:\/\/solandecabras.es\/wp-content\/uploads\/2022\/12\/foundation-img-sheet-1.jpg 850w, https:\/\/solandecabras.es\/wp-content\/uploads\/2022\/12\/foundation-img-sheet-1-300x200.jpg 300w, https:\/\/solandecabras.es\/wp-content\/uploads\/2022\/12\/foundation-img-sheet-1-768x513.jpg 768w\" sizes=\"auto, (max-width: 850px) 100vw, 850px\" \/><\/div>            <\/div>\n\n\n\n                                                          \n<\/section>\n\n\n<section id=\"grid-block_78afcc5d435f9fac4e9eb05e95e2e2bf\" class=\"mod mod--grid        \" style=\"\n                                                                                                           \">\n\n    <div class=\"grid-wrap\" data-xl-cols=\"2\" data-lg-cols=\"2\" data-md-cols=\"2\" data-cols=\"1\">\n          \n        \n        <!-- START: Is DIV or LINK -->\n                    <div class=\"item \"   data-opacity=\"1\">\n            \n             <div class=\"image-wrapper\">                                           <\/div>\n            \n\n            <div class=\"content-wrapper\">\n                              <h3 class=\"title\">TRAINING AND EMPLOYMENT<\/h3>\n              \n                              <p>We create projects that support the training and employment of people at risk of exclusion. We support initiatives that promote entrepreneurship as a self-employment tool.<\/p>\n                          <\/div>\n\n                          <svg version=\"1.1\" class=\"decoration-waves-grid\" xmlns=\"http:\/\/www.w3.org\/2000\/svg\" xmlns:xlink=\"http:\/\/www.w3.org\/1999\/xlink\" x=\"0px\" y=\"0px\"\r\n\t viewBox=\"0 0 600 266\" style=\"enable-background:new 0 0 600 266;\" xml:space=\"preserve\" preserveAspectRatio=\"none\">\r\n<path fill=\"#E6EBF7\" class=\"st0-10\" d=\"M40.97,266c132.25,0,233.67,0,345.8,0c69.69,0,132.12,0,213.23,0v-99.98c-232.09,19.55-343.79,56.1-531.2,56.1\r\n\tc-21.59,0-44.82-0.21-68.8-0.61V266C12.55,265.95,27.48,266,40.97,266z\"\/>\r\n<path fill=\"#CFD9EC\" class=\"st1-10\" d=\"M39.04,228.88c-13.49,0-26.49,0.03-39.04,0.08V266h600v-70.73c-80.69,4.51-149.72,10.28-215.28,15.76\r\n\tC272.98,220.37,171.29,228.88,39.04,228.88z\"\/>\r\n<\/svg>\r\n            \n            <!-- END: Is DIV or LINK -->\n              <\/div>\n\n\n        \n        <!-- START: Is DIV or LINK -->\n                    <div class=\"item \"   data-opacity=\"1\">\n            \n             <div class=\"image-wrapper\">                                           <\/div>\n            \n\n            <div class=\"content-wrapper\">\n                              <h3 class=\"title\">EDUCATION AND HEALTHY LEISURE ACTIVITIES<\/h3>\n              \n                              <p>We promote educational activities to foster healthy values and habits in young people.<\/p>\n                          <\/div>\n\n                          <svg version=\"1.1\" class=\"decoration-waves-grid\" xmlns=\"http:\/\/www.w3.org\/2000\/svg\" xmlns:xlink=\"http:\/\/www.w3.org\/1999\/xlink\" x=\"0px\" y=\"0px\"\r\n\t viewBox=\"0 0 600 266\" style=\"enable-background:new 0 0 600 266;\" xml:space=\"preserve\" preserveAspectRatio=\"none\">\r\n<path fill=\"#E6EBF7\" class=\"st0-10\" d=\"M40.97,266c132.25,0,233.67,0,345.8,0c69.69,0,132.12,0,213.23,0v-99.98c-232.09,19.55-343.79,56.1-531.2,56.1\r\n\tc-21.59,0-44.82-0.21-68.8-0.61V266C12.55,265.95,27.48,266,40.97,266z\"\/>\r\n<path fill=\"#CFD9EC\" class=\"st1-10\" d=\"M39.04,228.88c-13.49,0-26.49,0.03-39.04,0.08V266h600v-70.73c-80.69,4.51-149.72,10.28-215.28,15.76\r\n\tC272.98,220.37,171.29,228.88,39.04,228.88z\"\/>\r\n<\/svg>\r\n            \n            <!-- END: Is DIV or LINK -->\n              <\/div>\n\n\n        \n        <!-- START: Is DIV or LINK -->\n                    <div class=\"item \"   data-opacity=\"1\">\n            \n             <div class=\"image-wrapper\">                                           <\/div>\n            \n\n            <div class=\"content-wrapper\">\n                              <h3 class=\"title\">SOCIAL ACTION<\/h3>\n              \n                              <p>We work with local organisations to improve the quality of life of the most vulnerable groups through social projects.<\/p>\n                          <\/div>\n\n                          <svg version=\"1.1\" class=\"decoration-waves-grid\" xmlns=\"http:\/\/www.w3.org\/2000\/svg\" xmlns:xlink=\"http:\/\/www.w3.org\/1999\/xlink\" x=\"0px\" y=\"0px\"\r\n\t viewBox=\"0 0 600 266\" style=\"enable-background:new 0 0 600 266;\" xml:space=\"preserve\" preserveAspectRatio=\"none\">\r\n<path fill=\"#E6EBF7\" class=\"st0-10\" d=\"M40.97,266c132.25,0,233.67,0,345.8,0c69.69,0,132.12,0,213.23,0v-99.98c-232.09,19.55-343.79,56.1-531.2,56.1\r\n\tc-21.59,0-44.82-0.21-68.8-0.61V266C12.55,265.95,27.48,266,40.97,266z\"\/>\r\n<path fill=\"#CFD9EC\" class=\"st1-10\" d=\"M39.04,228.88c-13.49,0-26.49,0.03-39.04,0.08V266h600v-70.73c-80.69,4.51-149.72,10.28-215.28,15.76\r\n\tC272.98,220.37,171.29,228.88,39.04,228.88z\"\/>\r\n<\/svg>\r\n            \n            <!-- END: Is DIV or LINK -->\n              <\/div>\n\n\n        \n        <!-- START: Is DIV or LINK -->\n                    <div class=\"item \"   data-opacity=\"1\">\n            \n             <div class=\"image-wrapper\">                                           <\/div>\n            \n\n            <div class=\"content-wrapper\">\n                              <h3 class=\"title\">COMMITMENT TO THE THIRD SECTOR<\/h3>\n              \n                              <p>We support the strength and transparency of this sector made up of foundations, associations and NGOs.<\/p>\n                          <\/div>\n\n                          <svg version=\"1.1\" class=\"decoration-waves-grid\" xmlns=\"http:\/\/www.w3.org\/2000\/svg\" xmlns:xlink=\"http:\/\/www.w3.org\/1999\/xlink\" x=\"0px\" y=\"0px\"\r\n\t viewBox=\"0 0 600 266\" style=\"enable-background:new 0 0 600 266;\" xml:space=\"preserve\" preserveAspectRatio=\"none\">\r\n<path fill=\"#E6EBF7\" class=\"st0-10\" d=\"M40.97,266c132.25,0,233.67,0,345.8,0c69.69,0,132.12,0,213.23,0v-99.98c-232.09,19.55-343.79,56.1-531.2,56.1\r\n\tc-21.59,0-44.82-0.21-68.8-0.61V266C12.55,265.95,27.48,266,40.97,266z\"\/>\r\n<path fill=\"#CFD9EC\" class=\"st1-10\" d=\"M39.04,228.88c-13.49,0-26.49,0.03-39.04,0.08V266h600v-70.73c-80.69,4.51-149.72,10.28-215.28,15.76\r\n\tC272.98,220.37,171.29,228.88,39.04,228.88z\"\/>\r\n<\/svg>\r\n            \n            <!-- END: Is DIV or LINK -->\n              <\/div>\n\n<\/div>\n<\/section>\n\n\n\n<section style=\"\" id=\"wysiwyg-block_1896c732532e2183c5144cea7194f740\" class=\"mod mod--wysiwyg    \">\n\n  <div class=\"text-editor\">\n                  <div class=\"text-editor-container \">For more information about the Mahou San Miguel Foundation, visit our website:\r\n\r\n<a href=\"http:\/\/www.fundacionmahousanmiguel.com\/?_ga=2.66616871.863046780.1670752804-165955491.1660844898&amp;_gl=1*54558w*_ga*MTY1OTU1NDkxLjE2NjA4NDQ4OTg.*_ga_6YZ5Q126DF*MTY3MTA3NDMxNi42NS4xLjE2NzEwNzk3OTIuNTUuMC4w\" target=\"_blank\" rel=\"noopener\">FUNDACI\u00d3N MAHOU SANMIGUEL<\/a><\/div>                          <\/div>\n\n\n\n                                            <div class=\"text-editor-container\">\n        <div class=\"share-wrap\">\n          <span>Comp\u00e1rtelo<\/span>\n          <ul>\n            <li><a target=\"_blank\" href=\"https:\/\/twitter.com\/share?url=https:\/\/solandecabras.es\/en\/sustainability\/commitment-to-society\/mahou-san-miguel-foundation\/&amp;text=Mahou San Miguel Foundation\">Comp\u00e1rtelo en Twitter<i class=\"ri-twitter-line\"><\/i><\/a><\/li>\n            <li><a target=\"_blank\" href=\"https:\/\/www.facebook.com\/sharer.php?u=https:\/\/solandecabras.es\/en\/sustainability\/commitment-to-society\/mahou-san-miguel-foundation\/\">Comp\u00e1rtelo en Facebook<i class=\"ri-facebook-box-line\"><\/i><\/a><\/li>\n            <li><a target=\"_blank\" href=\"mailto:?subject=Quiero%20compartir%20contigo%20la%20web%20de%20Sol\u00e1n%20de%20Cabras&#038;body=Accede%20a%20este%20link:%20https:\/\/solandecabras.es\/en\/sustainability\/commitment-to-society\/mahou-san-miguel-foundation\/\">Comp\u00e1rtelo por mail<i class=\"ri-mail-line\"><\/i><\/a><\/li>\n          <\/ul>\n        <\/div>\n    <\/div>\n              \n<\/section>\n\n\n<section id=\"card-horizontal-block_a6c0ad7fb7f3edc34b459ddf9faaf3e4\" class=\"mod mod--cards-horizontal  \">\n\n                    <div class=\"mod-header\">\r\n  <h2 class=\"title\">YOU MIGHT BE INTERESTED IN<\/h2><\/div>\r\n\r\n  <ul class=\"card-container\">\r\n                <li class=\"card\">\n            <a class=\"img-wrap\"\n         href=\"\/sustainability\/commitment-to-society\/womens-race\/\"\n         target=\"\">\n                   <img loading=\"lazy\" decoding=\"async\" width=\"700\" height=\"293\" src=\"https:\/\/solandecabras.es\/wp-content\/uploads\/2023\/02\/carrera-mujer-D.jpg\" alt=\"\"  data-focus=\"50% 20%\" \/>\n               <\/a>\n        <div class=\"text-wrap\">\n              <h3 class=\"title\">\n                      <a class=\"pretitle\"\n              href=\"\/sustainability\/commitment-to-society\/womens-race\/\"\n              target=\"\">\n              Women&#8217;s race            <\/a>\n                <\/h3>\n        <p>A charity fun run for enjoying community athletics and having a good time. The largest women&#8217;s sports event in Europe.<\/p>        <a referrerpolicy=\"origin\"\n      class=\"btn btn--link\"\n      href=\"\/sustainability\/commitment-to-society\/womens-race\/\"\n      target=\"\">\n      <span>Read<\/span>\n    <\/a>\n  <\/div>\n<\/li>\n                <li class=\"card\">\n            <a class=\"img-wrap\"\n         href=\"\/sustainability\/commitment-to-society\/solan-de-cabras-and-the-aecc-join-forces-again-in-dropsofsolidarity\"\n         target=\"\">\n                   <img loading=\"lazy\" decoding=\"async\" width=\"1400\" height=\"551\" src=\"https:\/\/solandecabras.es\/wp-content\/uploads\/2023\/02\/Ficha-1.jpg\" alt=\"\"  data-focus=\"50% 20%\" \/>\n               <\/a>\n        <div class=\"text-wrap\">\n              <h3 class=\"title\">\n                      <a class=\"pretitle\"\n              href=\"\/sustainability\/commitment-to-society\/solan-de-cabras-and-the-aecc-join-forces-again-in-dropsofsolidarity\"\n              target=\"\">\n              Sol\u00e1n de Cabras and the AECC join forces once again in #dropsofsolidarity            <\/a>\n                <\/h3>\n        <p>We renewed our commitment to the Spanish Cancer Association for the tenth year in a row.<\/p>        <a referrerpolicy=\"origin\"\n      class=\"btn btn--link\"\n      href=\"\/sustainability\/commitment-to-society\/solan-de-cabras-and-the-aecc-join-forces-again-in-dropsofsolidarity\"\n      target=\"\">\n      <span>Leer<\/span>\n    <\/a>\n  <\/div>\n<\/li>\n                <li class=\"card\">\n            <a class=\"img-wrap\"\n         href=\"\/sostenibilidad\/commitment-to-society\/mahou-san-miguel-foundation\/\"\n         target=\"\">\n                   <img loading=\"lazy\" decoding=\"async\" width=\"1400\" height=\"700\" src=\"https:\/\/solandecabras.es\/wp-content\/uploads\/2022\/12\/compromiso_con_la_sociedad-post-5-1.jpg\" alt=\"\"  data-focus=\"50% 20%\" \/>\n               <\/a>\n        <div class=\"text-wrap\">\n              <h3 class=\"title\">\n                      <a class=\"pretitle\"\n              href=\"\/sostenibilidad\/commitment-to-society\/mahou-san-miguel-foundation\/\"\n              target=\"\">\n              MAHOU SAN MIGUEL FOUNDATION            <\/a>\n                <\/h3>\n        <p>The Mahou San Miguel Foundation exists to provide continuity to and drive social action projects.<\/p>        <a referrerpolicy=\"origin\"\n      class=\"btn btn--link\"\n      href=\"\/sostenibilidad\/commitment-to-society\/mahou-san-miguel-foundation\/\"\n      target=\"\">\n      <span>Read<\/span>\n    <\/a>\n  <\/div>\n<\/li>\n      <\/ul>\r\n      \n<\/section>\n\n\n\n<section id=\"image-text-block_e1f94d938c795fd9297f7885f220a1fc\"   class=\"mod mod--image-text\n                    mod--transition-none  \">\n  \n    <div class=\"text-wrap\">\n      <\/div>\n\n  <\/section>\n","protected":false},"excerpt":{"rendered":"","protected":false},"author":2,"featured_media":0,"parent":10873,"menu_order":0,"comment_status":"closed","ping_status":"closed","template":"","meta":{"inline_featured_image":false,"footnotes":""},"class_list":["post-10896","page","type-page","status-publish","hentry"],"acf":[],"yoast_head":"<!-- This site is optimized with the Yoast SEO plugin v26.2 - https:\/\/yoast.com\/wordpress\/plugins\/seo\/ -->\n<title>Fundaci\u00f3n Mahou-San Miguel<\/title>\n<meta name=\"description\" content=\"Fundaci\u00f3n Mahou-San Miguel. Descubre m\u00e1s sobre el compromiso de Sol\u00e1n de Cabras.\" \/>\n<meta name=\"robots\" content=\"index, follow, max-snippet:-1, max-image-preview:large, max-video-preview:-1\" \/>\n<link rel=\"canonical\" href=\"https:\/\/solandecabras.es\/en\/sustainability\/commitment-to-society\/mahou-san-miguel-foundation\/\" \/>\n<meta property=\"og:locale\" content=\"en_US\" \/>\n<meta property=\"og:type\" content=\"article\" \/>\n<meta property=\"og:title\" content=\"Fundaci\u00f3n Mahou-San Miguel\" \/>\n<meta property=\"og:description\" content=\"Fundaci\u00f3n Mahou-San Miguel. Descubre m\u00e1s sobre el compromiso de Sol\u00e1n de Cabras.\" \/>\n<meta property=\"og:url\" content=\"https:\/\/solandecabras.es\/en\/sustainability\/commitment-to-society\/mahou-san-miguel-foundation\/\" \/>\n<meta property=\"og:site_name\" content=\"Solan de Cabras\" \/>\n<meta property=\"article:publisher\" content=\"https:\/\/www.facebook.com\/solandecabras\" \/>\n<meta property=\"article:modified_time\" content=\"2024-03-04T10:45:19+00:00\" \/>\n<meta name=\"twitter:card\" content=\"summary_large_image\" \/>\n<meta name=\"twitter:site\" content=\"@Solan_de_Cabras\" \/>\n<script type=\"application\/ld+json\" class=\"yoast-schema-graph\">{\"@context\":\"https:\/\/schema.org\",\"@graph\":[{\"@type\":\"WebPage\",\"@id\":\"https:\/\/solandecabras.es\/en\/sustainability\/commitment-to-society\/mahou-san-miguel-foundation\/\",\"url\":\"https:\/\/solandecabras.es\/en\/sustainability\/commitment-to-society\/mahou-san-miguel-foundation\/\",\"name\":\"Fundaci\u00f3n Mahou-San Miguel\",\"isPartOf\":{\"@id\":\"https:\/\/solandecabras.es\/en\/#website\"},\"datePublished\":\"2022-12-14T18:46:06+00:00\",\"dateModified\":\"2024-03-04T10:45:19+00:00\",\"description\":\"Fundaci\u00f3n Mahou-San Miguel. Descubre m\u00e1s sobre el compromiso de Sol\u00e1n de Cabras.\",\"breadcrumb\":{\"@id\":\"https:\/\/solandecabras.es\/en\/sustainability\/commitment-to-society\/mahou-san-miguel-foundation\/#breadcrumb\"},\"inLanguage\":\"en-US\",\"potentialAction\":[{\"@type\":\"ReadAction\",\"target\":[\"https:\/\/solandecabras.es\/en\/sustainability\/commitment-to-society\/mahou-san-miguel-foundation\/\"]}]},{\"@type\":\"BreadcrumbList\",\"@id\":\"https:\/\/solandecabras.es\/en\/sustainability\/commitment-to-society\/mahou-san-miguel-foundation\/#breadcrumb\",\"itemListElement\":[{\"@type\":\"ListItem\",\"position\":1,\"name\":\"Sustainability\",\"item\":\"https:\/\/solandecabras.es\/en\/sustainability\/\"},{\"@type\":\"ListItem\",\"position\":2,\"name\":\"Commitment to society\",\"item\":\"https:\/\/solandecabras.es\/en\/sustainability\/commitment-to-society\/\"},{\"@type\":\"ListItem\",\"position\":3,\"name\":\"Mahou San Miguel Foundation\"}]},{\"@type\":\"WebSite\",\"@id\":\"https:\/\/solandecabras.es\/en\/#website\",\"url\":\"https:\/\/solandecabras.es\/en\/\",\"name\":\"Solan de Cabras\",\"description\":\"Agua mineral Natural\",\"publisher\":{\"@id\":\"https:\/\/solandecabras.es\/en\/#organization\"},\"potentialAction\":[{\"@type\":\"SearchAction\",\"target\":{\"@type\":\"EntryPoint\",\"urlTemplate\":\"https:\/\/solandecabras.es\/en\/?s={search_term_string}\"},\"query-input\":{\"@type\":\"PropertyValueSpecification\",\"valueRequired\":true,\"valueName\":\"search_term_string\"}}],\"inLanguage\":\"en-US\"},{\"@type\":\"Organization\",\"@id\":\"https:\/\/solandecabras.es\/en\/#organization\",\"name\":\"Solan de Cabras\",\"url\":\"https:\/\/solandecabras.es\/en\/\",\"logo\":{\"@type\":\"ImageObject\",\"inLanguage\":\"en-US\",\"@id\":\"https:\/\/solandecabras.es\/en\/#\/schema\/logo\/image\/\",\"url\":\"https:\/\/solandecabras.es\/wp-content\/uploads\/2025\/07\/logoactual.svg\",\"contentUrl\":\"https:\/\/solandecabras.es\/wp-content\/uploads\/2025\/07\/logoactual.svg\",\"width\":\"1024\",\"height\":\"1024\",\"caption\":\"Solan de Cabras\"},\"image\":{\"@id\":\"https:\/\/solandecabras.es\/en\/#\/schema\/logo\/image\/\"},\"sameAs\":[\"https:\/\/www.facebook.com\/solandecabras\",\"https:\/\/x.com\/Solan_de_Cabras\",\"https:\/\/www.youtube.com\/user\/Solanenfoco\",\"https:\/\/www.instagram.com\/solandecabras\"]}]}<\/script>\n<!-- \/ Yoast SEO plugin. -->","yoast_head_json":{"title":"Fundaci\u00f3n Mahou-San Miguel","description":"Fundaci\u00f3n Mahou-San Miguel. Descubre m\u00e1s sobre el compromiso de Sol\u00e1n de Cabras.","robots":{"index":"index","follow":"follow","max-snippet":"max-snippet:-1","max-image-preview":"max-image-preview:large","max-video-preview":"max-video-preview:-1"},"canonical":"https:\/\/solandecabras.es\/en\/sustainability\/commitment-to-society\/mahou-san-miguel-foundation\/","og_locale":"en_US","og_type":"article","og_title":"Fundaci\u00f3n Mahou-San Miguel","og_description":"Fundaci\u00f3n Mahou-San Miguel. Descubre m\u00e1s sobre el compromiso de Sol\u00e1n de Cabras.","og_url":"https:\/\/solandecabras.es\/en\/sustainability\/commitment-to-society\/mahou-san-miguel-foundation\/","og_site_name":"Solan de Cabras","article_publisher":"https:\/\/www.facebook.com\/solandecabras","article_modified_time":"2024-03-04T10:45:19+00:00","twitter_card":"summary_large_image","twitter_site":"@Solan_de_Cabras","schema":{"@context":"https:\/\/schema.org","@graph":[{"@type":"WebPage","@id":"https:\/\/solandecabras.es\/en\/sustainability\/commitment-to-society\/mahou-san-miguel-foundation\/","url":"https:\/\/solandecabras.es\/en\/sustainability\/commitment-to-society\/mahou-san-miguel-foundation\/","name":"Fundaci\u00f3n Mahou-San Miguel","isPartOf":{"@id":"https:\/\/solandecabras.es\/en\/#website"},"datePublished":"2022-12-14T18:46:06+00:00","dateModified":"2024-03-04T10:45:19+00:00","description":"Fundaci\u00f3n Mahou-San Miguel. Descubre m\u00e1s sobre el compromiso de Sol\u00e1n de Cabras.","breadcrumb":{"@id":"https:\/\/solandecabras.es\/en\/sustainability\/commitment-to-society\/mahou-san-miguel-foundation\/#breadcrumb"},"inLanguage":"en-US","potentialAction":[{"@type":"ReadAction","target":["https:\/\/solandecabras.es\/en\/sustainability\/commitment-to-society\/mahou-san-miguel-foundation\/"]}]},{"@type":"BreadcrumbList","@id":"https:\/\/solandecabras.es\/en\/sustainability\/commitment-to-society\/mahou-san-miguel-foundation\/#breadcrumb","itemListElement":[{"@type":"ListItem","position":1,"name":"Sustainability","item":"https:\/\/solandecabras.es\/en\/sustainability\/"},{"@type":"ListItem","position":2,"name":"Commitment to society","item":"https:\/\/solandecabras.es\/en\/sustainability\/commitment-to-society\/"},{"@type":"ListItem","position":3,"name":"Mahou San Miguel Foundation"}]},{"@type":"WebSite","@id":"https:\/\/solandecabras.es\/en\/#website","url":"https:\/\/solandecabras.es\/en\/","name":"Solan de Cabras","description":"Agua mineral Natural","publisher":{"@id":"https:\/\/solandecabras.es\/en\/#organization"},"potentialAction":[{"@type":"SearchAction","target":{"@type":"EntryPoint","urlTemplate":"https:\/\/solandecabras.es\/en\/?s={search_term_string}"},"query-input":{"@type":"PropertyValueSpecification","valueRequired":true,"valueName":"search_term_string"}}],"inLanguage":"en-US"},{"@type":"Organization","@id":"https:\/\/solandecabras.es\/en\/#organization","name":"Solan de Cabras","url":"https:\/\/solandecabras.es\/en\/","logo":{"@type":"ImageObject","inLanguage":"en-US","@id":"https:\/\/solandecabras.es\/en\/#\/schema\/logo\/image\/","url":"https:\/\/solandecabras.es\/wp-content\/uploads\/2025\/07\/logoactual.svg","contentUrl":"https:\/\/solandecabras.es\/wp-content\/uploads\/2025\/07\/logoactual.svg","width":"1024","height":"1024","caption":"Solan de Cabras"},"image":{"@id":"https:\/\/solandecabras.es\/en\/#\/schema\/logo\/image\/"},"sameAs":["https:\/\/www.facebook.com\/solandecabras","https:\/\/x.com\/Solan_de_Cabras","https:\/\/www.youtube.com\/user\/Solanenfoco","https:\/\/www.instagram.com\/solandecabras"]}]}},"_links":{"self":[{"href":"https:\/\/solandecabras.es\/en\/wp-json\/wp\/v2\/pages\/10896","targetHints":{"allow":["GET"]}}],"collection":[{"href":"https:\/\/solandecabras.es\/en\/wp-json\/wp\/v2\/pages"}],"about":[{"href":"https:\/\/solandecabras.es\/en\/wp-json\/wp\/v2\/types\/page"}],"author":[{"embeddable":true,"href":"https:\/\/solandecabras.es\/en\/wp-json\/wp\/v2\/users\/2"}],"replies":[{"embeddable":true,"href":"https:\/\/solandecabras.es\/en\/wp-json\/wp\/v2\/comments?post=10896"}],"version-history":[{"count":2,"href":"https:\/\/solandecabras.es\/en\/wp-json\/wp\/v2\/pages\/10896\/revisions"}],"predecessor-version":[{"id":10903,"href":"https:\/\/solandecabras.es\/en\/wp-json\/wp\/v2\/pages\/10896\/revisions\/10903"}],"up":[{"embeddable":true,"href":"https:\/\/solandecabras.es\/en\/wp-json\/wp\/v2\/pages\/10873"}],"wp:attachment":[{"href":"https:\/\/solandecabras.es\/en\/wp-json\/wp\/v2\/media?parent=10896"}],"curies":[{"name":"wp","href":"https:\/\/api.w.org\/{rel}","templated":true}]}}