{"id":10977,"date":"2023-10-17T15:47:39","date_gmt":"2023-10-17T15:47:39","guid":{"rendered":"https:\/\/solandecabras.es\/10aniversariocontraelcancer\/restaurantes-plato-solidario-aecc\/"},"modified":"2024-03-04T15:17:35","modified_gmt":"2024-03-04T15:17:35","slug":"restaurantes-plato-solidario-aecc","status":"publish","type":"page","link":"https:\/\/solandecabras.es\/en\/10-years-fighting-cancer\/aecc-solidarity-plate-restaurants\/","title":{"rendered":"AECC Solidarity Plate Restaurants"},"content":{"rendered":"\n<section style=\"background-color:#f77193\" id=\"hero-home-block_4ed169c81768667765833f38324f832b\"  class=\"mod mod--hero\nmod--hero-section  mod--single mod--full-width  mod--fake-full-width    bottom-content  negative\">\n      <div class=\"img-wrap\">\n                          <img decoding=\"async\"\n          class=\"current\"          src=\"https:\/\/solandecabras.es\/wp-content\/uploads\/2023\/10\/10-obras-10-emociones.png\"\n          alt=\"\"\n        \/>\n            <\/div>\n  \n  <div class=\"text-wrap\">\n    <div class=\"slide-wrap\" data-autosize=\"height-max-child\">\n                                                                    <div class=\"slide current\">\n\n                  <p class=\"pretitle\">PoS Initiative<\/p>\n                \n      <h1 class=\"title\">\n      <strong>POINT OF SALE<\/strong>    <\/h1>\n  \n\n\n  <p>AECC<\/p>\n\n    <\/div>\n            <\/div>\n\n      <\/div>\n<\/section>\n\n\n<section style=\"background-color:#f77193\" id=\"wysiwyg-block_076bfad6c3ffafc528bdcc3336b71ef7\" class=\"mod mod--wysiwyg mod--margin-desktop-none mod--margin-tablet-none mod--margin-smartphone-none mod--transition-none  mod--invert  mod--full-width\">\n\n  <div class=\"text-editor\">\n                  <div class=\"text-editor-container featured-text\">Again this year, we want to allow restaurants to join our solidarity initiative in order to support cancer patients and their family members by offering a \u2018solidarity plate\u2019.\r\n\r\n<br><br>\r\n\r\nThis action is designed to raise funds for counselling for these people by providing emotional support during the treatment and recovery process.\r\n\r\nEach participating restaurant will include on its menu an item called the \u2018SOLIDARITY PLATE\u2019.\r\n<br><br>\r\n\r\nPart of the price of this dish will be dedicated to funding counselling programmes for cancer patients and their family members. When patrons choose the item, they will not only get to enjoy delicious food but will also be contributing to a good cause.<\/div>            <\/div>\n\n\n\n                  \n<\/section>\n\n\n<section style=\"background-color:#f77193\" id=\"wysiwyg-block_fdab68e42896116f20f1b0c1688e4e0b\" class=\"mod mod--wysiwyg mod--margin-desktop-none mod--margin-tablet-none mod--margin-smartphone-none mod--transition-none    mod--full-width\">\n\n  <div class=\"text-editor\">\n                  <div class=\"text-editor-container \"><br><br><\/div>              <div class=\"text-editor-container \"><iframe loading=\"lazy\" src=\"https:\/\/www.google.com\/maps\/d\/embed?mid=1wRLhwd8spIN4X7SV65LYhU-C3CSeC5M&#038;ehbc=2E312F\" width=\"640\" height=\"480\"><\/iframe><\/div>              <div class=\"text-editor-container \"><br><br><\/div>            <\/div>\n\n\n\n                                      \n<\/section>\n\n\n<section id=\"restaurantes-iniciativa\" class=\"mod mod--grid        \" style=\"\n                                                                                                           \">\n\n      <div class=\"mod-header\">\n      <p class=\"pretitle\">Restaurants supporting the initiative<\/p>      <h2 class=\"title\">SOLIDARITY PLATE<\/h2>                <\/div>\n    <div class=\"grid-wrap\" data-xl-cols=\"3\" data-lg-cols=\"3\" data-md-cols=\"2\" data-cols=\"1\">\n          \n        \n        <!-- START: Is DIV or LINK -->\n                                        <a class=\"item \"  data-theme=\"#f77193\" data-opacity=\"0.05\" href=\"https:\/\/www.google.com\/maps\/d\/u\/0\/viewer?mid=1wRLhwd8spIN4X7SV65LYhU-C3CSeC5M&#038;ll=40.420717431612765%2C-3.6654169544189408&#038;z=13\" target=\"_blank\">\n                      \n             <div class=\"image-wrapper\">                                           <\/div>\n            \n\n            <div class=\"content-wrapper\">\n              \n                              <p><ul style=\"text-align: left;\">\r\n \t<li style=\"text-align: left;\">Restaurante Finca Liana<\/li>\r\n \t<li style=\"text-align: left;\">Thai Arturo Soria<\/li>\r\n \t<li style=\"text-align: left;\">Restaurante Triana<\/li>\r\n \t<li style=\"text-align: left;\">Albedr\u00edo Taberna<\/li>\r\n \t<li style=\"text-align: left;\">Taberna &amp; Media<\/li>\r\n \t<li style=\"text-align: left;\">Restaurante en el Retiro Vinos de Bellota<\/li>\r\n \t<li style=\"text-align: left;\">Restaurante La Monter\u00eda<\/li>\r\n \t<li style=\"text-align: left;\">La Monte<\/li>\r\n \t<li style=\"text-align: left;\">El Bodeg\u00f3n del Puntapi\u00e9<\/li>\r\n \t<li style=\"text-align: left;\">Sinsorgo Bilbao<\/li>\r\n<li style=\"text-align: left;\">Gallinero 39<\/li>\r\n \t\r\n<\/ul><\/p>\n                          <\/div>\n\n            \n            <!-- END: Is DIV or LINK -->\n                                                    <\/a>\n                  \n\n        \n        <!-- START: Is DIV or LINK -->\n                                        <a class=\"item \"  data-theme=\"#f77193\" data-opacity=\"0.05\" href=\"https:\/\/www.google.com\/maps\/d\/u\/0\/viewer?mid=1wRLhwd8spIN4X7SV65LYhU-C3CSeC5M&#038;ll=40.420717431612765%2C-3.6654169544189408&#038;z=13\" target=\"_blank\">\n                      \n             <div class=\"image-wrapper\">                                           <\/div>\n            \n\n            <div class=\"content-wrapper\">\n              \n                              <p><ul>\r\n<li style=\"text-align: left;\">Taberna La Fragua De Vito<\/li>\r\n \t<li style=\"text-align: left;\">La Plater\u00eda Bar Restaurante<\/li>\r\n \t\r\n \t<li style=\"text-align: left;\">Hontanares<\/li>\r\n \t<li style=\"text-align: left;\">La Cantina del Ateneo<\/li>\r\n \t<li style=\"text-align: left;\">Brisket Restaurante<\/li>\r\n \t<li style=\"text-align: left;\">Barrio H\u00famedo Madrid<\/li>\r\n \t<li style=\"text-align: left;\">La Castela<\/li>\r\n \t<li style=\"text-align: left;\">Restaurante Castelados<\/li>\r\n \t<li style=\"text-align: left;\">Tanatorio de San Isidro<\/li>\r\n<li style=\"text-align: left;\">Restaurante Asador Casa Juan<\/li>\r\n \t<li style=\"text-align: left;\">Cervecer\u00eda La Campana<\/li>\r\n \t<li style=\"text-align: left;\">Bicai | Restaurante en Moda Shopping<\/li>\r\n \t\r\n \t\r\n<\/ul><\/p>\n                          <\/div>\n\n            \n            <!-- END: Is DIV or LINK -->\n                                                    <\/a>\n                  \n\n        \n        <!-- START: Is DIV or LINK -->\n                                        <a class=\"item \"  data-theme=\"#f77193\" data-opacity=\"0.05\" href=\"https:\/\/www.google.com\/maps\/d\/u\/0\/viewer?mid=1wRLhwd8spIN4X7SV65LYhU-C3CSeC5M&#038;ll=40.420717431612765%2C-3.6654169544189408&#038;z=13\" target=\"_blank\">\n                      \n             <div class=\"image-wrapper\">                                           <\/div>\n            \n\n            <div class=\"content-wrapper\">\n              \n                              <p><ul>\r\n<li style=\"text-align: left;\">Casa Mingo<\/li>\r\n \t<li style=\"text-align: left;\">Almagro Caf\u00e9 and Bar Restaurante<\/li>\r\n \t<li style=\"text-align: left;\">Restaurante Cantespino<\/li>\r\n \t<li style=\"text-align: left;\">Restaurante El Invernadero de Los Pe\u00f1otes<\/li>\r\n \t<li style=\"text-align: left;\">Terraza Boss<\/li>\r\n \t<li style=\"text-align: left;\">La Casa Gabriel por A.Navarro<\/li>\r\n \t<li style=\"text-align: left;\">Hacienda la Coracera<\/li>\r\n<li style=\"text-align: left;\">El Brasero de Don Pedro<\/li>\r\n \t<li style=\"text-align: left;\">Restaurante La Peralera<\/li>\r\n \t<li style=\"text-align: left;\">Restaurante Babia<\/li>\r\n \t<li style=\"text-align: left;\">Aynaelda<\/li>\r\n\r\n \t\r\n<\/ul><\/p>\n                          <\/div>\n\n            \n            <!-- END: Is DIV or LINK -->\n                                                    <\/a>\n                  \n\n        \n        <!-- START: Is DIV or LINK -->\n                                        <a class=\"item \"  data-theme=\"#f77193\" data-opacity=\"0.05\" href=\"https:\/\/www.google.com\/maps\/d\/u\/0\/viewer?mid=1wRLhwd8spIN4X7SV65LYhU-C3CSeC5M&#038;ll=40.420717431612765%2C-3.6654169544189408&#038;z=13\" target=\"_blank\">\n                      \n             <div class=\"image-wrapper\">                                           <\/div>\n            \n\n            <div class=\"content-wrapper\">\n              \n                              <p><ul>\r\n<li style=\"text-align: left;\">Aurum Fusion<\/li>\r\n \t<li style=\"text-align: left;\">Pikondo &#8211; Aluche<\/li>\r\n \t\r\n \t<li style=\"text-align: left;\">Pikon2 &#8211; Carabanchel<\/li>\r\n<li style=\"text-align: left;\">Hermanos Moreno Churreria<\/li>\r\n \t\r\n \t<li style=\"text-align: left;\">Charol\u00e9s Restaurante<\/li>\r\n \t<li style=\"text-align: left;\">Restaurante El Vallina<\/li>\r\n<li style=\"text-align: left;\">Restaurante Roma<\/li>\r\n \t<li style=\"text-align: left;\">Bienmesabe Pozas<\/li>\r\n \t<li style=\"text-align: left;\">Restaurante Bienmesabe Asura<\/li>\r\n \t<li style=\"text-align: left;\">Torcuato<\/li>\r\n \t<li style=\"text-align: left;\">Restaurante St James Juan Bravo<\/li>\r\n \t<li style=\"text-align: left;\">Le Club Sushita<\/li>\r\n \t<li style=\"text-align: left;\">Monsieur Sushita<\/li>\r\n \t\r\n \t\r\n<\/ul><\/p>\n                          <\/div>\n\n            \n            <!-- END: Is DIV or LINK -->\n                                                    <\/a>\n                  \n\n        \n        <!-- START: Is DIV or LINK -->\n                                        <a class=\"item \"  data-theme=\"#f77193\" data-opacity=\"0.05\" href=\"https:\/\/www.google.com\/maps\/d\/u\/0\/viewer?mid=1wRLhwd8spIN4X7SV65LYhU-C3CSeC5M&#038;ll=40.420717431612765%2C-3.6654169544189408&#038;z=13\" target=\"_blank\">\n                      \n             <div class=\"image-wrapper\">                                           <\/div>\n            \n\n            <div class=\"content-wrapper\">\n              \n                              <p><ul>\r\n<li style=\"text-align: left;\">Restaurante La Penela Velazquez<\/li>\r\n<li style=\"text-align: left;\">Cazorla<\/li>\r\n \t<li style=\"text-align: left;\">Cazorla<\/li>\r\n \t<li style=\"text-align: left;\">Restaurante Arturo&#8217;s Madrid<\/li>\r\n \t<li style=\"text-align: left;\">Mercado de la Reina<\/li>\r\n \t<li style=\"text-align: left;\">La Abulense Tradicional S.L.<\/li>\r\n \t<li style=\"text-align: left;\">Costimar<\/li>\r\n \t<li style=\"text-align: left;\">Xiada Pulpeira<\/li>\r\n \t<li style=\"text-align: left;\">Restaurante Maroma<\/li>\r\n<\/ul><\/p>\n                          <\/div>\n\n            \n            <!-- END: Is DIV or LINK -->\n                                                    <\/a>\n                  \n<\/div>\n<\/section>\n","protected":false},"excerpt":{"rendered":"","protected":false},"author":5,"featured_media":0,"parent":10670,"menu_order":0,"comment_status":"closed","ping_status":"closed","template":"","meta":{"inline_featured_image":false,"footnotes":""},"class_list":["post-10977","page","type-page","status-publish","hentry"],"acf":[],"yoast_head":"<!-- This site is optimized with the Yoast SEO plugin v26.2 - https:\/\/yoast.com\/wordpress\/plugins\/seo\/ -->\n<title>Restaurantes Plato Solidario AECC<\/title>\n<meta name=\"description\" content=\"Iniciativa PLV PUNTO DE VENTA AECC Un a\u00f1o m\u00e1s, queremos que los restaurantes puedan unirse a nuestra iniciativa solidaria y apoyar as\u00ed a los pacientes de c\u00e1ncer y sus familiares a trav\u00e9s de un plato solidario.\" \/>\n<meta name=\"robots\" content=\"index, follow, max-snippet:-1, max-image-preview:large, max-video-preview:-1\" \/>\n<link rel=\"canonical\" href=\"https:\/\/solandecabras.es\/en\/10-years-fighting-cancer\/aecc-solidarity-plate-restaurants\/\" \/>\n<meta property=\"og:locale\" content=\"en_US\" \/>\n<meta property=\"og:type\" content=\"article\" \/>\n<meta property=\"og:title\" content=\"Restaurantes Plato Solidario AECC\" \/>\n<meta property=\"og:description\" content=\"Iniciativa PLV PUNTO DE VENTA AECC Un a\u00f1o m\u00e1s, queremos que los restaurantes puedan unirse a nuestra iniciativa solidaria y apoyar as\u00ed a los pacientes de c\u00e1ncer y sus familiares a trav\u00e9s de un plato solidario.\" \/>\n<meta property=\"og:url\" content=\"https:\/\/solandecabras.es\/en\/10-years-fighting-cancer\/aecc-solidarity-plate-restaurants\/\" \/>\n<meta property=\"og:site_name\" content=\"Solan de Cabras\" \/>\n<meta property=\"article:publisher\" content=\"https:\/\/www.facebook.com\/solandecabras\" \/>\n<meta property=\"article:modified_time\" content=\"2024-03-04T15:17:35+00:00\" \/>\n<meta name=\"twitter:card\" content=\"summary_large_image\" \/>\n<meta name=\"twitter:site\" content=\"@Solan_de_Cabras\" \/>\n<script type=\"application\/ld+json\" class=\"yoast-schema-graph\">{\"@context\":\"https:\/\/schema.org\",\"@graph\":[{\"@type\":\"WebPage\",\"@id\":\"https:\/\/solandecabras.es\/en\/10-years-fighting-cancer\/aecc-solidarity-plate-restaurants\/\",\"url\":\"https:\/\/solandecabras.es\/en\/10-years-fighting-cancer\/aecc-solidarity-plate-restaurants\/\",\"name\":\"Restaurantes Plato Solidario AECC\",\"isPartOf\":{\"@id\":\"https:\/\/solandecabras.es\/en\/#website\"},\"datePublished\":\"2023-10-17T15:47:39+00:00\",\"dateModified\":\"2024-03-04T15:17:35+00:00\",\"description\":\"Iniciativa PLV PUNTO DE VENTA AECC Un a\u00f1o m\u00e1s, queremos que los restaurantes puedan unirse a nuestra iniciativa solidaria y apoyar as\u00ed a los pacientes de c\u00e1ncer y sus familiares a trav\u00e9s de un plato solidario.\",\"breadcrumb\":{\"@id\":\"https:\/\/solandecabras.es\/en\/10-years-fighting-cancer\/aecc-solidarity-plate-restaurants\/#breadcrumb\"},\"inLanguage\":\"en-US\",\"potentialAction\":[{\"@type\":\"ReadAction\",\"target\":[\"https:\/\/solandecabras.es\/en\/10-years-fighting-cancer\/aecc-solidarity-plate-restaurants\/\"]}]},{\"@type\":\"BreadcrumbList\",\"@id\":\"https:\/\/solandecabras.es\/en\/10-years-fighting-cancer\/aecc-solidarity-plate-restaurants\/#breadcrumb\",\"itemListElement\":[{\"@type\":\"ListItem\",\"position\":1,\"name\":\"10 years fighting cancer\",\"item\":\"https:\/\/solandecabras.es\/en\/10-years-fighting-cancer\/\"},{\"@type\":\"ListItem\",\"position\":2,\"name\":\"AECC Solidarity Plate Restaurants\"}]},{\"@type\":\"WebSite\",\"@id\":\"https:\/\/solandecabras.es\/en\/#website\",\"url\":\"https:\/\/solandecabras.es\/en\/\",\"name\":\"Solan de Cabras\",\"description\":\"Agua mineral Natural\",\"publisher\":{\"@id\":\"https:\/\/solandecabras.es\/en\/#organization\"},\"potentialAction\":[{\"@type\":\"SearchAction\",\"target\":{\"@type\":\"EntryPoint\",\"urlTemplate\":\"https:\/\/solandecabras.es\/en\/?s={search_term_string}\"},\"query-input\":{\"@type\":\"PropertyValueSpecification\",\"valueRequired\":true,\"valueName\":\"search_term_string\"}}],\"inLanguage\":\"en-US\"},{\"@type\":\"Organization\",\"@id\":\"https:\/\/solandecabras.es\/en\/#organization\",\"name\":\"Solan de Cabras\",\"url\":\"https:\/\/solandecabras.es\/en\/\",\"logo\":{\"@type\":\"ImageObject\",\"inLanguage\":\"en-US\",\"@id\":\"https:\/\/solandecabras.es\/en\/#\/schema\/logo\/image\/\",\"url\":\"https:\/\/solandecabras.es\/wp-content\/uploads\/2025\/07\/logoactual.svg\",\"contentUrl\":\"https:\/\/solandecabras.es\/wp-content\/uploads\/2025\/07\/logoactual.svg\",\"width\":\"1024\",\"height\":\"1024\",\"caption\":\"Solan de Cabras\"},\"image\":{\"@id\":\"https:\/\/solandecabras.es\/en\/#\/schema\/logo\/image\/\"},\"sameAs\":[\"https:\/\/www.facebook.com\/solandecabras\",\"https:\/\/x.com\/Solan_de_Cabras\",\"https:\/\/www.youtube.com\/user\/Solanenfoco\",\"https:\/\/www.instagram.com\/solandecabras\"]}]}<\/script>\n<!-- \/ Yoast SEO plugin. -->","yoast_head_json":{"title":"Restaurantes Plato Solidario AECC","description":"Iniciativa PLV PUNTO DE VENTA AECC Un a\u00f1o m\u00e1s, queremos que los restaurantes puedan unirse a nuestra iniciativa solidaria y apoyar as\u00ed a los pacientes de c\u00e1ncer y sus familiares a trav\u00e9s de un plato solidario.","robots":{"index":"index","follow":"follow","max-snippet":"max-snippet:-1","max-image-preview":"max-image-preview:large","max-video-preview":"max-video-preview:-1"},"canonical":"https:\/\/solandecabras.es\/en\/10-years-fighting-cancer\/aecc-solidarity-plate-restaurants\/","og_locale":"en_US","og_type":"article","og_title":"Restaurantes Plato Solidario AECC","og_description":"Iniciativa PLV PUNTO DE VENTA AECC Un a\u00f1o m\u00e1s, queremos que los restaurantes puedan unirse a nuestra iniciativa solidaria y apoyar as\u00ed a los pacientes de c\u00e1ncer y sus familiares a trav\u00e9s de un plato solidario.","og_url":"https:\/\/solandecabras.es\/en\/10-years-fighting-cancer\/aecc-solidarity-plate-restaurants\/","og_site_name":"Solan de Cabras","article_publisher":"https:\/\/www.facebook.com\/solandecabras","article_modified_time":"2024-03-04T15:17:35+00:00","twitter_card":"summary_large_image","twitter_site":"@Solan_de_Cabras","schema":{"@context":"https:\/\/schema.org","@graph":[{"@type":"WebPage","@id":"https:\/\/solandecabras.es\/en\/10-years-fighting-cancer\/aecc-solidarity-plate-restaurants\/","url":"https:\/\/solandecabras.es\/en\/10-years-fighting-cancer\/aecc-solidarity-plate-restaurants\/","name":"Restaurantes Plato Solidario AECC","isPartOf":{"@id":"https:\/\/solandecabras.es\/en\/#website"},"datePublished":"2023-10-17T15:47:39+00:00","dateModified":"2024-03-04T15:17:35+00:00","description":"Iniciativa PLV PUNTO DE VENTA AECC Un a\u00f1o m\u00e1s, queremos que los restaurantes puedan unirse a nuestra iniciativa solidaria y apoyar as\u00ed a los pacientes de c\u00e1ncer y sus familiares a trav\u00e9s de un plato solidario.","breadcrumb":{"@id":"https:\/\/solandecabras.es\/en\/10-years-fighting-cancer\/aecc-solidarity-plate-restaurants\/#breadcrumb"},"inLanguage":"en-US","potentialAction":[{"@type":"ReadAction","target":["https:\/\/solandecabras.es\/en\/10-years-fighting-cancer\/aecc-solidarity-plate-restaurants\/"]}]},{"@type":"BreadcrumbList","@id":"https:\/\/solandecabras.es\/en\/10-years-fighting-cancer\/aecc-solidarity-plate-restaurants\/#breadcrumb","itemListElement":[{"@type":"ListItem","position":1,"name":"10 years fighting cancer","item":"https:\/\/solandecabras.es\/en\/10-years-fighting-cancer\/"},{"@type":"ListItem","position":2,"name":"AECC Solidarity Plate Restaurants"}]},{"@type":"WebSite","@id":"https:\/\/solandecabras.es\/en\/#website","url":"https:\/\/solandecabras.es\/en\/","name":"Solan de Cabras","description":"Agua mineral Natural","publisher":{"@id":"https:\/\/solandecabras.es\/en\/#organization"},"potentialAction":[{"@type":"SearchAction","target":{"@type":"EntryPoint","urlTemplate":"https:\/\/solandecabras.es\/en\/?s={search_term_string}"},"query-input":{"@type":"PropertyValueSpecification","valueRequired":true,"valueName":"search_term_string"}}],"inLanguage":"en-US"},{"@type":"Organization","@id":"https:\/\/solandecabras.es\/en\/#organization","name":"Solan de Cabras","url":"https:\/\/solandecabras.es\/en\/","logo":{"@type":"ImageObject","inLanguage":"en-US","@id":"https:\/\/solandecabras.es\/en\/#\/schema\/logo\/image\/","url":"https:\/\/solandecabras.es\/wp-content\/uploads\/2025\/07\/logoactual.svg","contentUrl":"https:\/\/solandecabras.es\/wp-content\/uploads\/2025\/07\/logoactual.svg","width":"1024","height":"1024","caption":"Solan de Cabras"},"image":{"@id":"https:\/\/solandecabras.es\/en\/#\/schema\/logo\/image\/"},"sameAs":["https:\/\/www.facebook.com\/solandecabras","https:\/\/x.com\/Solan_de_Cabras","https:\/\/www.youtube.com\/user\/Solanenfoco","https:\/\/www.instagram.com\/solandecabras"]}]}},"_links":{"self":[{"href":"https:\/\/solandecabras.es\/en\/wp-json\/wp\/v2\/pages\/10977","targetHints":{"allow":["GET"]}}],"collection":[{"href":"https:\/\/solandecabras.es\/en\/wp-json\/wp\/v2\/pages"}],"about":[{"href":"https:\/\/solandecabras.es\/en\/wp-json\/wp\/v2\/types\/page"}],"author":[{"embeddable":true,"href":"https:\/\/solandecabras.es\/en\/wp-json\/wp\/v2\/users\/5"}],"replies":[{"embeddable":true,"href":"https:\/\/solandecabras.es\/en\/wp-json\/wp\/v2\/comments?post=10977"}],"version-history":[{"count":2,"href":"https:\/\/solandecabras.es\/en\/wp-json\/wp\/v2\/pages\/10977\/revisions"}],"predecessor-version":[{"id":10980,"href":"https:\/\/solandecabras.es\/en\/wp-json\/wp\/v2\/pages\/10977\/revisions\/10980"}],"up":[{"embeddable":true,"href":"https:\/\/solandecabras.es\/en\/wp-json\/wp\/v2\/pages\/10670"}],"wp:attachment":[{"href":"https:\/\/solandecabras.es\/en\/wp-json\/wp\/v2\/media?parent=10977"}],"curies":[{"name":"wp","href":"https:\/\/api.w.org\/{rel}","templated":true}]}}